{"id":7265,"date":"2014-04-04T14:51:57","date_gmt":"2014-04-04T12:51:57","guid":{"rendered":"http:\/\/eyebrowtracer.provahosting.it\/contatti-2\/"},"modified":"2022-11-20T16:39:04","modified_gmt":"2022-11-20T15:39:04","slug":"contacts","status":"publish","type":"page","link":"https:\/\/eyebrowtracer.com\/fr\/contacts\/","title":{"rendered":"Contacts"},"content":{"rendered":"<div class=\"av_gmaps_sc_main_wrap av_gmaps_main_wrap\"><div id='av_gmap_0' class='avia-google-map-container avia-google-map-sc av_gmaps_show_unconditionally av-no-fallback-img ' data-mapid='av_gmap_0'  style='height: 400px;'><a class=\"av_gmaps_browser_disabled av_text_confirm_link av_text_confirm_link_visible\" href=\"https:\/\/www.google.com\/maps\/search\/?api=1&#038;query=Viale%20dei%20tigli%207%20Salerno\" target=\"_blank\">Maps ont \u00e9t\u00e9 d\u00e9sactiv\u00e9s pour le visiteur de ce site.<\/a><\/div><\/div>\n<section class=\"av_textblock_section \"  itemscope=\"itemscope\" itemtype=\"https:\/\/schema.org\/CreativeWork\" ><div class='avia_textblock  '   itemprop=\"text\" ><h2 style=\"text-align: left;\">Pour plus d&rsquo;informations et de contacts<\/h2>\n<p>Pour plus d\u2019informations sur sourcils-traceur et pour le Cours contacter notre responsable de tel. <strong>+39 338 9084 332<\/strong> r\u00e9pondre:<\/p>\n<p>&#8211; du lundi au samedi da 9 \u00e0 13 et 14 \u00e0 19<\/p>\n<\/div><\/section>\n<div class=\"flex_column av_two_third  flex_column_div first  avia-builder-el-2  el_after_av_textblock  el_before_av_one_third  column-top-margin\" ><form action=\"https:\/\/eyebrowtracer.com\/fr\/contacts\/\" method=\"post\"  class=\"avia_ajax_form av-form-labels-visible   avia-builder-el-3  avia-builder-el-no-sibling   \" data-avia-form-id=\"1\" data-avia-redirect=''><fieldset><h3>Inviaci una mail compilando il form sottostante<\/h3><p class=' first_form  form_element form_fullwidth' id='element_avia_1_1'><label for=\"avia_1_1\">Nome <abbr class=\"required\" title=\"requis\">*<\/abbr><\/label> <input name=\"avia_1_1\" class=\"text_input is_empty\" type=\"text\" id=\"avia_1_1\" value=\"\" \/><\/p><p class=' first_form  form_element form_fullwidth' id='element_avia_2_1'><label for=\"avia_2_1\">E-Mail <abbr class=\"required\" title=\"requis\">*<\/abbr><\/label> <input name=\"avia_2_1\" class=\"text_input is_email\" type=\"text\" id=\"avia_2_1\" value=\"\" \/><\/p><p class=' first_form  form_element form_fullwidth' id='element_avia_3_1'><label for=\"avia_3_1\">Oggetto <abbr class=\"required\" title=\"requis\">*<\/abbr><\/label> <input name=\"avia_3_1\" class=\"text_input is_empty\" type=\"text\" id=\"avia_3_1\" value=\"\" \/><\/p><p class=' first_form  form_element form_fullwidth' id='element_avia_4_1'>\t <label for=\"avia_4_1\" class=\"textare_label hidden textare_label_avia_4_1\">Messaggio <abbr class=\"required\" title=\"requis\">*<\/abbr><\/label>\t <textarea  name=\"avia_4_1\" class=\"text_area is_empty\" cols=\"40\" rows=\"7\" id=\"avia_4_1\" ><\/textarea><\/p><p class=\"hidden\"><input type=\"text\" name=\"avia_5_1\" class=\"hidden \" id=\"avia_5_1\" value=\"\" \/><\/p><p class='' id='element_avia_6_1'>    <span class='value_verifier_label'>2 + 4 = ?<\/span>    <input name=\"avia_6_1_verifier\" type=\"hidden\" id=\"avia_6_1_verifier\" value=\"676666534\"\/><label for=\"avia_6_1\">Pour prouver que vous \u00eates un humain, donnez le r\u00e9sultat de cette simple op\u00e9ration <abbr class=\"required\" title=\"requis\">*<\/abbr><\/label>    <input name=\"avia_6_1\" class=\"text_input captcha\" type=\"text\" id=\"avia_6_1\" value=\"\"\/><\/p><p class=\"form_element \"><input type=\"hidden\" value=\"1\" name=\"avia_generated_form1\" \/><input type=\"submit\" value=\"Inviare\" class=\"button\"  data-sending-label=\"Envoi\"\/><\/p><\/fieldset><\/form><div id=\"ajaxresponse_1\" class=\"ajaxresponse ajaxresponse_1 hidden\"><\/div><\/div>\n<div class=\"flex_column av_one_third  flex_column_div av-zero-column-padding   avia-builder-el-4  el_after_av_two_third  avia-builder-el-last  column-top-margin\" style='border-radius:0px; '><\/div>\n","protected":false},"excerpt":{"rendered":"","protected":false},"author":2,"featured_media":0,"parent":0,"menu_order":0,"comment_status":"open","ping_status":"open","template":"","meta":{"footnotes":""},"class_list":["post-7265","page","type-page","status-publish","hentry"],"yoast_head":"<!-- This site is optimized with the Yoast SEO plugin v27.3 - https:\/\/yoast.com\/product\/yoast-seo-wordpress\/ -->\n<title>Contacts - Eyebrow Tracer<\/title>\n<meta name=\"description\" content=\"Pour plus d\u2019informations sur sourcils-traceur et pour le cours contacter notre responsable\" \/>\n<meta name=\"robots\" content=\"index, follow, max-snippet:-1, max-image-preview:large, max-video-preview:-1\" \/>\n<link rel=\"canonical\" href=\"https:\/\/eyebrowtracer.com\/fr\/contacts\/\" \/>\n<meta property=\"og:locale\" content=\"fr_FR\" \/>\n<meta property=\"og:type\" content=\"article\" \/>\n<meta property=\"og:title\" content=\"Contacts - Eyebrow Tracer\" \/>\n<meta property=\"og:description\" content=\"Pour plus d\u2019informations sur sourcils-traceur et pour le cours contacter notre responsable\" \/>\n<meta property=\"og:url\" content=\"https:\/\/eyebrowtracer.com\/fr\/contacts\/\" \/>\n<meta property=\"og:site_name\" content=\"Eyebrow Tracer\" \/>\n<meta property=\"article:modified_time\" content=\"2022-11-20T15:39:04+00:00\" \/>\n<meta name=\"twitter:label1\" content=\"Dur\u00e9e de lecture estim\u00e9e\" \/>\n\t<meta name=\"twitter:data1\" content=\"1 minute\" \/>\n<script type=\"application\/ld+json\" class=\"yoast-schema-graph\">{\"@context\":\"https:\\\/\\\/schema.org\",\"@graph\":[{\"@type\":\"WebPage\",\"@id\":\"https:\\\/\\\/eyebrowtracer.com\\\/fr\\\/contacts\\\/\",\"url\":\"https:\\\/\\\/eyebrowtracer.com\\\/fr\\\/contacts\\\/\",\"name\":\"Contacts - Eyebrow Tracer\",\"isPartOf\":{\"@id\":\"https:\\\/\\\/eyebrowtracer.com\\\/#website\"},\"datePublished\":\"2014-04-04T12:51:57+00:00\",\"dateModified\":\"2022-11-20T15:39:04+00:00\",\"description\":\"Pour plus d\u2019informations sur sourcils-traceur et pour le cours contacter notre responsable\",\"breadcrumb\":{\"@id\":\"https:\\\/\\\/eyebrowtracer.com\\\/fr\\\/contacts\\\/#breadcrumb\"},\"inLanguage\":\"fr-FR\",\"potentialAction\":[{\"@type\":\"ReadAction\",\"target\":[\"https:\\\/\\\/eyebrowtracer.com\\\/fr\\\/contacts\\\/\"]}]},{\"@type\":\"BreadcrumbList\",\"@id\":\"https:\\\/\\\/eyebrowtracer.com\\\/fr\\\/contacts\\\/#breadcrumb\",\"itemListElement\":[{\"@type\":\"ListItem\",\"position\":1,\"name\":\"Home\",\"item\":\"https:\\\/\\\/eyebrowtracer.com\\\/fr\\\/\"},{\"@type\":\"ListItem\",\"position\":2,\"name\":\"Contacts\"}]},{\"@type\":\"WebSite\",\"@id\":\"https:\\\/\\\/eyebrowtracer.com\\\/#website\",\"url\":\"https:\\\/\\\/eyebrowtracer.com\\\/\",\"name\":\"Eyebrow Tracer\",\"description\":\"Sopracciglia perfette in tre gesti\",\"potentialAction\":[{\"@type\":\"SearchAction\",\"target\":{\"@type\":\"EntryPoint\",\"urlTemplate\":\"https:\\\/\\\/eyebrowtracer.com\\\/?s={search_term_string}\"},\"query-input\":{\"@type\":\"PropertyValueSpecification\",\"valueRequired\":true,\"valueName\":\"search_term_string\"}}],\"inLanguage\":\"fr-FR\"}]}<\/script>\n<!-- \/ Yoast SEO plugin. -->","yoast_head_json":{"title":"Contacts - Eyebrow Tracer","description":"Pour plus d\u2019informations sur sourcils-traceur et pour le cours contacter notre responsable","robots":{"index":"index","follow":"follow","max-snippet":"max-snippet:-1","max-image-preview":"max-image-preview:large","max-video-preview":"max-video-preview:-1"},"canonical":"https:\/\/eyebrowtracer.com\/fr\/contacts\/","og_locale":"fr_FR","og_type":"article","og_title":"Contacts - Eyebrow Tracer","og_description":"Pour plus d\u2019informations sur sourcils-traceur et pour le cours contacter notre responsable","og_url":"https:\/\/eyebrowtracer.com\/fr\/contacts\/","og_site_name":"Eyebrow Tracer","article_modified_time":"2022-11-20T15:39:04+00:00","twitter_misc":{"Dur\u00e9e de lecture estim\u00e9e":"1 minute"},"schema":{"@context":"https:\/\/schema.org","@graph":[{"@type":"WebPage","@id":"https:\/\/eyebrowtracer.com\/fr\/contacts\/","url":"https:\/\/eyebrowtracer.com\/fr\/contacts\/","name":"Contacts - Eyebrow Tracer","isPartOf":{"@id":"https:\/\/eyebrowtracer.com\/#website"},"datePublished":"2014-04-04T12:51:57+00:00","dateModified":"2022-11-20T15:39:04+00:00","description":"Pour plus d\u2019informations sur sourcils-traceur et pour le cours contacter notre responsable","breadcrumb":{"@id":"https:\/\/eyebrowtracer.com\/fr\/contacts\/#breadcrumb"},"inLanguage":"fr-FR","potentialAction":[{"@type":"ReadAction","target":["https:\/\/eyebrowtracer.com\/fr\/contacts\/"]}]},{"@type":"BreadcrumbList","@id":"https:\/\/eyebrowtracer.com\/fr\/contacts\/#breadcrumb","itemListElement":[{"@type":"ListItem","position":1,"name":"Home","item":"https:\/\/eyebrowtracer.com\/fr\/"},{"@type":"ListItem","position":2,"name":"Contacts"}]},{"@type":"WebSite","@id":"https:\/\/eyebrowtracer.com\/#website","url":"https:\/\/eyebrowtracer.com\/","name":"Eyebrow Tracer","description":"Sopracciglia perfette in tre gesti","potentialAction":[{"@type":"SearchAction","target":{"@type":"EntryPoint","urlTemplate":"https:\/\/eyebrowtracer.com\/?s={search_term_string}"},"query-input":{"@type":"PropertyValueSpecification","valueRequired":true,"valueName":"search_term_string"}}],"inLanguage":"fr-FR"}]}},"_links":{"self":[{"href":"https:\/\/eyebrowtracer.com\/fr\/wp-json\/wp\/v2\/pages\/7265","targetHints":{"allow":["GET"]}}],"collection":[{"href":"https:\/\/eyebrowtracer.com\/fr\/wp-json\/wp\/v2\/pages"}],"about":[{"href":"https:\/\/eyebrowtracer.com\/fr\/wp-json\/wp\/v2\/types\/page"}],"author":[{"embeddable":true,"href":"https:\/\/eyebrowtracer.com\/fr\/wp-json\/wp\/v2\/users\/2"}],"replies":[{"embeddable":true,"href":"https:\/\/eyebrowtracer.com\/fr\/wp-json\/wp\/v2\/comments?post=7265"}],"version-history":[{"count":9,"href":"https:\/\/eyebrowtracer.com\/fr\/wp-json\/wp\/v2\/pages\/7265\/revisions"}],"predecessor-version":[{"id":9311,"href":"https:\/\/eyebrowtracer.com\/fr\/wp-json\/wp\/v2\/pages\/7265\/revisions\/9311"}],"wp:attachment":[{"href":"https:\/\/eyebrowtracer.com\/fr\/wp-json\/wp\/v2\/media?parent=7265"}],"curies":[{"name":"wp","href":"https:\/\/api.w.org\/{rel}","templated":true}]}}