{"id":7253,"date":"2014-04-04T14:51:38","date_gmt":"2014-04-04T12:51:38","guid":{"rendered":"http:\/\/eyebrowtracer.provahosting.it\/come-tracciare-il-sopracciglio-corretto-2\/"},"modified":"2022-11-20T16:38:26","modified_gmt":"2022-11-20T15:38:26","slug":"comme-dessiner-la-bonnes-sourcils","status":"publish","type":"page","link":"https:\/\/eyebrowtracer.com\/fr\/comme-dessiner-la-bonnes-sourcils\/","title":{"rendered":"Comme dessiner la bonnes sourcils"},"content":{"rendered":"<div id='layer_slider_1' class='avia-layerslider main_color avia-shadow  avia-builder-el-0  el_before_av_textblock  avia-builder-el-first  container_wrap sidebar_right' style='  height: 151px;' ><\/div><div id='after_layer_slider_1' class='main_color av_default_container_wrap container_wrap sidebar_right' style=' '  ><div class='container' ><div class='template-page content  av-content-small alpha units'><div class='post-entry post-entry-type-page post-entry-7253'><div class='entry-content-wrapper clearfix'>\n<section class=\"av_textblock_section \"  itemscope=\"itemscope\" itemtype=\"https:\/\/schema.org\/CreativeWork\" ><div class='avia_textblock  '   itemprop=\"text\" ><h3>Le m\u00e9thodes de suivi du sourcil<\/h3>\n<p>Il y a plusieurs fa\u00e7on de localiser la conception correcte de sourcil.<br \/>\nQui utilise L\u2019EBT tracer \u00e9lime les erreurs et augmente la vitesse de tirer le bon sourcil ci-dessous vous pouvez voir comment il est capable de d\u00e9terminer le point de d\u00e9part, fin et la hauteur maximale du sourcil-quelque soit la type de la face avec <strong>seulement trois moviments des mains<\/strong>.<\/p>\n<\/div><\/section>\n<div  class='hr hr-short hr-center   avia-builder-el-2  el_after_av_textblock  el_before_av_one_third '><span class='hr-inner ' ><span class='hr-inner-style'><\/span><\/span><\/div>\n<div class=\"flex_column av_one_third  flex_column_div first  avia-builder-el-3  el_after_av_hr  el_before_av_one_third  \" ><section class=\"av_textblock_section \"  itemscope=\"itemscope\" itemtype=\"https:\/\/schema.org\/CreativeWork\" ><div class='avia_textblock  '   itemprop=\"text\" ><h3><a href=\"https:\/\/eyebrowtracer.com\/wp-content\/uploads\/2014\/04\/step1-130x300.jpg\"><img loading=\"lazy\" decoding=\"async\" class=\"size-medium wp-image-7254 alignleft\" src=\"https:\/\/eyebrowtracer.com\/wp-content\/uploads\/2014\/04\/step1-130x300.jpg\" alt=\"\" width=\"130\" height=\"300\" srcset=\"https:\/\/eyebrowtracer.com\/wp-content\/uploads\/2014\/04\/step1-130x300.jpg 130w, https:\/\/eyebrowtracer.com\/wp-content\/uploads\/2014\/04\/step1-600x1382.jpg 600w, https:\/\/eyebrowtracer.com\/wp-content\/uploads\/2014\/04\/step1-447x1030.jpg 447w, https:\/\/eyebrowtracer.com\/wp-content\/uploads\/2014\/04\/step1-651x1500.jpg 651w, https:\/\/eyebrowtracer.com\/wp-content\/uploads\/2014\/04\/step1-306x705.jpg 306w, https:\/\/eyebrowtracer.com\/wp-content\/uploads\/2014\/04\/step1-433x999.jpg 433w, https:\/\/eyebrowtracer.com\/wp-content\/uploads\/2014\/04\/step1.jpg 813w\" sizes=\"auto, (max-width: 130px) 100vw, 130px\" \/><\/a>Point de d\u00e9par<\/h3>\n<p>Repos l\u2019EBT a la face \u00e0 coincider la partie de la prise en main sup\u00e9rieure a l\u2019une des deux ailes du nez, de sorte que la tige A pour les \u00e9tapes coin interne sur le coin interne de l\u2019oeil pour d\u00e9barrasser a cot\u00e9,caract\u00e9ris\u00e9e par l\u2019exact couper des sourcils naturel du sujet.<br \/>\nSeulement de cette maniere,nous avons identifi\u00e8 le point de d\u00e9part de conception sourcil droit<\/p>\n<\/div><\/section><\/div>\n<div class=\"flex_column av_one_third  flex_column_div av-zero-column-padding   avia-builder-el-5  el_after_av_one_third  el_before_av_one_third  \" style='border-radius:0px; '><section class=\"av_textblock_section \"  itemscope=\"itemscope\" itemtype=\"https:\/\/schema.org\/CreativeWork\" ><div class='avia_textblock  '   itemprop=\"text\" ><h3><a href=\"https:\/\/eyebrowtracer.com\/wp-content\/uploads\/2014\/04\/step2-130x300.jpg\"><img loading=\"lazy\" decoding=\"async\" class=\"size-medium wp-image-7255 alignleft\" src=\"https:\/\/eyebrowtracer.com\/wp-content\/uploads\/2014\/04\/step2-130x300.jpg\" alt=\"\" width=\"130\" height=\"300\" srcset=\"https:\/\/eyebrowtracer.com\/wp-content\/uploads\/2014\/04\/step2-130x300.jpg 130w, https:\/\/eyebrowtracer.com\/wp-content\/uploads\/2014\/04\/step2-600x1382.jpg 600w, https:\/\/eyebrowtracer.com\/wp-content\/uploads\/2014\/04\/step2-447x1030.jpg 447w, https:\/\/eyebrowtracer.com\/wp-content\/uploads\/2014\/04\/step2-651x1500.jpg 651w, https:\/\/eyebrowtracer.com\/wp-content\/uploads\/2014\/04\/step2-306x705.jpg 306w, https:\/\/eyebrowtracer.com\/wp-content\/uploads\/2014\/04\/step2-433x999.jpg 433w, https:\/\/eyebrowtracer.com\/wp-content\/uploads\/2014\/04\/step2.jpg 813w\" sizes=\"auto, (max-width: 130px) 100vw, 130px\" \/><\/a>Le point dei fin<\/h3>\n<p>Sans d\u00e9placer de la position initiale pour faire tourner la tige B \u00e0 aligner son cot\u00e9 le ballon o (dot) avec le coin ext\u00e9rieur de l\u2019oeil. Lorsque la tige B croiser la ligne naturelle des sourcils du sujet, nous avons identifi\u00e9 le point de conception sourcil droit d\u2019extr\u00e9mit\u00e9.<\/p>\n<p>Prendre la tige B croiser la ligne naturelle des sourcils du sujet, nous avons identifi\u00e9 le point de la conception sourcil droit d\u2019extr\u00e9mit\u00e9<\/p>\n<\/div><\/section><\/div>\n<div class=\"flex_column av_one_third  flex_column_div av-zero-column-padding   avia-builder-el-7  el_after_av_one_third  el_before_av_one_third  \" style='border-radius:0px; '><section class=\"av_textblock_section \"  itemscope=\"itemscope\" itemtype=\"https:\/\/schema.org\/CreativeWork\" ><div class='avia_textblock  '   itemprop=\"text\" ><h3><a href=\"https:\/\/eyebrowtracer.com\/wp-content\/uploads\/2014\/04\/step3-130x300.jpg\"><img loading=\"lazy\" decoding=\"async\" class=\"size-medium wp-image-7256 alignleft\" src=\"https:\/\/eyebrowtracer.com\/wp-content\/uploads\/2014\/04\/step3-130x300.jpg\" alt=\"\" width=\"130\" height=\"300\" srcset=\"https:\/\/eyebrowtracer.com\/wp-content\/uploads\/2014\/04\/step3-130x300.jpg 130w, https:\/\/eyebrowtracer.com\/wp-content\/uploads\/2014\/04\/step3-600x1382.jpg 600w, https:\/\/eyebrowtracer.com\/wp-content\/uploads\/2014\/04\/step3-447x1030.jpg 447w, https:\/\/eyebrowtracer.com\/wp-content\/uploads\/2014\/04\/step3-651x1500.jpg 651w, https:\/\/eyebrowtracer.com\/wp-content\/uploads\/2014\/04\/step3-306x705.jpg 306w, https:\/\/eyebrowtracer.com\/wp-content\/uploads\/2014\/04\/step3-433x999.jpg 433w, https:\/\/eyebrowtracer.com\/wp-content\/uploads\/2014\/04\/step3.jpg 813w\" sizes=\"auto, (max-width: 130px) 100vw, 130px\" \/><\/a>Le point de hauteur maximale<\/h3>\n<p>Traduire vers le bas la tige A en vente aux ench\u00e8res a coincer avec l\u2019extr\u00e9mit\u00e9 sup\u00e9rieur de la racine des schevaux &#8211; tourner la tige C \u00e0 aligner la balle marqu\u00e9e par le lobe de l\u2019oreille suspendu sa main &#8211; on la tige C croiser la ligne naturelle des sourcils du sujet nous avons identifi\u00e9 le point de conception d\u2019hauteur maxime du correct droit des sourcils<\/p>\n<\/div><\/section><\/div>\n<div class=\"flex_column av_one_third  flex_column_div first  avia-builder-el-9  el_after_av_one_third  el_before_av_one_third  column-top-margin\" ><div class='avia-button-wrap avia-button-center  avia-builder-el-10  avia-builder-el-no-sibling  '><a href='https:\/\/eyebrowtracer.com\/fr\/le-video\/'  class='avia-button   avia-icon_select-no avia-color-theme-color avia-size-large avia-position-center '   ><span class='avia_iconbox_title' >Regard le vid\u00e9o<\/span><\/a><\/div><\/div>\n<div class=\"flex_column av_one_third  flex_column_div av-zero-column-padding   avia-builder-el-11  el_after_av_one_third  el_before_av_one_third  column-top-margin\" style='border-radius:0px; '><div class='avia-button-wrap avia-button-center  avia-builder-el-12  avia-builder-el-no-sibling  '><a href='https:\/\/eyebrowtracer.com\/fr\/l-instrument\/'  class='avia-button   avia-icon_select-no avia-color-theme-color avia-size-large avia-position-center '   ><span class='avia_iconbox_title' >L\u2019instrument<\/span><\/a><\/div><\/div>\n<div class=\"flex_column av_one_third  flex_column_div av-zero-column-padding   avia-builder-el-13  el_after_av_one_third  avia-builder-el-last  column-top-margin\" style='border-radius:0px; '><div class='avia-button-wrap avia-button-center  avia-builder-el-14  avia-builder-el-no-sibling '><a href='https:\/\/eyebrowtracer.com\/fr\/le-cours-des-eyebrow-tracer\/'  class='avia-button   avia-icon_select-no avia-color-theme-color avia-size-large avia-position-center '   ><span class='avia_iconbox_title' >Le cours<\/span><\/a><\/div><\/div>\n","protected":false},"excerpt":{"rendered":"","protected":false},"author":2,"featured_media":0,"parent":0,"menu_order":0,"comment_status":"open","ping_status":"open","template":"","meta":{"footnotes":""},"class_list":["post-7253","page","type-page","status-publish","hentry"],"yoast_head":"<!-- This site is optimized with the Yoast SEO plugin v27.3 - https:\/\/yoast.com\/product\/yoast-seo-wordpress\/ -->\n<title>Comme dessiner la bonnes sourcils - Eyebrow Tracer<\/title>\n<meta name=\"description\" content=\"Il ne faut trois simples mouvements de la main pour tracer le dissen correct du sourcil. Le point de d\u00e9part, le point d\u2019arriv\u00e9e et le point de hauteur maximale sont \u00e0 port\u00e9e de main.\" \/>\n<meta name=\"robots\" content=\"index, follow, max-snippet:-1, max-image-preview:large, max-video-preview:-1\" \/>\n<link rel=\"canonical\" href=\"https:\/\/eyebrowtracer.com\/fr\/comme-dessiner-la-bonnes-sourcils\/\" \/>\n<meta property=\"og:locale\" content=\"fr_FR\" \/>\n<meta property=\"og:type\" content=\"article\" \/>\n<meta property=\"og:title\" content=\"Comme dessiner la bonnes sourcils - Eyebrow Tracer\" \/>\n<meta property=\"og:description\" content=\"Il ne faut trois simples mouvements de la main pour tracer le dissen correct du sourcil. Le point de d\u00e9part, le point d\u2019arriv\u00e9e et le point de hauteur maximale sont \u00e0 port\u00e9e de main.\" \/>\n<meta property=\"og:url\" content=\"https:\/\/eyebrowtracer.com\/fr\/comme-dessiner-la-bonnes-sourcils\/\" \/>\n<meta property=\"og:site_name\" content=\"Eyebrow Tracer\" \/>\n<meta property=\"article:modified_time\" content=\"2022-11-20T15:38:26+00:00\" \/>\n<meta name=\"twitter:label1\" content=\"Dur\u00e9e de lecture estim\u00e9e\" \/>\n\t<meta name=\"twitter:data1\" content=\"4 minutes\" \/>\n<script type=\"application\/ld+json\" class=\"yoast-schema-graph\">{\"@context\":\"https:\\\/\\\/schema.org\",\"@graph\":[{\"@type\":\"WebPage\",\"@id\":\"https:\\\/\\\/eyebrowtracer.com\\\/fr\\\/comme-dessiner-la-bonnes-sourcils\\\/\",\"url\":\"https:\\\/\\\/eyebrowtracer.com\\\/fr\\\/comme-dessiner-la-bonnes-sourcils\\\/\",\"name\":\"Comme dessiner la bonnes sourcils - Eyebrow Tracer\",\"isPartOf\":{\"@id\":\"https:\\\/\\\/eyebrowtracer.com\\\/#website\"},\"primaryImageOfPage\":{\"@id\":\"https:\\\/\\\/eyebrowtracer.com\\\/fr\\\/comme-dessiner-la-bonnes-sourcils\\\/#primaryimage\"},\"image\":{\"@id\":\"https:\\\/\\\/eyebrowtracer.com\\\/fr\\\/comme-dessiner-la-bonnes-sourcils\\\/#primaryimage\"},\"thumbnailUrl\":\"https:\\\/\\\/eyebrowtracer.com\\\/wp-content\\\/uploads\\\/2014\\\/04\\\/step1-130x300.jpg\",\"datePublished\":\"2014-04-04T12:51:38+00:00\",\"dateModified\":\"2022-11-20T15:38:26+00:00\",\"description\":\"Il ne faut trois simples mouvements de la main pour tracer le dissen correct du sourcil. Le point de d\u00e9part, le point d\u2019arriv\u00e9e et le point de hauteur maximale sont \u00e0 port\u00e9e de main.\",\"breadcrumb\":{\"@id\":\"https:\\\/\\\/eyebrowtracer.com\\\/fr\\\/comme-dessiner-la-bonnes-sourcils\\\/#breadcrumb\"},\"inLanguage\":\"fr-FR\",\"potentialAction\":[{\"@type\":\"ReadAction\",\"target\":[\"https:\\\/\\\/eyebrowtracer.com\\\/fr\\\/comme-dessiner-la-bonnes-sourcils\\\/\"]}]},{\"@type\":\"ImageObject\",\"inLanguage\":\"fr-FR\",\"@id\":\"https:\\\/\\\/eyebrowtracer.com\\\/fr\\\/comme-dessiner-la-bonnes-sourcils\\\/#primaryimage\",\"url\":\"https:\\\/\\\/eyebrowtracer.com\\\/wp-content\\\/uploads\\\/2014\\\/04\\\/step1-130x300.jpg\",\"contentUrl\":\"https:\\\/\\\/eyebrowtracer.com\\\/wp-content\\\/uploads\\\/2014\\\/04\\\/step1-130x300.jpg\"},{\"@type\":\"BreadcrumbList\",\"@id\":\"https:\\\/\\\/eyebrowtracer.com\\\/fr\\\/comme-dessiner-la-bonnes-sourcils\\\/#breadcrumb\",\"itemListElement\":[{\"@type\":\"ListItem\",\"position\":1,\"name\":\"Home\",\"item\":\"https:\\\/\\\/eyebrowtracer.com\\\/fr\\\/\"},{\"@type\":\"ListItem\",\"position\":2,\"name\":\"Comme dessiner la bonnes sourcils\"}]},{\"@type\":\"WebSite\",\"@id\":\"https:\\\/\\\/eyebrowtracer.com\\\/#website\",\"url\":\"https:\\\/\\\/eyebrowtracer.com\\\/\",\"name\":\"Eyebrow Tracer\",\"description\":\"Sopracciglia perfette in tre gesti\",\"potentialAction\":[{\"@type\":\"SearchAction\",\"target\":{\"@type\":\"EntryPoint\",\"urlTemplate\":\"https:\\\/\\\/eyebrowtracer.com\\\/?s={search_term_string}\"},\"query-input\":{\"@type\":\"PropertyValueSpecification\",\"valueRequired\":true,\"valueName\":\"search_term_string\"}}],\"inLanguage\":\"fr-FR\"}]}<\/script>\n<!-- \/ Yoast SEO plugin. -->","yoast_head_json":{"title":"Comme dessiner la bonnes sourcils - Eyebrow Tracer","description":"Il ne faut trois simples mouvements de la main pour tracer le dissen correct du sourcil. Le point de d\u00e9part, le point d\u2019arriv\u00e9e et le point de hauteur maximale sont \u00e0 port\u00e9e de main.","robots":{"index":"index","follow":"follow","max-snippet":"max-snippet:-1","max-image-preview":"max-image-preview:large","max-video-preview":"max-video-preview:-1"},"canonical":"https:\/\/eyebrowtracer.com\/fr\/comme-dessiner-la-bonnes-sourcils\/","og_locale":"fr_FR","og_type":"article","og_title":"Comme dessiner la bonnes sourcils - Eyebrow Tracer","og_description":"Il ne faut trois simples mouvements de la main pour tracer le dissen correct du sourcil. Le point de d\u00e9part, le point d\u2019arriv\u00e9e et le point de hauteur maximale sont \u00e0 port\u00e9e de main.","og_url":"https:\/\/eyebrowtracer.com\/fr\/comme-dessiner-la-bonnes-sourcils\/","og_site_name":"Eyebrow Tracer","article_modified_time":"2022-11-20T15:38:26+00:00","twitter_misc":{"Dur\u00e9e de lecture estim\u00e9e":"4 minutes"},"schema":{"@context":"https:\/\/schema.org","@graph":[{"@type":"WebPage","@id":"https:\/\/eyebrowtracer.com\/fr\/comme-dessiner-la-bonnes-sourcils\/","url":"https:\/\/eyebrowtracer.com\/fr\/comme-dessiner-la-bonnes-sourcils\/","name":"Comme dessiner la bonnes sourcils - Eyebrow Tracer","isPartOf":{"@id":"https:\/\/eyebrowtracer.com\/#website"},"primaryImageOfPage":{"@id":"https:\/\/eyebrowtracer.com\/fr\/comme-dessiner-la-bonnes-sourcils\/#primaryimage"},"image":{"@id":"https:\/\/eyebrowtracer.com\/fr\/comme-dessiner-la-bonnes-sourcils\/#primaryimage"},"thumbnailUrl":"https:\/\/eyebrowtracer.com\/wp-content\/uploads\/2014\/04\/step1-130x300.jpg","datePublished":"2014-04-04T12:51:38+00:00","dateModified":"2022-11-20T15:38:26+00:00","description":"Il ne faut trois simples mouvements de la main pour tracer le dissen correct du sourcil. Le point de d\u00e9part, le point d\u2019arriv\u00e9e et le point de hauteur maximale sont \u00e0 port\u00e9e de main.","breadcrumb":{"@id":"https:\/\/eyebrowtracer.com\/fr\/comme-dessiner-la-bonnes-sourcils\/#breadcrumb"},"inLanguage":"fr-FR","potentialAction":[{"@type":"ReadAction","target":["https:\/\/eyebrowtracer.com\/fr\/comme-dessiner-la-bonnes-sourcils\/"]}]},{"@type":"ImageObject","inLanguage":"fr-FR","@id":"https:\/\/eyebrowtracer.com\/fr\/comme-dessiner-la-bonnes-sourcils\/#primaryimage","url":"https:\/\/eyebrowtracer.com\/wp-content\/uploads\/2014\/04\/step1-130x300.jpg","contentUrl":"https:\/\/eyebrowtracer.com\/wp-content\/uploads\/2014\/04\/step1-130x300.jpg"},{"@type":"BreadcrumbList","@id":"https:\/\/eyebrowtracer.com\/fr\/comme-dessiner-la-bonnes-sourcils\/#breadcrumb","itemListElement":[{"@type":"ListItem","position":1,"name":"Home","item":"https:\/\/eyebrowtracer.com\/fr\/"},{"@type":"ListItem","position":2,"name":"Comme dessiner la bonnes sourcils"}]},{"@type":"WebSite","@id":"https:\/\/eyebrowtracer.com\/#website","url":"https:\/\/eyebrowtracer.com\/","name":"Eyebrow Tracer","description":"Sopracciglia perfette in tre gesti","potentialAction":[{"@type":"SearchAction","target":{"@type":"EntryPoint","urlTemplate":"https:\/\/eyebrowtracer.com\/?s={search_term_string}"},"query-input":{"@type":"PropertyValueSpecification","valueRequired":true,"valueName":"search_term_string"}}],"inLanguage":"fr-FR"}]}},"_links":{"self":[{"href":"https:\/\/eyebrowtracer.com\/fr\/wp-json\/wp\/v2\/pages\/7253","targetHints":{"allow":["GET"]}}],"collection":[{"href":"https:\/\/eyebrowtracer.com\/fr\/wp-json\/wp\/v2\/pages"}],"about":[{"href":"https:\/\/eyebrowtracer.com\/fr\/wp-json\/wp\/v2\/types\/page"}],"author":[{"embeddable":true,"href":"https:\/\/eyebrowtracer.com\/fr\/wp-json\/wp\/v2\/users\/2"}],"replies":[{"embeddable":true,"href":"https:\/\/eyebrowtracer.com\/fr\/wp-json\/wp\/v2\/comments?post=7253"}],"version-history":[{"count":13,"href":"https:\/\/eyebrowtracer.com\/fr\/wp-json\/wp\/v2\/pages\/7253\/revisions"}],"predecessor-version":[{"id":9309,"href":"https:\/\/eyebrowtracer.com\/fr\/wp-json\/wp\/v2\/pages\/7253\/revisions\/9309"}],"wp:attachment":[{"href":"https:\/\/eyebrowtracer.com\/fr\/wp-json\/wp\/v2\/media?parent=7253"}],"curies":[{"name":"wp","href":"https:\/\/api.w.org\/{rel}","templated":true}]}}