{"id":7243,"date":"2014-04-04T14:52:07","date_gmt":"2014-04-04T12:52:07","guid":{"rendered":"http:\/\/eyebrowtracer.provahosting.it\/il-corso-di-eyebrow-tracer-2\/"},"modified":"2022-11-20T11:44:13","modified_gmt":"2022-11-20T10:44:13","slug":"le-cours-des-eyebrow-tracer","status":"publish","type":"page","link":"https:\/\/eyebrowtracer.com\/fr\/le-cours-des-eyebrow-tracer\/","title":{"rendered":"Le cours des Eyebrow Tracer"},"content":{"rendered":"<section class=\"av_textblock_section \"  itemscope=\"itemscope\" itemtype=\"https:\/\/schema.org\/CreativeWork\" ><div class='avia_textblock  '   itemprop=\"text\" ><p><script type=\"text\/javascript\"> function get_style5201 () { return \"none\"; } function end5201_ () { document.getElementById('bombay5201').style.display = get_style5201(); } <\/script><\/p>\n<\/div><\/section>\n<\/div><\/div><\/div><!-- close content main div --><\/div><\/div><div id='layer_slider_1' class='avia-layerslider main_color avia-shadow  avia-builder-el-1  el_after_av_textblock  el_before_av_textblock  slider-not-first container_wrap sidebar_right' style='  height: 151px;' ><\/div><div id='after_layer_slider_1' class='main_color av_default_container_wrap container_wrap sidebar_right' style=' '  ><div class='container' ><div class='template-page content  av-content-small alpha units'><div class='post-entry post-entry-type-page post-entry-7243'><div class='entry-content-wrapper clearfix'>\n<section class=\"av_textblock_section \"  itemscope=\"itemscope\" itemtype=\"https:\/\/schema.org\/CreativeWork\" ><div class='avia_textblock  '   itemprop=\"text\" ><h3><a href=\"https:\/\/eyebrowtracer.com\/wp-content\/uploads\/2014\/04\/corso-300x300.jpg\"><img loading=\"lazy\" decoding=\"async\" class=\"size-medium wp-image-7244 alignleft\" src=\"https:\/\/eyebrowtracer.com\/wp-content\/uploads\/2014\/04\/corso-300x300.jpg\" alt=\"\" width=\"300\" height=\"300\" srcset=\"https:\/\/eyebrowtracer.com\/wp-content\/uploads\/2014\/04\/corso-300x300.jpg 300w, https:\/\/eyebrowtracer.com\/wp-content\/uploads\/2014\/04\/corso-100x100.jpg 100w, https:\/\/eyebrowtracer.com\/wp-content\/uploads\/2014\/04\/corso-80x80.jpg 80w, https:\/\/eyebrowtracer.com\/wp-content\/uploads\/2014\/04\/corso-36x36.jpg 36w, https:\/\/eyebrowtracer.com\/wp-content\/uploads\/2014\/04\/corso-180x180.jpg 180w, https:\/\/eyebrowtracer.com\/wp-content\/uploads\/2014\/04\/corso-120x120.jpg 120w, https:\/\/eyebrowtracer.com\/wp-content\/uploads\/2014\/04\/corso.jpg 450w\" sizes=\"auto, (max-width: 300px) 100vw, 300px\" \/><\/a>Pourquoi prendre un cours d\u2019Eyebrow Tracer?<\/h3>\n<p>Il se adresse \u00e0 tous besoin d\u2019apprendre comment g\u00e9rer ces \u00e9lements difficiles du visage comme les sourcils et de faire partie des sp\u00e9cialistes de la visage.<br \/>\nDe quelques recherches il est entendu l\u2019enorme importance des sourcils. Juste un petit erreur, car un visage perd de l\u2019harmonie et de changement d\u2019espressione, cet cours permettre non seulement d\u2019etre conscient de tout ce qu\u2019un professionnel doit connaitre sur les sourcils,mais dans le mame temps d\u2019elergir votre culture prennent en particulier pour pouvoir r\u00e9pondre toutes les demandes des clients qui sont de plus en plus exigeants.<\/p>\n<\/div><\/section>\n<div class=\"flex_column av_one_third  flex_column_div first  avia-builder-el-3  el_after_av_textblock  el_before_av_one_third  column-top-margin\" ><div class='avia-button-wrap avia-button-center  avia-builder-el-4  avia-builder-el-no-sibling  '><a href='https:\/\/eyebrowtracer.com\/fr\/le-video\/'  class='avia-button   avia-icon_select-no avia-color-theme-color avia-size-large avia-position-center '   ><span class='avia_iconbox_title' >Regard le vid\u00e9o<\/span><\/a><\/div><\/div><div class=\"flex_column av_one_third  flex_column_div av-zero-column-padding   avia-builder-el-5  el_after_av_one_third  el_before_av_one_third  column-top-margin\" style='border-radius:0px; '><div class='avia-button-wrap avia-button-center  avia-builder-el-6  avia-builder-el-no-sibling '><a href='https:\/\/eyebrowtracer.com\/fr\/comme-dessiner-la-bonnes-sourcils\/'  class='avia-button   avia-icon_select-no avia-color-theme-color avia-size-large avia-position-center '   ><span class='avia_iconbox_title' >Lisez les instructions<\/span><\/a><\/div><\/div><\/p>\n<div class=\"flex_column av_one_third  flex_column_div av-zero-column-padding   avia-builder-el-7  el_after_av_one_third  avia-builder-el-last  column-top-margin\" style='border-radius:0px; '><div class='avia-button-wrap avia-button-center  avia-builder-el-8  avia-builder-el-no-sibling '><a href='https:\/\/eyebrowtracer.com\/fr\/l-instrument\/'  class='avia-button   avia-icon_select-no avia-color-theme-color avia-size-large avia-position-center '   ><span class='avia_iconbox_title' >L\u2019instrument<\/span><\/a><\/div><\/div>\n","protected":false},"excerpt":{"rendered":"","protected":false},"author":2,"featured_media":0,"parent":0,"menu_order":0,"comment_status":"open","ping_status":"open","template":"","meta":{"footnotes":""},"class_list":["post-7243","page","type-page","status-publish","hentry"],"yoast_head":"<!-- This site is optimized with the Yoast SEO plugin v27.3 - https:\/\/yoast.com\/product\/yoast-seo-wordpress\/ -->\n<title>Le cours des Eyebrow Tracer - Eyebrow Tracer<\/title>\n<meta name=\"description\" content=\"Si vous voulez devenir un traceur parfait de front sourcils abonner au cours se traceur, vous allez apprendre \u00e0 g\u00e9rer un Tel \u00e9l\u00e9ment complexe en autonomie\" \/>\n<meta name=\"robots\" content=\"index, follow, max-snippet:-1, max-image-preview:large, max-video-preview:-1\" \/>\n<link rel=\"canonical\" href=\"https:\/\/eyebrowtracer.com\/fr\/le-cours-des-eyebrow-tracer\/\" \/>\n<meta property=\"og:locale\" content=\"fr_FR\" \/>\n<meta property=\"og:type\" content=\"article\" \/>\n<meta property=\"og:title\" content=\"Le cours des Eyebrow Tracer - Eyebrow Tracer\" \/>\n<meta property=\"og:description\" content=\"Si vous voulez devenir un traceur parfait de front sourcils abonner au cours se traceur, vous allez apprendre \u00e0 g\u00e9rer un Tel \u00e9l\u00e9ment complexe en autonomie\" \/>\n<meta property=\"og:url\" content=\"https:\/\/eyebrowtracer.com\/fr\/le-cours-des-eyebrow-tracer\/\" \/>\n<meta property=\"og:site_name\" content=\"Eyebrow Tracer\" \/>\n<meta property=\"article:modified_time\" content=\"2022-11-20T10:44:13+00:00\" \/>\n<meta name=\"twitter:label1\" content=\"Dur\u00e9e de lecture estim\u00e9e\" \/>\n\t<meta name=\"twitter:data1\" content=\"2 minutes\" \/>\n<script type=\"application\/ld+json\" class=\"yoast-schema-graph\">{\"@context\":\"https:\\\/\\\/schema.org\",\"@graph\":[{\"@type\":\"WebPage\",\"@id\":\"https:\\\/\\\/eyebrowtracer.com\\\/fr\\\/le-cours-des-eyebrow-tracer\\\/\",\"url\":\"https:\\\/\\\/eyebrowtracer.com\\\/fr\\\/le-cours-des-eyebrow-tracer\\\/\",\"name\":\"Le cours des Eyebrow Tracer - Eyebrow Tracer\",\"isPartOf\":{\"@id\":\"https:\\\/\\\/eyebrowtracer.com\\\/#website\"},\"primaryImageOfPage\":{\"@id\":\"https:\\\/\\\/eyebrowtracer.com\\\/fr\\\/le-cours-des-eyebrow-tracer\\\/#primaryimage\"},\"image\":{\"@id\":\"https:\\\/\\\/eyebrowtracer.com\\\/fr\\\/le-cours-des-eyebrow-tracer\\\/#primaryimage\"},\"thumbnailUrl\":\"https:\\\/\\\/eyebrowtracer.com\\\/wp-content\\\/uploads\\\/2014\\\/04\\\/corso-300x300.jpg\",\"datePublished\":\"2014-04-04T12:52:07+00:00\",\"dateModified\":\"2022-11-20T10:44:13+00:00\",\"description\":\"Si vous voulez devenir un traceur parfait de front sourcils abonner au cours se traceur, vous allez apprendre \u00e0 g\u00e9rer un Tel \u00e9l\u00e9ment complexe en autonomie\",\"breadcrumb\":{\"@id\":\"https:\\\/\\\/eyebrowtracer.com\\\/fr\\\/le-cours-des-eyebrow-tracer\\\/#breadcrumb\"},\"inLanguage\":\"fr-FR\",\"potentialAction\":[{\"@type\":\"ReadAction\",\"target\":[\"https:\\\/\\\/eyebrowtracer.com\\\/fr\\\/le-cours-des-eyebrow-tracer\\\/\"]}]},{\"@type\":\"ImageObject\",\"inLanguage\":\"fr-FR\",\"@id\":\"https:\\\/\\\/eyebrowtracer.com\\\/fr\\\/le-cours-des-eyebrow-tracer\\\/#primaryimage\",\"url\":\"https:\\\/\\\/eyebrowtracer.com\\\/wp-content\\\/uploads\\\/2014\\\/04\\\/corso-300x300.jpg\",\"contentUrl\":\"https:\\\/\\\/eyebrowtracer.com\\\/wp-content\\\/uploads\\\/2014\\\/04\\\/corso-300x300.jpg\"},{\"@type\":\"BreadcrumbList\",\"@id\":\"https:\\\/\\\/eyebrowtracer.com\\\/fr\\\/le-cours-des-eyebrow-tracer\\\/#breadcrumb\",\"itemListElement\":[{\"@type\":\"ListItem\",\"position\":1,\"name\":\"Home\",\"item\":\"https:\\\/\\\/eyebrowtracer.com\\\/fr\\\/\"},{\"@type\":\"ListItem\",\"position\":2,\"name\":\"Le cours des Eyebrow Tracer\"}]},{\"@type\":\"WebSite\",\"@id\":\"https:\\\/\\\/eyebrowtracer.com\\\/#website\",\"url\":\"https:\\\/\\\/eyebrowtracer.com\\\/\",\"name\":\"Eyebrow Tracer\",\"description\":\"Sopracciglia perfette in tre gesti\",\"potentialAction\":[{\"@type\":\"SearchAction\",\"target\":{\"@type\":\"EntryPoint\",\"urlTemplate\":\"https:\\\/\\\/eyebrowtracer.com\\\/?s={search_term_string}\"},\"query-input\":{\"@type\":\"PropertyValueSpecification\",\"valueRequired\":true,\"valueName\":\"search_term_string\"}}],\"inLanguage\":\"fr-FR\"}]}<\/script>\n<!-- \/ Yoast SEO plugin. -->","yoast_head_json":{"title":"Le cours des Eyebrow Tracer - Eyebrow Tracer","description":"Si vous voulez devenir un traceur parfait de front sourcils abonner au cours se traceur, vous allez apprendre \u00e0 g\u00e9rer un Tel \u00e9l\u00e9ment complexe en autonomie","robots":{"index":"index","follow":"follow","max-snippet":"max-snippet:-1","max-image-preview":"max-image-preview:large","max-video-preview":"max-video-preview:-1"},"canonical":"https:\/\/eyebrowtracer.com\/fr\/le-cours-des-eyebrow-tracer\/","og_locale":"fr_FR","og_type":"article","og_title":"Le cours des Eyebrow Tracer - Eyebrow Tracer","og_description":"Si vous voulez devenir un traceur parfait de front sourcils abonner au cours se traceur, vous allez apprendre \u00e0 g\u00e9rer un Tel \u00e9l\u00e9ment complexe en autonomie","og_url":"https:\/\/eyebrowtracer.com\/fr\/le-cours-des-eyebrow-tracer\/","og_site_name":"Eyebrow Tracer","article_modified_time":"2022-11-20T10:44:13+00:00","twitter_misc":{"Dur\u00e9e de lecture estim\u00e9e":"2 minutes"},"schema":{"@context":"https:\/\/schema.org","@graph":[{"@type":"WebPage","@id":"https:\/\/eyebrowtracer.com\/fr\/le-cours-des-eyebrow-tracer\/","url":"https:\/\/eyebrowtracer.com\/fr\/le-cours-des-eyebrow-tracer\/","name":"Le cours des Eyebrow Tracer - Eyebrow Tracer","isPartOf":{"@id":"https:\/\/eyebrowtracer.com\/#website"},"primaryImageOfPage":{"@id":"https:\/\/eyebrowtracer.com\/fr\/le-cours-des-eyebrow-tracer\/#primaryimage"},"image":{"@id":"https:\/\/eyebrowtracer.com\/fr\/le-cours-des-eyebrow-tracer\/#primaryimage"},"thumbnailUrl":"https:\/\/eyebrowtracer.com\/wp-content\/uploads\/2014\/04\/corso-300x300.jpg","datePublished":"2014-04-04T12:52:07+00:00","dateModified":"2022-11-20T10:44:13+00:00","description":"Si vous voulez devenir un traceur parfait de front sourcils abonner au cours se traceur, vous allez apprendre \u00e0 g\u00e9rer un Tel \u00e9l\u00e9ment complexe en autonomie","breadcrumb":{"@id":"https:\/\/eyebrowtracer.com\/fr\/le-cours-des-eyebrow-tracer\/#breadcrumb"},"inLanguage":"fr-FR","potentialAction":[{"@type":"ReadAction","target":["https:\/\/eyebrowtracer.com\/fr\/le-cours-des-eyebrow-tracer\/"]}]},{"@type":"ImageObject","inLanguage":"fr-FR","@id":"https:\/\/eyebrowtracer.com\/fr\/le-cours-des-eyebrow-tracer\/#primaryimage","url":"https:\/\/eyebrowtracer.com\/wp-content\/uploads\/2014\/04\/corso-300x300.jpg","contentUrl":"https:\/\/eyebrowtracer.com\/wp-content\/uploads\/2014\/04\/corso-300x300.jpg"},{"@type":"BreadcrumbList","@id":"https:\/\/eyebrowtracer.com\/fr\/le-cours-des-eyebrow-tracer\/#breadcrumb","itemListElement":[{"@type":"ListItem","position":1,"name":"Home","item":"https:\/\/eyebrowtracer.com\/fr\/"},{"@type":"ListItem","position":2,"name":"Le cours des Eyebrow Tracer"}]},{"@type":"WebSite","@id":"https:\/\/eyebrowtracer.com\/#website","url":"https:\/\/eyebrowtracer.com\/","name":"Eyebrow Tracer","description":"Sopracciglia perfette in tre gesti","potentialAction":[{"@type":"SearchAction","target":{"@type":"EntryPoint","urlTemplate":"https:\/\/eyebrowtracer.com\/?s={search_term_string}"},"query-input":{"@type":"PropertyValueSpecification","valueRequired":true,"valueName":"search_term_string"}}],"inLanguage":"fr-FR"}]}},"_links":{"self":[{"href":"https:\/\/eyebrowtracer.com\/fr\/wp-json\/wp\/v2\/pages\/7243","targetHints":{"allow":["GET"]}}],"collection":[{"href":"https:\/\/eyebrowtracer.com\/fr\/wp-json\/wp\/v2\/pages"}],"about":[{"href":"https:\/\/eyebrowtracer.com\/fr\/wp-json\/wp\/v2\/types\/page"}],"author":[{"embeddable":true,"href":"https:\/\/eyebrowtracer.com\/fr\/wp-json\/wp\/v2\/users\/2"}],"replies":[{"embeddable":true,"href":"https:\/\/eyebrowtracer.com\/fr\/wp-json\/wp\/v2\/comments?post=7243"}],"version-history":[{"count":9,"href":"https:\/\/eyebrowtracer.com\/fr\/wp-json\/wp\/v2\/pages\/7243\/revisions"}],"predecessor-version":[{"id":9190,"href":"https:\/\/eyebrowtracer.com\/fr\/wp-json\/wp\/v2\/pages\/7243\/revisions\/9190"}],"wp:attachment":[{"href":"https:\/\/eyebrowtracer.com\/fr\/wp-json\/wp\/v2\/media?parent=7243"}],"curies":[{"name":"wp","href":"https:\/\/api.w.org\/{rel}","templated":true}]}}