{"id":7232,"date":"2014-04-04T14:52:14","date_gmt":"2014-04-04T12:52:14","guid":{"rendered":"http:\/\/eyebrowtracer.provahosting.it\/lo-strumento-2\/"},"modified":"2022-11-20T16:42:54","modified_gmt":"2022-11-20T15:42:54","slug":"l-instrument","status":"publish","type":"page","link":"https:\/\/eyebrowtracer.com\/fr\/l-instrument\/","title":{"rendered":"L\u2019instrument"},"content":{"rendered":"<div id='layer_slider_1' class='avia-layerslider main_color avia-shadow  avia-builder-el-0  el_before_av_textblock  avia-builder-el-first  container_wrap sidebar_right' style='  height: 151px;' ><\/div><div id='after_layer_slider_1' class='main_color av_default_container_wrap container_wrap sidebar_right' style=' '  ><div class='container' ><div class='template-page content  av-content-small alpha units'><div class='post-entry post-entry-type-page post-entry-7232'><div class='entry-content-wrapper clearfix'>\n<section class=\"av_textblock_section \"  itemscope=\"itemscope\" itemtype=\"https:\/\/schema.org\/CreativeWork\" ><div class='avia_textblock  '   itemprop=\"text\" ><h3>Les caract\u00e9ristiques techniques des l&rsquo;Eyebrow Tracer<\/h3>\n<p>Pour r\u00e9aliser L\u2019Eyebrow Tracer nous avons ten\u00f9 compte de divers aspect pour faire un complet et capable de r\u00e9pondre \u00e0 tous.Pour les professionnels et amateurs.\u00a0 Il est le r\u00e9sultat d\u2019une \u00e9tude approfondie et d\u2019\u00e9tal\u00e9\u00e8.<\/p>\n<p>Si ces informations ne vous satisfait pas vous pouvez visiter la section \u201cfaire aux questions\u201d ou envoyer une r\u00e9ponse imm\u00e9diatement dans l&#8217;email.<\/p>\n<\/div><\/section>\n<div  class='hr hr-short hr-center   avia-builder-el-2  el_after_av_textblock  el_before_av_one_half '><span class='hr-inner ' ><span class='hr-inner-style'><\/span><\/span><\/div>\n<div class=\"flex_column av_one_half  flex_column_div first  avia-builder-el-3  el_after_av_hr  el_before_av_one_half  \" ><section class=\"av_textblock_section \"  itemscope=\"itemscope\" itemtype=\"https:\/\/schema.org\/CreativeWork\" ><div class='avia_textblock  '   itemprop=\"text\" ><h3 style=\"text-align: center;\">Le pack<\/h3>\n<p>Emballage des l&rsquo;Eyebrow Tracer plein traceur constitu\u00e9 par le produit, un crayon, une des ventes aux ench\u00e9res fermes et instructions en Italien et en Anglais.<\/p>\n<\/div><\/section><br \/>\n<div class='avia-gallery  avia-gallery-1 avia_lazyload avia-gallery-animate avia_animate_when_visible  avia-builder-el-5  el_after_av_textblock  avia-builder-el-last '  itemprop=\"image\" itemscope=\"itemscope\" itemtype=\"https:\/\/schema.org\/ImageObject\" ><a class='avia-gallery-big fakeLightbox lightbox avia-gallery-big-crop-thumb ' href='https:\/\/eyebrowtracer.com\/wp-content\/uploads\/2014\/04\/A11-979x1030.jpg'  data-onclick='1' title='' ><span class='avia-gallery-big-inner'  itemprop=\"thumbnailUrl\" >\t<img width='450' height='450' src='https:\/\/eyebrowtracer.com\/wp-content\/uploads\/2014\/04\/A11-450x450.jpg' title='Eyebrow Tracer &quot;Silver white&quot; - le pack' alt='Eyebrow Tracer &quot;Silver white&quot; - le pack' \/><\/span><\/a><div class='avia-gallery-thumb'> <a href='https:\/\/eyebrowtracer.com\/wp-content\/uploads\/2014\/04\/A11-979x1030.jpg' data-rel='gallery-1' data-prev-img='https:\/\/eyebrowtracer.com\/wp-content\/uploads\/2014\/04\/A11-450x450.jpg' class='first_thumb lightbox ' data-onclick='1' title=''  itemprop=\"thumbnailUrl\" ><img  src='https:\/\/eyebrowtracer.com\/wp-content\/uploads\/2014\/04\/A11-495x400.jpg' width='495' height='400'  title='Eyebrow Tracer &quot;Silver white&quot; - le pack' alt='Eyebrow Tracer &quot;Silver white&quot; - le pack' \/><\/a> <a href='https:\/\/eyebrowtracer.com\/wp-content\/uploads\/2014\/04\/A41-979x1030.jpg' data-rel='gallery-1' data-prev-img='https:\/\/eyebrowtracer.com\/wp-content\/uploads\/2014\/04\/A41-450x450.jpg' class='lightbox ' data-onclick='2' title=''  itemprop=\"thumbnailUrl\" ><img  src='https:\/\/eyebrowtracer.com\/wp-content\/uploads\/2014\/04\/A41-495x400.jpg' width='495' height='400'  title='Eyebrow Tracer &quot;Creative patchwork&quot; - le pack' alt='Eyebrow Tracer &quot;Creative patchwork&quot; - le pack' \/><\/a> <a href='https:\/\/eyebrowtracer.com\/wp-content\/uploads\/2014\/04\/A31-979x1030.jpg' data-rel='gallery-1' data-prev-img='https:\/\/eyebrowtracer.com\/wp-content\/uploads\/2014\/04\/A31-450x450.jpg' class='lightbox ' data-onclick='3' title=''  itemprop=\"thumbnailUrl\" ><img  src='https:\/\/eyebrowtracer.com\/wp-content\/uploads\/2014\/04\/A31-495x400.jpg' width='495' height='400'  title='Eyebrow Tracer &quot;Orange fluo&quot; - le pack' alt='Eyebrow Tracer &quot;Orange fluo&quot; - le pack' \/><\/a> <a href='https:\/\/eyebrowtracer.com\/wp-content\/uploads\/2014\/04\/A21-979x1030.jpg' data-rel='gallery-1' data-prev-img='https:\/\/eyebrowtracer.com\/wp-content\/uploads\/2014\/04\/A21-450x450.jpg' class='lightbox ' data-onclick='4' title=''  itemprop=\"thumbnailUrl\" ><img  src='https:\/\/eyebrowtracer.com\/wp-content\/uploads\/2014\/04\/A21-495x400.jpg' width='495' height='400'  title='Eyebrow Tracer &quot;Lemon green&quot; - le pack' alt='Eyebrow Tracer &quot;Lemon green&quot; - le pack' \/><\/a><\/div><\/div><\/p><\/div>\n<div class=\"flex_column av_one_half  flex_column_div av-zero-column-padding   avia-builder-el-6  el_after_av_one_half  el_before_av_hr  \" style='border-radius:0px; '><div class='avia-icon-list-container   avia-builder-el-7  avia-builder-el-no-sibling '><ul class='avia-icon-list avia-icon-list-left av-iconlist-big avia_animate_when_almost_visible avia-iconlist-animate'>\n<li><div  class='iconlist_icon  avia-font-entypo-fontello'><span class='iconlist-char ' aria-hidden='true' data-av_icon='\ue836' data-av_iconfont='entypo-fontello'><\/span><\/div><article class=\"article-icon-entry \"  itemscope=\"itemscope\" itemtype=\"https:\/\/schema.org\/CreativeWork\" ><div class='iconlist_content_wrap'><header class=\"entry-content-header\"><h4 class='av_iconlist_title iconlist_title  '  itemprop=\"headline\"  >Design<\/h4><\/header><div class='iconlist_content  '  itemprop=\"text\"  ><p>semple, essentiel, ergonomique qui permet a L\u2019Eyebrow Tracer d\u2019\u00e9tre utilise meme par le gauchers et ambidextre.<\/p>\n<\/div><\/div><footer class=\"entry-footer\"><\/footer><\/article><div class='iconlist-timeline'><\/div><\/li>\n<li><div  class='iconlist_icon  avia-font-entypo-fontello'><span class='iconlist-char ' aria-hidden='true' data-av_icon='\ue855' data-av_iconfont='entypo-fontello'><\/span><\/div><article class=\"article-icon-entry \"  itemscope=\"itemscope\" itemtype=\"https:\/\/schema.org\/CreativeWork\" ><div class='iconlist_content_wrap'><header class=\"entry-content-header\"><h4 class='av_iconlist_title iconlist_title  '  itemprop=\"headline\"  >Systeme a charnier<\/h4><\/header><div class='iconlist_content  '  itemprop=\"text\"  ><p>les batonnets sont relisiez par le moyen d\u2019une fermeture a charni\u00e8re qui permet no seulment  leur correcte rotation mais aussi leur chevauchement pour \u00e9viter que les b\u00e2tonnets tour.<\/p>\n<\/div><\/div><footer class=\"entry-footer\"><\/footer><\/article><div class='iconlist-timeline'><\/div><\/li>\n<li><div  class='iconlist_icon  avia-font-entypo-fontello'><span class='iconlist-char ' aria-hidden='true' data-av_icon='\ue86a' data-av_iconfont='entypo-fontello'><\/span><\/div><article class=\"article-icon-entry \"  itemscope=\"itemscope\" itemtype=\"https:\/\/schema.org\/CreativeWork\" ><div class='iconlist_content_wrap'><header class=\"entry-content-header\"><h4 class='av_iconlist_title iconlist_title  '  itemprop=\"headline\"  >Dimensione<\/h4><\/header><div class='iconlist_content  '  itemprop=\"text\"  ><p>les dimensions on \u00e9t\u00e9 conclues en tenant compte des diff\u00e9rentes typologie des visage et des mains.<\/p>\n<\/div><\/div><footer class=\"entry-footer\"><\/footer><\/article><div class='iconlist-timeline'><\/div><\/li>\n<li><div  class='iconlist_icon  avia-font-entypo-fontello'><span class='iconlist-char ' aria-hidden='true' data-av_icon='\ue837' data-av_iconfont='entypo-fontello'><\/span><\/div><article class=\"article-icon-entry \"  itemscope=\"itemscope\" itemtype=\"https:\/\/schema.org\/CreativeWork\" ><div class='iconlist_content_wrap'><header class=\"entry-content-header\"><h4 class='av_iconlist_title iconlist_title  '  itemprop=\"headline\"  >Materiaux<\/h4><\/header><div class='iconlist_content  '  itemprop=\"text\"  ><p>l\u00e9ger, traumatisme, transparent et antirouille.<\/p>\n<\/div><\/div><footer class=\"entry-footer\"><\/footer><\/article><div class='iconlist-timeline'><\/div><\/li>\n<\/ul><\/div><\/div>\n<div  class='hr hr-short hr-center   avia-builder-el-8  el_after_av_one_half  el_before_av_one_full '><span class='hr-inner ' ><span class='hr-inner-style'><\/span><\/span><\/div>\n<div class=\"flex_column av_one_full  flex_column_div first  avia-builder-el-9  el_after_av_hr  el_before_av_one_third  \" ><section class=\"av_textblock_section \"  itemscope=\"itemscope\" itemtype=\"https:\/\/schema.org\/CreativeWork\" ><div class='avia_textblock  '   itemprop=\"text\" ><h3>Galerie de photos<\/h3>\n<\/div><\/section><br \/>\n<div class='avia-gallery  avia-gallery-2 avia_lazyload avia-gallery-animate avia_animate_when_visible  avia-builder-el-11  el_after_av_textblock  avia-builder-el-last '  itemprop=\"image\" itemscope=\"itemscope\" itemtype=\"https:\/\/schema.org\/ImageObject\" ><div class='avia-gallery-thumb'> <a href='https:\/\/eyebrowtracer.com\/wp-content\/uploads\/2014\/04\/Eyebrow-Tracer-Detail-05.jpg' data-rel='gallery-2' data-prev-img='https:\/\/eyebrowtracer.com\/wp-content\/uploads\/2014\/04\/Eyebrow-Tracer-Detail-05-495x400.jpg' class='first_thumb lightbox ' data-onclick='1' title=''  itemprop=\"thumbnailUrl\" ><img  src='https:\/\/eyebrowtracer.com\/wp-content\/uploads\/2014\/04\/Eyebrow-Tracer-Detail-05-710x375.jpg' width='710' height='375'  title='Eyebrow Tracer - Detail - 05' alt='' \/><\/a> <a href='https:\/\/eyebrowtracer.com\/wp-content\/uploads\/2014\/04\/Eyebrow-Tracer-Detail-04.jpg' data-rel='gallery-2' data-prev-img='https:\/\/eyebrowtracer.com\/wp-content\/uploads\/2014\/04\/Eyebrow-Tracer-Detail-04-495x400.jpg' class='lightbox ' data-onclick='2' title=''  itemprop=\"thumbnailUrl\" ><img  src='https:\/\/eyebrowtracer.com\/wp-content\/uploads\/2014\/04\/Eyebrow-Tracer-Detail-04-710x375.jpg' width='710' height='375'  title='Eyebrow Tracer - Detail - 04' alt='' \/><\/a> <a href='https:\/\/eyebrowtracer.com\/wp-content\/uploads\/2014\/04\/Eyebrow-Tracer-Detail-03.jpg' data-rel='gallery-2' data-prev-img='https:\/\/eyebrowtracer.com\/wp-content\/uploads\/2014\/04\/Eyebrow-Tracer-Detail-03-495x400.jpg' class='lightbox ' data-onclick='3' title=''  itemprop=\"thumbnailUrl\" ><img  src='https:\/\/eyebrowtracer.com\/wp-content\/uploads\/2014\/04\/Eyebrow-Tracer-Detail-03-710x375.jpg' width='710' height='375'  title='Eyebrow Tracer - Detail - 03' alt='' \/><\/a> <a href='https:\/\/eyebrowtracer.com\/wp-content\/uploads\/2014\/04\/Eyebrow-Tracer-Detail-02.jpg' data-rel='gallery-2' data-prev-img='https:\/\/eyebrowtracer.com\/wp-content\/uploads\/2014\/04\/Eyebrow-Tracer-Detail-02-495x400.jpg' class='lightbox ' data-onclick='4' title=''  itemprop=\"thumbnailUrl\" ><img  src='https:\/\/eyebrowtracer.com\/wp-content\/uploads\/2014\/04\/Eyebrow-Tracer-Detail-02-683x375.jpg' width='683' height='375'  title='Eyebrow Tracer - Detail - 02' alt='' \/><\/a> <a href='https:\/\/eyebrowtracer.com\/wp-content\/uploads\/2014\/04\/Eyebrow-Tracer-Detail-01.jpg' data-rel='gallery-2' data-prev-img='https:\/\/eyebrowtracer.com\/wp-content\/uploads\/2014\/04\/Eyebrow-Tracer-Detail-01-495x400.jpg' class='lightbox ' data-onclick='5' title=''  itemprop=\"thumbnailUrl\" ><img  src='https:\/\/eyebrowtracer.com\/wp-content\/uploads\/2014\/04\/Eyebrow-Tracer-Detail-01-683x375.jpg' width='683' height='375'  title='Eyebrow Tracer - Detail - 01' alt='' \/><\/a> <a href='https:\/\/eyebrowtracer.com\/wp-content\/uploads\/2015\/02\/4-687x1030.jpg' data-rel='gallery-2' data-prev-img='https:\/\/eyebrowtracer.com\/wp-content\/uploads\/2015\/02\/4-495x400.jpg' class='first_thumb lightbox ' data-onclick='6' title='Eyebrow Tracer &quot;Sideral white&quot;'  itemprop=\"thumbnailUrl\" ><img  src='https:\/\/eyebrowtracer.com\/wp-content\/uploads\/2015\/02\/4-710x375.jpg' width='710' height='375'  title='Eyebrow Tracer &quot;Sideral white&quot;' alt='Eyebrow Tracer &quot;Sideral white&quot;' \/><\/a> <a href='https:\/\/eyebrowtracer.com\/wp-content\/uploads\/2015\/02\/3-687x1030.jpg' data-rel='gallery-2' data-prev-img='https:\/\/eyebrowtracer.com\/wp-content\/uploads\/2015\/02\/3-495x400.jpg' class='lightbox ' data-onclick='7' title='Eyebrow Tracer &quot;Orange fluo&quot;'  itemprop=\"thumbnailUrl\" ><img  src='https:\/\/eyebrowtracer.com\/wp-content\/uploads\/2015\/02\/3-710x375.jpg' width='710' height='375'  title='Eyebrow Tracer &quot;Orange fluo&quot;' alt='Eyebrow Tracer &quot;Orange fluo&quot;' \/><\/a> <a href='https:\/\/eyebrowtracer.com\/wp-content\/uploads\/2015\/02\/2-687x1030.jpg' data-rel='gallery-2' data-prev-img='https:\/\/eyebrowtracer.com\/wp-content\/uploads\/2015\/02\/2-495x400.jpg' class='lightbox ' data-onclick='8' title='Eyebrow Tracer &quot;Creative patchwork&quot;'  itemprop=\"thumbnailUrl\" ><img  src='https:\/\/eyebrowtracer.com\/wp-content\/uploads\/2015\/02\/2-710x375.jpg' width='710' height='375'  title='Eyebrow Tracer &quot;Creative patchwork&quot;' alt='Eyebrow Tracer &quot;Creative patchwork&quot;' \/><\/a> <a href='https:\/\/eyebrowtracer.com\/wp-content\/uploads\/2015\/02\/1-687x1030.jpg' data-rel='gallery-2' data-prev-img='https:\/\/eyebrowtracer.com\/wp-content\/uploads\/2015\/02\/1-495x400.jpg' class='lightbox ' data-onclick='9' title='Eyebrow Tracer &quot;Lemon green&quot;'  itemprop=\"thumbnailUrl\" ><img  src='https:\/\/eyebrowtracer.com\/wp-content\/uploads\/2015\/02\/1-710x375.jpg' width='710' height='375'  title='Eyebrow Tracer &quot;Lemon green&quot;' alt='Eyebrow Tracer &quot;Lemon green&quot;' \/><\/a> <a href='https:\/\/eyebrowtracer.com\/wp-content\/uploads\/2015\/02\/5-979x1030.jpg' data-rel='gallery-2' data-prev-img='https:\/\/eyebrowtracer.com\/wp-content\/uploads\/2015\/02\/5-495x400.jpg' class='lightbox ' data-onclick='10' title='Eyebrow Tracer'  itemprop=\"thumbnailUrl\" ><img  src='https:\/\/eyebrowtracer.com\/wp-content\/uploads\/2015\/02\/5-710x375.jpg' width='710' height='375'  title='Eyebrow Tracer 2015' alt='Eyebrow Tracer 2015' \/><\/a> <a href='https:\/\/eyebrowtracer.com\/wp-content\/uploads\/2014\/04\/Matita-979x1030.jpg' data-rel='gallery-2' data-prev-img='https:\/\/eyebrowtracer.com\/wp-content\/uploads\/2014\/04\/Matita-495x400.jpg' class='first_thumb lightbox ' data-onclick='11' title=''  itemprop=\"thumbnailUrl\" ><img  src='https:\/\/eyebrowtracer.com\/wp-content\/uploads\/2014\/04\/Matita-710x375.jpg' width='710' height='375'  title='Eyebrow Tracer - pencil' alt='' \/><\/a> <a href='https:\/\/eyebrowtracer.com\/wp-content\/uploads\/2014\/04\/confezione-979x1030.jpg' data-rel='gallery-2' data-prev-img='https:\/\/eyebrowtracer.com\/wp-content\/uploads\/2014\/04\/confezione-495x400.jpg' class='lightbox ' data-onclick='12' title=''  itemprop=\"thumbnailUrl\" ><img  src='https:\/\/eyebrowtracer.com\/wp-content\/uploads\/2014\/04\/confezione-710x375.jpg' width='710' height='375'  title='Eyebrow Tracer - packaging' alt='' \/><\/a><\/div><\/div><\/p><\/div>\n<div class=\"flex_column av_one_third  flex_column_div first  avia-builder-el-12  el_after_av_one_full  el_before_av_one_third  column-top-margin\" ><div class='avia-button-wrap avia-button-center  avia-builder-el-13  avia-builder-el-no-sibling '><a href='https:\/\/eyebrowtracer.com\/fr\/comme-dessiner-la-bonnes-sourcils\/'  class='avia-button   avia-icon_select-no avia-color-theme-color avia-size-large avia-position-center '   ><span class='avia_iconbox_title' >Lisez les instructiones<\/span><\/a><\/div><\/div>\n<div class=\"flex_column av_one_third  flex_column_div av-zero-column-padding   avia-builder-el-14  el_after_av_one_third  el_before_av_one_third  column-top-margin\" style='border-radius:0px; '><div class='avia-button-wrap avia-button-center  avia-builder-el-15  avia-builder-el-no-sibling '><a href='https:\/\/eyebrowtracer.com\/fr\/le-video\/'  class='avia-button   avia-icon_select-no avia-color-theme-color avia-size-large avia-position-center '   ><span class='avia_iconbox_title' >Regard le vid\u00e9o<\/span><\/a><\/div><\/div>\n<div class=\"flex_column av_one_third  flex_column_div av-zero-column-padding   avia-builder-el-16  el_after_av_one_third  avia-builder-el-last  column-top-margin\" style='border-radius:0px; '><div class='avia-button-wrap avia-button-center  avia-builder-el-17  avia-builder-el-no-sibling '><a href='https:\/\/eyebrowtracer.com\/fr\/le-cours-des-eyebrow-tracer\/'  class='avia-button   avia-icon_select-no avia-color-theme-color avia-size-large avia-position-center '   ><span class='avia_iconbox_title' >Le cours<\/span><\/a><\/div><\/div>\n","protected":false},"excerpt":{"rendered":"","protected":false},"author":2,"featured_media":0,"parent":0,"menu_order":0,"comment_status":"closed","ping_status":"closed","template":"","meta":{"footnotes":""},"class_list":["post-7232","page","type-page","status-publish","hentry"],"yoast_head":"<!-- This site is optimized with the Yoast SEO plugin v27.3 - https:\/\/yoast.com\/product\/yoast-seo-wordpress\/ -->\n<title>L\u2019instrument - Eyebrow Tracer<\/title>\n<meta name=\"description\" content=\"Cet instrument professional vous permet de dessiner correctement vos seursils en trois moviment de la mains. Facil, rapide, sur et fabrique en Italie.\" \/>\n<meta name=\"robots\" content=\"index, follow, max-snippet:-1, max-image-preview:large, max-video-preview:-1\" \/>\n<link rel=\"canonical\" href=\"https:\/\/eyebrowtracer.com\/fr\/l-instrument\/\" \/>\n<meta property=\"og:locale\" content=\"fr_FR\" \/>\n<meta property=\"og:type\" content=\"article\" \/>\n<meta property=\"og:title\" content=\"L\u2019instrument - Eyebrow Tracer\" \/>\n<meta property=\"og:description\" content=\"Cet instrument professional vous permet de dessiner correctement vos seursils en trois moviment de la mains. Facil, rapide, sur et fabrique en Italie.\" \/>\n<meta property=\"og:url\" content=\"https:\/\/eyebrowtracer.com\/fr\/l-instrument\/\" \/>\n<meta property=\"og:site_name\" content=\"Eyebrow Tracer\" \/>\n<meta property=\"article:modified_time\" content=\"2022-11-20T15:42:54+00:00\" \/>\n<meta name=\"twitter:label1\" content=\"Dur\u00e9e de lecture estim\u00e9e\" \/>\n\t<meta name=\"twitter:data1\" content=\"2 minutes\" \/>\n<script type=\"application\/ld+json\" class=\"yoast-schema-graph\">{\"@context\":\"https:\\\/\\\/schema.org\",\"@graph\":[{\"@type\":\"WebPage\",\"@id\":\"https:\\\/\\\/eyebrowtracer.com\\\/fr\\\/l-instrument\\\/\",\"url\":\"https:\\\/\\\/eyebrowtracer.com\\\/fr\\\/l-instrument\\\/\",\"name\":\"L\u2019instrument - Eyebrow Tracer\",\"isPartOf\":{\"@id\":\"https:\\\/\\\/eyebrowtracer.com\\\/#website\"},\"datePublished\":\"2014-04-04T12:52:14+00:00\",\"dateModified\":\"2022-11-20T15:42:54+00:00\",\"description\":\"Cet instrument professional vous permet de dessiner correctement vos seursils en trois moviment de la mains. Facil, rapide, sur et fabrique en Italie.\",\"breadcrumb\":{\"@id\":\"https:\\\/\\\/eyebrowtracer.com\\\/fr\\\/l-instrument\\\/#breadcrumb\"},\"inLanguage\":\"fr-FR\",\"potentialAction\":[{\"@type\":\"ReadAction\",\"target\":[\"https:\\\/\\\/eyebrowtracer.com\\\/fr\\\/l-instrument\\\/\"]}]},{\"@type\":\"BreadcrumbList\",\"@id\":\"https:\\\/\\\/eyebrowtracer.com\\\/fr\\\/l-instrument\\\/#breadcrumb\",\"itemListElement\":[{\"@type\":\"ListItem\",\"position\":1,\"name\":\"Home\",\"item\":\"https:\\\/\\\/eyebrowtracer.com\\\/fr\\\/\"},{\"@type\":\"ListItem\",\"position\":2,\"name\":\"L\u2019instrument\"}]},{\"@type\":\"WebSite\",\"@id\":\"https:\\\/\\\/eyebrowtracer.com\\\/#website\",\"url\":\"https:\\\/\\\/eyebrowtracer.com\\\/\",\"name\":\"Eyebrow Tracer\",\"description\":\"Sopracciglia perfette in tre gesti\",\"potentialAction\":[{\"@type\":\"SearchAction\",\"target\":{\"@type\":\"EntryPoint\",\"urlTemplate\":\"https:\\\/\\\/eyebrowtracer.com\\\/?s={search_term_string}\"},\"query-input\":{\"@type\":\"PropertyValueSpecification\",\"valueRequired\":true,\"valueName\":\"search_term_string\"}}],\"inLanguage\":\"fr-FR\"}]}<\/script>\n<!-- \/ Yoast SEO plugin. -->","yoast_head_json":{"title":"L\u2019instrument - Eyebrow Tracer","description":"Cet instrument professional vous permet de dessiner correctement vos seursils en trois moviment de la mains. Facil, rapide, sur et fabrique en Italie.","robots":{"index":"index","follow":"follow","max-snippet":"max-snippet:-1","max-image-preview":"max-image-preview:large","max-video-preview":"max-video-preview:-1"},"canonical":"https:\/\/eyebrowtracer.com\/fr\/l-instrument\/","og_locale":"fr_FR","og_type":"article","og_title":"L\u2019instrument - Eyebrow Tracer","og_description":"Cet instrument professional vous permet de dessiner correctement vos seursils en trois moviment de la mains. Facil, rapide, sur et fabrique en Italie.","og_url":"https:\/\/eyebrowtracer.com\/fr\/l-instrument\/","og_site_name":"Eyebrow Tracer","article_modified_time":"2022-11-20T15:42:54+00:00","twitter_misc":{"Dur\u00e9e de lecture estim\u00e9e":"2 minutes"},"schema":{"@context":"https:\/\/schema.org","@graph":[{"@type":"WebPage","@id":"https:\/\/eyebrowtracer.com\/fr\/l-instrument\/","url":"https:\/\/eyebrowtracer.com\/fr\/l-instrument\/","name":"L\u2019instrument - Eyebrow Tracer","isPartOf":{"@id":"https:\/\/eyebrowtracer.com\/#website"},"datePublished":"2014-04-04T12:52:14+00:00","dateModified":"2022-11-20T15:42:54+00:00","description":"Cet instrument professional vous permet de dessiner correctement vos seursils en trois moviment de la mains. Facil, rapide, sur et fabrique en Italie.","breadcrumb":{"@id":"https:\/\/eyebrowtracer.com\/fr\/l-instrument\/#breadcrumb"},"inLanguage":"fr-FR","potentialAction":[{"@type":"ReadAction","target":["https:\/\/eyebrowtracer.com\/fr\/l-instrument\/"]}]},{"@type":"BreadcrumbList","@id":"https:\/\/eyebrowtracer.com\/fr\/l-instrument\/#breadcrumb","itemListElement":[{"@type":"ListItem","position":1,"name":"Home","item":"https:\/\/eyebrowtracer.com\/fr\/"},{"@type":"ListItem","position":2,"name":"L\u2019instrument"}]},{"@type":"WebSite","@id":"https:\/\/eyebrowtracer.com\/#website","url":"https:\/\/eyebrowtracer.com\/","name":"Eyebrow Tracer","description":"Sopracciglia perfette in tre gesti","potentialAction":[{"@type":"SearchAction","target":{"@type":"EntryPoint","urlTemplate":"https:\/\/eyebrowtracer.com\/?s={search_term_string}"},"query-input":{"@type":"PropertyValueSpecification","valueRequired":true,"valueName":"search_term_string"}}],"inLanguage":"fr-FR"}]}},"_links":{"self":[{"href":"https:\/\/eyebrowtracer.com\/fr\/wp-json\/wp\/v2\/pages\/7232","targetHints":{"allow":["GET"]}}],"collection":[{"href":"https:\/\/eyebrowtracer.com\/fr\/wp-json\/wp\/v2\/pages"}],"about":[{"href":"https:\/\/eyebrowtracer.com\/fr\/wp-json\/wp\/v2\/types\/page"}],"author":[{"embeddable":true,"href":"https:\/\/eyebrowtracer.com\/fr\/wp-json\/wp\/v2\/users\/2"}],"replies":[{"embeddable":true,"href":"https:\/\/eyebrowtracer.com\/fr\/wp-json\/wp\/v2\/comments?post=7232"}],"version-history":[{"count":17,"href":"https:\/\/eyebrowtracer.com\/fr\/wp-json\/wp\/v2\/pages\/7232\/revisions"}],"predecessor-version":[{"id":9317,"href":"https:\/\/eyebrowtracer.com\/fr\/wp-json\/wp\/v2\/pages\/7232\/revisions\/9317"}],"wp:attachment":[{"href":"https:\/\/eyebrowtracer.com\/fr\/wp-json\/wp\/v2\/media?parent=7232"}],"curies":[{"name":"wp","href":"https:\/\/api.w.org\/{rel}","templated":true}]}}