{"id":7221,"date":"2014-04-04T12:59:19","date_gmt":"2014-04-04T10:59:19","guid":{"rendered":"http:\/\/eyebrowtracer.provahosting.it\/homepage-3\/"},"modified":"2022-11-20T16:39:26","modified_gmt":"2022-11-20T15:39:26","slug":"homepage","status":"publish","type":"page","link":"https:\/\/eyebrowtracer.com\/fr\/","title":{"rendered":"Homepage"},"content":{"rendered":"<div id='layer_slider_1' class='avia-layerslider main_color avia-shadow  avia-builder-el-0  el_before_av_textblock  avia-builder-el-first  container_wrap sidebar_right' style='  height: 801px;' ><\/div><div id='after_layer_slider_1' class='main_color av_default_container_wrap container_wrap sidebar_right' style=' '  ><div class='container' ><div class='template-page content  av-content-small alpha units'><div class='post-entry post-entry-type-page post-entry-7221'><div class='entry-content-wrapper clearfix'>\n<section class=\"av_textblock_section \"  itemscope=\"itemscope\" itemtype=\"https:\/\/schema.org\/CreativeWork\" ><div class='avia_textblock  '   itemprop=\"text\" ><h3 style=\"text-align: center;\">EYEBROW TRACER<\/h3>\n<\/div><\/section>\n<div class=\"flex_column av_one_half  flex_column_div first  avia-builder-el-2  el_after_av_textblock  el_before_av_one_half  column-top-margin\" ><section class=\"av_textblock_section \"  itemscope=\"itemscope\" itemtype=\"https:\/\/schema.org\/CreativeWork\" ><div class='avia_textblock  '   itemprop=\"text\" ><p style=\"text-align: right;\"><img loading=\"lazy\" decoding=\"async\" class=\"size-medium wp-image-7222 alignnone\" src=\"https:\/\/eyebrowtracer.com\/wp-content\/uploads\/2014\/04\/photo-JESSICA1-233x300.jpg\" alt=\"\" width=\"233\" height=\"300\" srcset=\"https:\/\/eyebrowtracer.com\/wp-content\/uploads\/2014\/04\/photo-JESSICA1-233x300.jpg 233w, https:\/\/eyebrowtracer.com\/wp-content\/uploads\/2014\/04\/photo-JESSICA1-600x772.jpg 600w, https:\/\/eyebrowtracer.com\/wp-content\/uploads\/2014\/04\/photo-JESSICA1-548x705.jpg 548w, https:\/\/eyebrowtracer.com\/wp-content\/uploads\/2014\/04\/photo-JESSICA1-450x578.jpg 450w, https:\/\/eyebrowtracer.com\/wp-content\/uploads\/2014\/04\/photo-JESSICA1.jpg 800w\" sizes=\"auto, (max-width: 233px) 100vw, 233px\" \/><\/p>\n<p style=\"text-align: right;\">Invente par l\u2019architecte <a href=\"http:\/\/jessicaciaramelletti.it\" target=\"_blank\" rel=\"noopener\">Jessica Ciaramelletti<\/a>,<\/p>\n<p style=\"text-align: right;\">il a \u00e9t\u00e9 presente au <strong>Cosmoprof de Bologna<\/strong> en 2008.<\/p>\n<p style=\"text-align: right;\">L\u2019Eeyebrow Tracer est un produit fabrique a la main en <strong>Italie<\/strong>.<\/p>\n<p style=\"text-align: right;\">Relisiez avec de materieaux a l\u2019avant-garde, hjpoallergenique est surs,<\/p>\n<p style=\"text-align: right;\">on peut l\u2019exp\u00e9dier dans le monde entier.<\/p>\n<\/div><\/section><br \/>\n<div  class='hr hr-short hr-right   avia-builder-el-4  el_after_av_textblock  avia-builder-el-last '><span class='hr-inner ' ><span class='hr-inner-style'><\/span><\/span><\/div><\/p><\/div>\n<div class=\"flex_column av_one_half  flex_column_div av-zero-column-padding   avia-builder-el-5  el_after_av_one_half  el_before_av_section  avia-builder-el-last  column-top-margin\" style='border-radius:0px; '><div class='avia-icon-list-container   avia-builder-el-6  avia-builder-el-no-sibling '><ul class='avia-icon-list avia-icon-list-left av-iconlist-big avia_animate_when_almost_visible avia-iconlist-animate'>\n<li><div  class='iconlist_icon  avia-font-entypo-fontello'><span class='iconlist-char ' aria-hidden='true' data-av_icon='\ue836' data-av_iconfont='entypo-fontello'><\/span><\/div><article class=\"article-icon-entry \"  itemscope=\"itemscope\" itemtype=\"https:\/\/schema.org\/CreativeWork\" ><div class='iconlist_content_wrap'><header class=\"entry-content-header\"><h4 class='av_iconlist_title iconlist_title  '  itemprop=\"headline\"  >Design<\/h4><\/header><div class='iconlist_content  '  itemprop=\"text\"  ><p>semple, essentiel, ergonomique, qui permet a L\u2019Eyebrow Tracer d\u2019\u00e9tre utilise meme par le gauchers et ambidextre<\/p>\n<\/div><\/div><footer class=\"entry-footer\"><\/footer><\/article><div class='iconlist-timeline'><\/div><\/li>\n<li><div  class='iconlist_icon  avia-font-entypo-fontello'><span class='iconlist-char ' aria-hidden='true' data-av_icon='\ue855' data-av_iconfont='entypo-fontello'><\/span><\/div><article class=\"article-icon-entry \"  itemscope=\"itemscope\" itemtype=\"https:\/\/schema.org\/CreativeWork\" ><div class='iconlist_content_wrap'><header class=\"entry-content-header\"><h4 class='av_iconlist_title iconlist_title  '  itemprop=\"headline\"  >Systeme a charnier<\/h4><\/header><div class='iconlist_content  '  itemprop=\"text\"  ><p>les batonnets sont relisiez par le moyen d\u2019une fermeture a charni\u00e8re qui permet no seulment leur correcte rotation mais aussi leur chevauchement pour \u00e9viter que les b\u00e2tonnets tour<\/p>\n<\/div><\/div><footer class=\"entry-footer\"><\/footer><\/article><div class='iconlist-timeline'><\/div><\/li>\n<li><div  class='iconlist_icon  avia-font-entypo-fontello'><span class='iconlist-char ' aria-hidden='true' data-av_icon='\ue86a' data-av_iconfont='entypo-fontello'><\/span><\/div><article class=\"article-icon-entry \"  itemscope=\"itemscope\" itemtype=\"https:\/\/schema.org\/CreativeWork\" ><div class='iconlist_content_wrap'><header class=\"entry-content-header\"><h4 class='av_iconlist_title iconlist_title  '  itemprop=\"headline\"  >Dimensione<\/h4><\/header><div class='iconlist_content  '  itemprop=\"text\"  ><p>les dimensions on \u00e9t\u00e9 conclues en tenant compte des diff\u00e9rentes typologie des visage et des mains<\/p>\n<\/div><\/div><footer class=\"entry-footer\"><\/footer><\/article><div class='iconlist-timeline'><\/div><\/li>\n<li><div  class='iconlist_icon  avia-font-entypo-fontello'><span class='iconlist-char ' aria-hidden='true' data-av_icon='\ue837' data-av_iconfont='entypo-fontello'><\/span><\/div><article class=\"article-icon-entry \"  itemscope=\"itemscope\" itemtype=\"https:\/\/schema.org\/CreativeWork\" ><div class='iconlist_content_wrap'><header class=\"entry-content-header\"><h4 class='av_iconlist_title iconlist_title  '  itemprop=\"headline\"  >Materiaux<\/h4><\/header><div class='iconlist_content  '  itemprop=\"text\"  ><p>l\u00e9ger, traumatisme, transparent et antirouille<\/p>\n<\/div><\/div><footer class=\"entry-footer\"><\/footer><\/article><div class='iconlist-timeline'><\/div><\/li>\n<\/ul><\/div><\/div>\n<\/div><\/div><\/div><!-- close content main div --><\/div><\/div><div id='av_section_1' class='avia-section main_color avia-section-large avia-no-shadow avia-bg-style-parallax  avia-builder-el-7  el_after_av_one_half  el_before_av_textblock   container_wrap sidebar_right' style=' '  ><div class='container' ><div class='template-page content  av-content-small alpha units'><div class='post-entry post-entry-type-page post-entry-7221'><div class='entry-content-wrapper clearfix'><\/div><\/div><\/div><!-- close content main div --><\/div><\/div><div id='after_section_1' class='main_color av_default_container_wrap container_wrap sidebar_right' style=' '  ><div class='container' ><div class='template-page content  av-content-small alpha units'><div class='post-entry post-entry-type-page post-entry-7221'><div class='entry-content-wrapper clearfix'>\n<section class=\"av_textblock_section \"  itemscope=\"itemscope\" itemtype=\"https:\/\/schema.org\/CreativeWork\" ><div class='avia_textblock  '   itemprop=\"text\" ><h2 style=\"text-align: center;\"><a title=\"Avis sur le produit\" href=\"http:\/\/eyebrowtracer.provahosting.it\/fr\/avis-sur-le-produit\/\">Avis<\/a><\/h2>\n<\/div><\/section>\n<div  class='hr hr-short hr-center   avia-builder-el-9  el_after_av_textblock  el_before_av_testimonials '><span class='hr-inner ' ><span class='hr-inner-style'><\/span><\/span><\/div>\n<div  data-autoplay='1'  data-interval='5'  data-animation='fade'  data-hoverpause='1'  class='avia-testimonial-wrapper avia-grid-testimonials avia-grid-2-testimonials avia_animate_when_almost_visible   '>\n<section class ='avia-testimonial-row'><div class='avia-testimonial av_one_half flex_column no_margin avia-testimonial-row-1 avia-first-testimonial'  itemscope=\"itemscope\" itemtype=\"https:\/\/schema.org\/Person\" ><div class='avia-testimonial_inner'><div class='avia-testimonial-image'  itemprop=\"image\"  style='background-image:url(https:\/\/eyebrowtracer.com\/wp-content\/uploads\/2014\/04\/softapitalia-180x180.jpg);'><\/div><div class='avia-testimonial-content '    itemscope=\"itemscope\" itemtype=\"https:\/\/schema.org\/CreativeWork\" ><p>La mia azienda si occupa di formazione nella materia del tatuaggio cosmetico semipermanente ed avere a disposizione uno strumento di misurazione cos\u00ec preciso che faciliti il lavoro di progettazione e\/o restyling delle arcate sopraccigliari, \u00e8 un grande valore aggiunto che posso offrire ai miei allievi, i quali avvalendosi delle nozioni teoriche e pratiche dettate dall&rsquo;arch. Ciaramelletti, riescono a dare vita a lavori straordinari, con la professionalit\u00e0 e la precisione che questa professione assolutamente richiede. Un sentito grazie per questo strumento unico nel suo genere!<\/p>\n<\/div><div class='avia-testimonial-meta'><div class='avia-testimonial-arrow-wrap'><div class='avia-arrow'><\/div><\/div><div class='avia-testimonial-meta-mini'><strong  class='avia-testimonial-name'    itemprop=\"name\" >Roberta Ferretti<\/strong><span  class='avia-testimonial-subtitle '    itemprop=\"jobTitle\" >Proprietaria Softapitalia<\/span><span class='hidden avia-testimonial-markup-link'   itemprop=\"url\" >http:\/\/www.iltruccoperfetto.com\/<\/span> &ndash; <a class='aviablank avia-testimonial-link' href='http:\/\/www.iltruccoperfetto.com\/' >http:\/\/www.iltruccoperfetto.com\/<\/a><\/div><\/div><\/div><\/div>\n<div class='avia-testimonial av_one_half flex_column no_margin avia-testimonial-row-1 avia-last-testimonial'  itemscope=\"itemscope\" itemtype=\"https:\/\/schema.org\/Person\" ><div class='avia-testimonial_inner'><div class='avia-testimonial-image'  itemprop=\"image\"  style='background-image:url(https:\/\/eyebrowtracer.com\/wp-content\/uploads\/2014\/04\/bocata2-180x171.jpg);'><\/div><div class='avia-testimonial-content '    itemscope=\"itemscope\" itemtype=\"https:\/\/schema.org\/CreativeWork\" ><p>The eyebrow tracer is a fabulous tool for measuring brows.\u00a0 We all like to get the symetry just right and this is the tool to use.\u00a0 Since I teach beginners it is important to show the measurements for brows.\u00a0 I use the tracer and get accurate brow placement and it helps the students.<\/p>\n<\/div><div class='avia-testimonial-meta'><div class='avia-testimonial-arrow-wrap'><div class='avia-arrow'><\/div><\/div><div class='avia-testimonial-meta-mini'><strong  class='avia-testimonial-name'    itemprop=\"name\" >Joyce Cirasuola<\/strong><span  class='avia-testimonial-subtitle '    itemprop=\"jobTitle\" >Owner<\/span><span class='hidden avia-testimonial-markup-link'   itemprop=\"url\" >http:\/\/www.bocata2.com\/<\/span> &ndash; <a class='aviablank avia-testimonial-link' href='http:\/\/www.bocata2.com\/' >http:\/\/www.bocata2.com\/<\/a><\/div><\/div><\/div><\/div><\/section>\n<section class ='avia-testimonial-row'><div class='avia-testimonial av_one_half flex_column no_margin avia-testimonial-row-2 avia-first-testimonial'  itemscope=\"itemscope\" itemtype=\"https:\/\/schema.org\/Person\" ><div class='avia-testimonial_inner'><div class='avia-testimonial-image'  itemprop=\"image\"  style='background-image:url(https:\/\/eyebrowtracer.com\/wp-content\/uploads\/2014\/07\/aglaia-180x180.jpg);'><\/div><div class='avia-testimonial-content '    itemscope=\"itemscope\" itemtype=\"https:\/\/schema.org\/CreativeWork\" ><p>Eyebrow Tracer uno strumento geniale adatto agli esperti del settore ma anche chi da poco si affaccia al mondo dell&rsquo;estetica e desidera compiere un lavoro impeccabile sul tracciare un perfetto garbo sopracciliare&#8230;<br \/>\nConoscendone la tecnica semplifica il lavoro lasciando il professionista soddisfatto del suo operato. Grazie a questo strumento la mia qualit\u00e0 lavorativa \u00e8 aumentata dando ai miei clienti professionalit\u00e0 e precisione. Grazie Jessica<\/p>\n<\/div><div class='avia-testimonial-meta'><div class='avia-testimonial-arrow-wrap'><div class='avia-arrow'><\/div><\/div><div class='avia-testimonial-meta-mini'><strong  class='avia-testimonial-name'    itemprop=\"name\" >Nancy Tortora<\/strong><span  class='avia-testimonial-subtitle '    itemprop=\"jobTitle\" >Proprietaria Aglaia Istituto di Bellezza<\/span><span class='hidden avia-testimonial-markup-link'   itemprop=\"url\" >http:\/\/www.aglaiaestetica.com\/<\/span> &ndash; <a class='aviablank avia-testimonial-link' href='http:\/\/www.aglaiaestetica.com\/' >http:\/\/www.aglaiaestetica.com\/<\/a><\/div><\/div><\/div><\/div>\n<div class='avia-testimonial av_one_half flex_column no_margin avia-testimonial-row-2 avia-last-testimonial'  itemscope=\"itemscope\" itemtype=\"https:\/\/schema.org\/Person\" ><div class='avia-testimonial_inner'><div class='avia-testimonial-content '    itemscope=\"itemscope\" itemtype=\"https:\/\/schema.org\/CreativeWork\" ><p>Grazie a te Jessica, come tu sai sono Estetista e tatuatrice della micro pigmentazione.<br \/>\nIl metodo Eyebrow Tracer mi ha permesso con molta facilit\u00e0 di dare la massima precisione nel disegnare il sopracciglio nel centro estetico Bellissima dove lavoro. Lo uso anche su un&rsquo;epilazione sopraccigliare e con molto facilit\u00e0 mi traccio l&rsquo;inizio, l&rsquo;altezza e la fine.<\/p>\n<\/div><div class='avia-testimonial-meta'><div class='avia-testimonial-arrow-wrap'><div class='avia-arrow'><\/div><\/div><div class='avia-testimonial-meta-mini'><strong  class='avia-testimonial-name'    itemprop=\"name\" >Patrizia Ceriani<\/strong><span  class='avia-testimonial-subtitle '    itemprop=\"jobTitle\" >Estetista<\/span><span class='hidden avia-testimonial-markup-link'   itemprop=\"url\" >https:\/\/www.facebook.com\/truccoperfettopatty.patrizia?fref=ts<\/span> &ndash; <a class='aviablank avia-testimonial-link' href='https:\/\/www.facebook.com\/truccoperfettopatty.patrizia?fref=ts' >https:\/\/www.facebook.com\/truccoperfettopatty.patrizia?fref=ts<\/a><\/div><\/div><\/div><\/div><\/section>\n<\/div>\n","protected":false},"excerpt":{"rendered":"","protected":false},"author":2,"featured_media":0,"parent":0,"menu_order":0,"comment_status":"closed","ping_status":"closed","template":"","meta":{"footnotes":""},"class_list":["post-7221","page","type-page","status-publish","hentry"],"yoast_head":"<!-- This site is optimized with the Yoast SEO plugin v27.4 - https:\/\/yoast.com\/product\/yoast-seo-wordpress\/ -->\n<title>Homepage - Eyebrow Tracer<\/title>\n<meta name=\"description\" content=\"L&#039;Eyebrow Tracer cet le instrument professional vous permet de dessiner correctement vos seursils en trois moviment de la mains. Facil, rapide, sur et fabrique en Italie.\" \/>\n<meta name=\"robots\" content=\"index, follow, max-snippet:-1, max-image-preview:large, max-video-preview:-1\" \/>\n<link rel=\"canonical\" href=\"https:\/\/eyebrowtracer.com\/fr\/\" \/>\n<meta property=\"og:locale\" content=\"fr_FR\" \/>\n<meta property=\"og:type\" content=\"article\" \/>\n<meta property=\"og:title\" content=\"Homepage - Eyebrow Tracer\" \/>\n<meta property=\"og:description\" content=\"L&#039;Eyebrow Tracer cet le instrument professional vous permet de dessiner correctement vos seursils en trois moviment de la mains. Facil, rapide, sur et fabrique en Italie.\" \/>\n<meta property=\"og:url\" content=\"https:\/\/eyebrowtracer.com\/fr\/\" \/>\n<meta property=\"og:site_name\" content=\"Eyebrow Tracer\" \/>\n<meta property=\"article:modified_time\" content=\"2022-11-20T15:39:26+00:00\" \/>\n<meta name=\"twitter:label1\" content=\"Dur\u00e9e de lecture estim\u00e9e\" \/>\n\t<meta name=\"twitter:data1\" content=\"3 minutes\" \/>\n<script type=\"application\/ld+json\" class=\"yoast-schema-graph\">{\"@context\":\"https:\\\/\\\/schema.org\",\"@graph\":[{\"@type\":\"WebPage\",\"@id\":\"https:\\\/\\\/eyebrowtracer.com\\\/fr\\\/\",\"url\":\"https:\\\/\\\/eyebrowtracer.com\\\/fr\\\/\",\"name\":\"Homepage - Eyebrow Tracer\",\"isPartOf\":{\"@id\":\"https:\\\/\\\/eyebrowtracer.com\\\/#website\"},\"primaryImageOfPage\":{\"@id\":\"https:\\\/\\\/eyebrowtracer.com\\\/fr\\\/#primaryimage\"},\"image\":{\"@id\":\"https:\\\/\\\/eyebrowtracer.com\\\/fr\\\/#primaryimage\"},\"thumbnailUrl\":\"https:\\\/\\\/eyebrowtracer.com\\\/wp-content\\\/uploads\\\/2014\\\/04\\\/photo-JESSICA1-233x300.jpg\",\"datePublished\":\"2014-04-04T10:59:19+00:00\",\"dateModified\":\"2022-11-20T15:39:26+00:00\",\"description\":\"L'Eyebrow Tracer cet le instrument professional vous permet de dessiner correctement vos seursils en trois moviment de la mains. Facil, rapide, sur et fabrique en Italie.\",\"breadcrumb\":{\"@id\":\"https:\\\/\\\/eyebrowtracer.com\\\/fr\\\/#breadcrumb\"},\"inLanguage\":\"fr-FR\",\"potentialAction\":[{\"@type\":\"ReadAction\",\"target\":[\"https:\\\/\\\/eyebrowtracer.com\\\/fr\\\/\"]}]},{\"@type\":\"ImageObject\",\"inLanguage\":\"fr-FR\",\"@id\":\"https:\\\/\\\/eyebrowtracer.com\\\/fr\\\/#primaryimage\",\"url\":\"https:\\\/\\\/eyebrowtracer.com\\\/wp-content\\\/uploads\\\/2014\\\/04\\\/photo-JESSICA1-233x300.jpg\",\"contentUrl\":\"https:\\\/\\\/eyebrowtracer.com\\\/wp-content\\\/uploads\\\/2014\\\/04\\\/photo-JESSICA1-233x300.jpg\"},{\"@type\":\"BreadcrumbList\",\"@id\":\"https:\\\/\\\/eyebrowtracer.com\\\/fr\\\/#breadcrumb\",\"itemListElement\":[{\"@type\":\"ListItem\",\"position\":1,\"name\":\"Home\",\"item\":\"https:\\\/\\\/eyebrowtracer.com\\\/fr\\\/\"},{\"@type\":\"ListItem\",\"position\":2,\"name\":\"Homepage\"}]},{\"@type\":\"WebSite\",\"@id\":\"https:\\\/\\\/eyebrowtracer.com\\\/#website\",\"url\":\"https:\\\/\\\/eyebrowtracer.com\\\/\",\"name\":\"Eyebrow Tracer\",\"description\":\"Sopracciglia perfette in tre gesti\",\"potentialAction\":[{\"@type\":\"SearchAction\",\"target\":{\"@type\":\"EntryPoint\",\"urlTemplate\":\"https:\\\/\\\/eyebrowtracer.com\\\/?s={search_term_string}\"},\"query-input\":{\"@type\":\"PropertyValueSpecification\",\"valueRequired\":true,\"valueName\":\"search_term_string\"}}],\"inLanguage\":\"fr-FR\"}]}<\/script>\n<!-- \/ Yoast SEO plugin. -->","yoast_head_json":{"title":"Homepage - Eyebrow Tracer","description":"L'Eyebrow Tracer cet le instrument professional vous permet de dessiner correctement vos seursils en trois moviment de la mains. Facil, rapide, sur et fabrique en Italie.","robots":{"index":"index","follow":"follow","max-snippet":"max-snippet:-1","max-image-preview":"max-image-preview:large","max-video-preview":"max-video-preview:-1"},"canonical":"https:\/\/eyebrowtracer.com\/fr\/","og_locale":"fr_FR","og_type":"article","og_title":"Homepage - Eyebrow Tracer","og_description":"L'Eyebrow Tracer cet le instrument professional vous permet de dessiner correctement vos seursils en trois moviment de la mains. Facil, rapide, sur et fabrique en Italie.","og_url":"https:\/\/eyebrowtracer.com\/fr\/","og_site_name":"Eyebrow Tracer","article_modified_time":"2022-11-20T15:39:26+00:00","twitter_misc":{"Dur\u00e9e de lecture estim\u00e9e":"3 minutes"},"schema":{"@context":"https:\/\/schema.org","@graph":[{"@type":"WebPage","@id":"https:\/\/eyebrowtracer.com\/fr\/","url":"https:\/\/eyebrowtracer.com\/fr\/","name":"Homepage - Eyebrow Tracer","isPartOf":{"@id":"https:\/\/eyebrowtracer.com\/#website"},"primaryImageOfPage":{"@id":"https:\/\/eyebrowtracer.com\/fr\/#primaryimage"},"image":{"@id":"https:\/\/eyebrowtracer.com\/fr\/#primaryimage"},"thumbnailUrl":"https:\/\/eyebrowtracer.com\/wp-content\/uploads\/2014\/04\/photo-JESSICA1-233x300.jpg","datePublished":"2014-04-04T10:59:19+00:00","dateModified":"2022-11-20T15:39:26+00:00","description":"L'Eyebrow Tracer cet le instrument professional vous permet de dessiner correctement vos seursils en trois moviment de la mains. Facil, rapide, sur et fabrique en Italie.","breadcrumb":{"@id":"https:\/\/eyebrowtracer.com\/fr\/#breadcrumb"},"inLanguage":"fr-FR","potentialAction":[{"@type":"ReadAction","target":["https:\/\/eyebrowtracer.com\/fr\/"]}]},{"@type":"ImageObject","inLanguage":"fr-FR","@id":"https:\/\/eyebrowtracer.com\/fr\/#primaryimage","url":"https:\/\/eyebrowtracer.com\/wp-content\/uploads\/2014\/04\/photo-JESSICA1-233x300.jpg","contentUrl":"https:\/\/eyebrowtracer.com\/wp-content\/uploads\/2014\/04\/photo-JESSICA1-233x300.jpg"},{"@type":"BreadcrumbList","@id":"https:\/\/eyebrowtracer.com\/fr\/#breadcrumb","itemListElement":[{"@type":"ListItem","position":1,"name":"Home","item":"https:\/\/eyebrowtracer.com\/fr\/"},{"@type":"ListItem","position":2,"name":"Homepage"}]},{"@type":"WebSite","@id":"https:\/\/eyebrowtracer.com\/#website","url":"https:\/\/eyebrowtracer.com\/","name":"Eyebrow Tracer","description":"Sopracciglia perfette in tre gesti","potentialAction":[{"@type":"SearchAction","target":{"@type":"EntryPoint","urlTemplate":"https:\/\/eyebrowtracer.com\/?s={search_term_string}"},"query-input":{"@type":"PropertyValueSpecification","valueRequired":true,"valueName":"search_term_string"}}],"inLanguage":"fr-FR"}]}},"_links":{"self":[{"href":"https:\/\/eyebrowtracer.com\/fr\/wp-json\/wp\/v2\/pages\/7221","targetHints":{"allow":["GET"]}}],"collection":[{"href":"https:\/\/eyebrowtracer.com\/fr\/wp-json\/wp\/v2\/pages"}],"about":[{"href":"https:\/\/eyebrowtracer.com\/fr\/wp-json\/wp\/v2\/types\/page"}],"author":[{"embeddable":true,"href":"https:\/\/eyebrowtracer.com\/fr\/wp-json\/wp\/v2\/users\/2"}],"replies":[{"embeddable":true,"href":"https:\/\/eyebrowtracer.com\/fr\/wp-json\/wp\/v2\/comments?post=7221"}],"version-history":[{"count":20,"href":"https:\/\/eyebrowtracer.com\/fr\/wp-json\/wp\/v2\/pages\/7221\/revisions"}],"predecessor-version":[{"id":9313,"href":"https:\/\/eyebrowtracer.com\/fr\/wp-json\/wp\/v2\/pages\/7221\/revisions\/9313"}],"wp:attachment":[{"href":"https:\/\/eyebrowtracer.com\/fr\/wp-json\/wp\/v2\/media?parent=7221"}],"curies":[{"name":"wp","href":"https:\/\/api.w.org\/{rel}","templated":true}]}}