{"id":8841,"date":"2021-10-13T13:31:16","date_gmt":"2021-10-13T11:31:20","guid":{"rendered":"https:\/\/eyebrowtracer.com\/?post_type=product&#038;p=8841"},"modified":"2021-10-13T14:55:21","modified_gmt":"2021-10-13T12:55:21","slug":"trazador-de-cejas","status":"publish","type":"product","link":"https:\/\/eyebrowtracer.com\/es\/prodotto\/trazador-de-cejas\/","title":{"rendered":"Trazador de cejas"},"content":{"rendered":"<p> \u00a1Compre Eyebrow Tracer ahora y elimine el problema de las cejas! El Eyebrow Tracer es un producto hecho a mano completamente italiano que se puede comprar solo en l\u00ednea, por \u00a3 24.74. <\/p>\n<p> El paquete completo est\u00e1 compuesto por Eyebrow Tracer, un l\u00e1piz de cejas, instrucciones (tanto en italiano como en ingl\u00e9s) impresas en un papel impermeable y un sistema de bloque de barras (que sirve como portal\u00e1pices). <\/p>\n<p> Todos los marcadores de cejas se venden con facturas legales que se enviar\u00e1n junto con su art\u00edculo. Una vez que complete su compra, recibir\u00e1 un correo electr\u00f3nico con todos los detalles del env\u00edo. <\/p>\n<p> Tambi\u00e9n recibir\u00e1 (por correo) el c\u00f3digo de seguimiento para rastrear su art\u00edculo desde el env\u00edo inicial. <\/p>\n","protected":false},"excerpt":{"rendered":"<p>\u00a1Compre Eyebrow Tracer ahora y elimine el problema de las cejas! El Eyebrow Tracer es un producto hecho a mano completamente italiano que se puede comprar solo en l\u00ednea, por \u00a3 24.74. El paquete completo est\u00e1 compuesto por Eyebrow Tracer, un l\u00e1piz de cejas, instrucciones (tanto en italiano como en ingl\u00e9s) impresas en un papel [&hellip;]<\/p>\n","protected":false},"featured_media":7366,"comment_status":"open","ping_status":"closed","template":"","meta":[],"product_brand":[],"product_cat":[118],"product_tag":[],"class_list":{"0":"post-8841","1":"product","2":"type-product","3":"status-publish","4":"has-post-thumbnail","6":"product_cat-eyebrow-tracer-es","8":"first","9":"instock","10":"shipping-taxable","11":"purchasable","12":"product-type-variable"},"yoast_head":"<!-- This site is optimized with the Yoast SEO plugin v27.3 - https:\/\/yoast.com\/product\/yoast-seo-wordpress\/ -->\n<title>Trazador de cejas - Eyebrow Tracer<\/title>\n<meta name=\"robots\" content=\"index, follow, max-snippet:-1, max-image-preview:large, max-video-preview:-1\" \/>\n<link rel=\"canonical\" href=\"https:\/\/eyebrowtracer.com\/es\/prodotto\/trazador-de-cejas\/\" \/>\n<meta property=\"og:locale\" content=\"es_ES\" \/>\n<meta property=\"og:type\" content=\"article\" \/>\n<meta property=\"og:title\" content=\"Trazador de cejas - Eyebrow Tracer\" \/>\n<meta property=\"og:description\" content=\"\u00a1Compre Eyebrow Tracer ahora y elimine el problema de las cejas! El Eyebrow Tracer es un producto hecho a mano completamente italiano que se puede comprar solo en l\u00ednea, por \u00a3 24.74. El paquete completo est\u00e1 compuesto por Eyebrow Tracer, un l\u00e1piz de cejas, instrucciones (tanto en italiano como en ingl\u00e9s) impresas en un papel [&hellip;]\" \/>\n<meta property=\"og:url\" content=\"https:\/\/eyebrowtracer.com\/es\/prodotto\/trazador-de-cejas\/\" \/>\n<meta property=\"og:site_name\" content=\"Eyebrow Tracer\" \/>\n<meta property=\"article:modified_time\" content=\"2021-10-13T12:55:21+00:00\" \/>\n<meta property=\"og:image\" content=\"https:\/\/eyebrowtracer.com\/wp-content\/uploads\/2015\/02\/5.jpg\" \/>\n\t<meta property=\"og:image:width\" content=\"1200\" \/>\n\t<meta property=\"og:image:height\" content=\"1262\" \/>\n\t<meta property=\"og:image:type\" content=\"image\/jpeg\" \/>\n<meta name=\"twitter:label1\" content=\"Tiempo de lectura\" \/>\n\t<meta name=\"twitter:data1\" content=\"1 minuto\" \/>\n<script type=\"application\/ld+json\" class=\"yoast-schema-graph\">{\"@context\":\"https:\\\/\\\/schema.org\",\"@graph\":[{\"@type\":\"WebPage\",\"@id\":\"https:\\\/\\\/eyebrowtracer.com\\\/es\\\/prodotto\\\/trazador-de-cejas\\\/\",\"url\":\"https:\\\/\\\/eyebrowtracer.com\\\/es\\\/prodotto\\\/trazador-de-cejas\\\/\",\"name\":\"Trazador de cejas - Eyebrow Tracer\",\"isPartOf\":{\"@id\":\"https:\\\/\\\/eyebrowtracer.com\\\/#website\"},\"primaryImageOfPage\":{\"@id\":\"https:\\\/\\\/eyebrowtracer.com\\\/es\\\/prodotto\\\/trazador-de-cejas\\\/#primaryimage\"},\"image\":{\"@id\":\"https:\\\/\\\/eyebrowtracer.com\\\/es\\\/prodotto\\\/trazador-de-cejas\\\/#primaryimage\"},\"thumbnailUrl\":\"https:\\\/\\\/eyebrowtracer.com\\\/wp-content\\\/uploads\\\/2015\\\/02\\\/5.jpg\",\"datePublished\":\"2021-10-13T11:31:20+00:00\",\"dateModified\":\"2021-10-13T12:55:21+00:00\",\"breadcrumb\":{\"@id\":\"https:\\\/\\\/eyebrowtracer.com\\\/es\\\/prodotto\\\/trazador-de-cejas\\\/#breadcrumb\"},\"inLanguage\":\"es\",\"potentialAction\":[{\"@type\":\"ReadAction\",\"target\":[\"https:\\\/\\\/eyebrowtracer.com\\\/es\\\/prodotto\\\/trazador-de-cejas\\\/\"]}]},{\"@type\":\"ImageObject\",\"inLanguage\":\"es\",\"@id\":\"https:\\\/\\\/eyebrowtracer.com\\\/es\\\/prodotto\\\/trazador-de-cejas\\\/#primaryimage\",\"url\":\"https:\\\/\\\/eyebrowtracer.com\\\/wp-content\\\/uploads\\\/2015\\\/02\\\/5.jpg\",\"contentUrl\":\"https:\\\/\\\/eyebrowtracer.com\\\/wp-content\\\/uploads\\\/2015\\\/02\\\/5.jpg\",\"width\":1200,\"height\":1262,\"caption\":\"Eyebrow Tracer 2015\"},{\"@type\":\"BreadcrumbList\",\"@id\":\"https:\\\/\\\/eyebrowtracer.com\\\/es\\\/prodotto\\\/trazador-de-cejas\\\/#breadcrumb\",\"itemListElement\":[{\"@type\":\"ListItem\",\"position\":1,\"name\":\"Home\",\"item\":\"https:\\\/\\\/eyebrowtracer.com\\\/es\\\/\"},{\"@type\":\"ListItem\",\"position\":2,\"name\":\"Tienda\",\"item\":\"https:\\\/\\\/eyebrowtracer.com\\\/es\\\/tienda\\\/\"},{\"@type\":\"ListItem\",\"position\":3,\"name\":\"Trazador de cejas\"}]},{\"@type\":\"WebSite\",\"@id\":\"https:\\\/\\\/eyebrowtracer.com\\\/#website\",\"url\":\"https:\\\/\\\/eyebrowtracer.com\\\/\",\"name\":\"Eyebrow Tracer\",\"description\":\"Cejas perfectas en tres actos!\",\"potentialAction\":[{\"@type\":\"SearchAction\",\"target\":{\"@type\":\"EntryPoint\",\"urlTemplate\":\"https:\\\/\\\/eyebrowtracer.com\\\/?s={search_term_string}\"},\"query-input\":{\"@type\":\"PropertyValueSpecification\",\"valueRequired\":true,\"valueName\":\"search_term_string\"}}],\"inLanguage\":\"es\"}]}<\/script>\n<!-- \/ Yoast SEO plugin. -->","yoast_head_json":{"title":"Trazador de cejas - Eyebrow Tracer","robots":{"index":"index","follow":"follow","max-snippet":"max-snippet:-1","max-image-preview":"max-image-preview:large","max-video-preview":"max-video-preview:-1"},"canonical":"https:\/\/eyebrowtracer.com\/es\/prodotto\/trazador-de-cejas\/","og_locale":"es_ES","og_type":"article","og_title":"Trazador de cejas - Eyebrow Tracer","og_description":"\u00a1Compre Eyebrow Tracer ahora y elimine el problema de las cejas! El Eyebrow Tracer es un producto hecho a mano completamente italiano que se puede comprar solo en l\u00ednea, por \u00a3 24.74. El paquete completo est\u00e1 compuesto por Eyebrow Tracer, un l\u00e1piz de cejas, instrucciones (tanto en italiano como en ingl\u00e9s) impresas en un papel [&hellip;]","og_url":"https:\/\/eyebrowtracer.com\/es\/prodotto\/trazador-de-cejas\/","og_site_name":"Eyebrow Tracer","article_modified_time":"2021-10-13T12:55:21+00:00","og_image":[{"width":1200,"height":1262,"url":"https:\/\/eyebrowtracer.com\/wp-content\/uploads\/2015\/02\/5.jpg","type":"image\/jpeg"}],"twitter_misc":{"Tiempo de lectura":"1 minuto"},"schema":{"@context":"https:\/\/schema.org","@graph":[{"@type":"WebPage","@id":"https:\/\/eyebrowtracer.com\/es\/prodotto\/trazador-de-cejas\/","url":"https:\/\/eyebrowtracer.com\/es\/prodotto\/trazador-de-cejas\/","name":"Trazador de cejas - Eyebrow Tracer","isPartOf":{"@id":"https:\/\/eyebrowtracer.com\/#website"},"primaryImageOfPage":{"@id":"https:\/\/eyebrowtracer.com\/es\/prodotto\/trazador-de-cejas\/#primaryimage"},"image":{"@id":"https:\/\/eyebrowtracer.com\/es\/prodotto\/trazador-de-cejas\/#primaryimage"},"thumbnailUrl":"https:\/\/eyebrowtracer.com\/wp-content\/uploads\/2015\/02\/5.jpg","datePublished":"2021-10-13T11:31:20+00:00","dateModified":"2021-10-13T12:55:21+00:00","breadcrumb":{"@id":"https:\/\/eyebrowtracer.com\/es\/prodotto\/trazador-de-cejas\/#breadcrumb"},"inLanguage":"es","potentialAction":[{"@type":"ReadAction","target":["https:\/\/eyebrowtracer.com\/es\/prodotto\/trazador-de-cejas\/"]}]},{"@type":"ImageObject","inLanguage":"es","@id":"https:\/\/eyebrowtracer.com\/es\/prodotto\/trazador-de-cejas\/#primaryimage","url":"https:\/\/eyebrowtracer.com\/wp-content\/uploads\/2015\/02\/5.jpg","contentUrl":"https:\/\/eyebrowtracer.com\/wp-content\/uploads\/2015\/02\/5.jpg","width":1200,"height":1262,"caption":"Eyebrow Tracer 2015"},{"@type":"BreadcrumbList","@id":"https:\/\/eyebrowtracer.com\/es\/prodotto\/trazador-de-cejas\/#breadcrumb","itemListElement":[{"@type":"ListItem","position":1,"name":"Home","item":"https:\/\/eyebrowtracer.com\/es\/"},{"@type":"ListItem","position":2,"name":"Tienda","item":"https:\/\/eyebrowtracer.com\/es\/tienda\/"},{"@type":"ListItem","position":3,"name":"Trazador de cejas"}]},{"@type":"WebSite","@id":"https:\/\/eyebrowtracer.com\/#website","url":"https:\/\/eyebrowtracer.com\/","name":"Eyebrow Tracer","description":"Cejas perfectas en tres actos!","potentialAction":[{"@type":"SearchAction","target":{"@type":"EntryPoint","urlTemplate":"https:\/\/eyebrowtracer.com\/?s={search_term_string}"},"query-input":{"@type":"PropertyValueSpecification","valueRequired":true,"valueName":"search_term_string"}}],"inLanguage":"es"}]}},"_links":{"self":[{"href":"https:\/\/eyebrowtracer.com\/es\/wp-json\/wp\/v2\/product\/8841","targetHints":{"allow":["GET"]}}],"collection":[{"href":"https:\/\/eyebrowtracer.com\/es\/wp-json\/wp\/v2\/product"}],"about":[{"href":"https:\/\/eyebrowtracer.com\/es\/wp-json\/wp\/v2\/types\/product"}],"replies":[{"embeddable":true,"href":"https:\/\/eyebrowtracer.com\/es\/wp-json\/wp\/v2\/comments?post=8841"}],"wp:featuredmedia":[{"embeddable":true,"href":"https:\/\/eyebrowtracer.com\/es\/wp-json\/wp\/v2\/media\/7366"}],"wp:attachment":[{"href":"https:\/\/eyebrowtracer.com\/es\/wp-json\/wp\/v2\/media?parent=8841"}],"wp:term":[{"taxonomy":"product_brand","embeddable":true,"href":"https:\/\/eyebrowtracer.com\/es\/wp-json\/wp\/v2\/product_brand?post=8841"},{"taxonomy":"product_cat","embeddable":true,"href":"https:\/\/eyebrowtracer.com\/es\/wp-json\/wp\/v2\/product_cat?post=8841"},{"taxonomy":"product_tag","embeddable":true,"href":"https:\/\/eyebrowtracer.com\/es\/wp-json\/wp\/v2\/product_tag?post=8841"}],"curies":[{"name":"wp","href":"https:\/\/api.w.org\/{rel}","templated":true}]}}