{"id":757,"date":"2014-04-04T14:51:38","date_gmt":"2014-04-04T12:51:38","guid":{"rendered":"http:\/\/eyebrowtracer.provahosting.it\/come-tracciare-il-sopracciglio-corretto-2\/"},"modified":"2022-11-20T16:48:36","modified_gmt":"2022-11-20T15:48:36","slug":"como-trazar-las-cejas-correctamente","status":"publish","type":"page","link":"https:\/\/eyebrowtracer.com\/es\/como-trazar-las-cejas-correctamente\/","title":{"rendered":"C\u00f3mo trazar las cejas correctamente"},"content":{"rendered":"<div id='layer_slider_1' class='avia-layerslider main_color avia-shadow  avia-builder-el-0  el_before_av_textblock  avia-builder-el-first  container_wrap sidebar_right' style='  height: 151px;' ><\/div><div id='after_layer_slider_1' class='main_color av_default_container_wrap container_wrap sidebar_right' style=' '  ><div class='container' ><div class='template-page content  av-content-small alpha units'><div class='post-entry post-entry-type-page post-entry-757'><div class='entry-content-wrapper clearfix'>\n<section class=\"av_textblock_section \"  itemscope=\"itemscope\" itemtype=\"https:\/\/schema.org\/CreativeWork\" ><div class='avia_textblock  '   itemprop=\"text\" ><h3>Los m\u00e9todos para dise\u00f1ar las cejas<\/h3>\n<p>Existen varios m\u00e9todos para identificar el dise\u00f1o correcto de las cejas. La diferencia, con qui\u00e9n usa el Eyebrow Tracer, consiste en el hecho de que \u00e9sta herramienta elimina la posibilidad de errores y, aumenta la velocidad para trazar las cejas correctamente.<\/p>\n<p>A seguir podr\u00e1n observar c\u00f3mo se logra determinar el punto inicial, el punto final y el de m\u00e1xima altura de las cejas &#8211; <strong>independientemente del tipo de rostro<\/strong> &#8211; \u00a1con tres simples pasos!<\/p>\n<\/div><\/section>\n<div  class='hr hr-short hr-center   avia-builder-el-2  el_after_av_textblock  el_before_av_one_third '><span class='hr-inner ' ><span class='hr-inner-style'><\/span><\/span><\/div>\n<div class=\"flex_column av_one_third  flex_column_div first  avia-builder-el-3  el_after_av_hr  el_before_av_one_third  \" ><section class=\"av_textblock_section \"  itemscope=\"itemscope\" itemtype=\"https:\/\/schema.org\/CreativeWork\" ><div class='avia_textblock  '   itemprop=\"text\" ><h3><a href=\"https:\/\/eyebrowtracer.com\/wp-content\/uploads\/2014\/04\/step1-130x300.jpg\"><img loading=\"lazy\" decoding=\"async\" class=\"size-medium wp-image-585 alignleft\" src=\"https:\/\/eyebrowtracer.com\/wp-content\/uploads\/2014\/04\/step1-130x300.jpg\" alt=\"\" width=\"130\" height=\"300\" srcset=\"https:\/\/eyebrowtracer.com\/wp-content\/uploads\/2014\/04\/step1-130x300.jpg 130w, https:\/\/eyebrowtracer.com\/wp-content\/uploads\/2014\/04\/step1-600x1382.jpg 600w, https:\/\/eyebrowtracer.com\/wp-content\/uploads\/2014\/04\/step1-447x1030.jpg 447w, https:\/\/eyebrowtracer.com\/wp-content\/uploads\/2014\/04\/step1-651x1500.jpg 651w, https:\/\/eyebrowtracer.com\/wp-content\/uploads\/2014\/04\/step1-306x705.jpg 306w, https:\/\/eyebrowtracer.com\/wp-content\/uploads\/2014\/04\/step1-433x999.jpg 433w, https:\/\/eyebrowtracer.com\/wp-content\/uploads\/2014\/04\/step1.jpg 813w\" sizes=\"auto, (max-width: 130px) 100vw, 130px\" \/><\/a>Punto inicial<\/h3>\n<p>Apoyar el Eyebrow Tracer al rostro y hacer coincidir la parte superior de la empu\u00f1adura con una de las dos alas de la nariz, de manera que el asta A pase por el \u00e1ngulo interno del ojo. El punto d\u00f3nde el lado del asta A, indicado con el n\u00famero 1, int\u00e9rseca la ceja natural de la persona identifica el punto inicial para dise\u00f1ar correctamente el contorno de las cejas.<\/p>\n<\/div><\/section><\/div>\n<div class=\"flex_column av_one_third  flex_column_div av-zero-column-padding   avia-builder-el-5  el_after_av_one_third  el_before_av_one_third  \" style='border-radius:0px; '><section class=\"av_textblock_section \"  itemscope=\"itemscope\" itemtype=\"https:\/\/schema.org\/CreativeWork\" ><div class='avia_textblock  '   itemprop=\"text\" ><h3><a href=\"https:\/\/eyebrowtracer.com\/wp-content\/uploads\/2014\/04\/step2-130x300.jpg\"><img loading=\"lazy\" decoding=\"async\" class=\"size-medium wp-image-589 alignleft\" src=\"https:\/\/eyebrowtracer.com\/wp-content\/uploads\/2014\/04\/step2-130x300.jpg\" alt=\"\" width=\"130\" height=\"300\" srcset=\"https:\/\/eyebrowtracer.com\/wp-content\/uploads\/2014\/04\/step2-130x300.jpg 130w, https:\/\/eyebrowtracer.com\/wp-content\/uploads\/2014\/04\/step2-600x1382.jpg 600w, https:\/\/eyebrowtracer.com\/wp-content\/uploads\/2014\/04\/step2-447x1030.jpg 447w, https:\/\/eyebrowtracer.com\/wp-content\/uploads\/2014\/04\/step2-651x1500.jpg 651w, https:\/\/eyebrowtracer.com\/wp-content\/uploads\/2014\/04\/step2-306x705.jpg 306w, https:\/\/eyebrowtracer.com\/wp-content\/uploads\/2014\/04\/step2-433x999.jpg 433w, https:\/\/eyebrowtracer.com\/wp-content\/uploads\/2014\/04\/step2.jpg 813w\" sizes=\"auto, (max-width: 130px) 100vw, 130px\" \/><\/a>Punto final<\/h3>\n<p>Sin moverse de la posici\u00f3n inicial, rotear el asta B hasta que el lado identificado con el n\u00famero 2 est\u00e9 alineado con el \u00e1ngulo externo del ojo. En el punto d\u00f3nde el asta B interseca la l\u00ednea natural de la ceja de la persona estar\u00e1 ubicado el punto final para dise\u00f1ar correctamente la ceja.<\/p>\n<\/div><\/section><\/div>\n<div class=\"flex_column av_one_third  flex_column_div av-zero-column-padding   avia-builder-el-7  el_after_av_one_third  el_before_av_one_third  \" style='border-radius:0px; '><section class=\"av_textblock_section \"  itemscope=\"itemscope\" itemtype=\"https:\/\/schema.org\/CreativeWork\" ><div class='avia_textblock  '   itemprop=\"text\" ><h3><a href=\"https:\/\/eyebrowtracer.com\/wp-content\/uploads\/2014\/04\/step3-130x300.jpg\"><img loading=\"lazy\" decoding=\"async\" class=\"size-medium wp-image-593 alignleft\" src=\"https:\/\/eyebrowtracer.com\/wp-content\/uploads\/2014\/04\/step3-130x300.jpg\" alt=\"\" width=\"130\" height=\"300\" srcset=\"https:\/\/eyebrowtracer.com\/wp-content\/uploads\/2014\/04\/step3-130x300.jpg 130w, https:\/\/eyebrowtracer.com\/wp-content\/uploads\/2014\/04\/step3-600x1382.jpg 600w, https:\/\/eyebrowtracer.com\/wp-content\/uploads\/2014\/04\/step3-447x1030.jpg 447w, https:\/\/eyebrowtracer.com\/wp-content\/uploads\/2014\/04\/step3-651x1500.jpg 651w, https:\/\/eyebrowtracer.com\/wp-content\/uploads\/2014\/04\/step3-306x705.jpg 306w, https:\/\/eyebrowtracer.com\/wp-content\/uploads\/2014\/04\/step3-433x999.jpg 433w, https:\/\/eyebrowtracer.com\/wp-content\/uploads\/2014\/04\/step3.jpg 813w\" sizes=\"auto, (max-width: 130px) 100vw, 130px\" \/><\/a>Punto de altura m\u00e1xima<\/h3>\n<p>Trasladar hacia abajo el asta A hasta que la parte superior de la misma coincida con el nacimiento de los cabellos. Rotear el asta C hasta que el lado identificado con el n\u00famero 3 coincida con el inicio del l\u00f3bulo de la oreja. En el punto d\u00f3nde el asta C interseca la l\u00ednea natural de la ceja estar\u00e1 ubicado el punto de altura m\u00e1xima, necesario para poder dise\u00f1ar correctamente el contorno de la ceja.<\/p>\n<\/div><\/section><\/div>\n<div class=\"flex_column av_one_third  flex_column_div first  avia-builder-el-9  el_after_av_one_third  el_before_av_one_third  column-top-margin\" ><div class='avia-button-wrap avia-button-center  avia-builder-el-10  avia-builder-el-no-sibling  '><a href='https:\/\/eyebrowtracer.com\/es\/video-tutorial\/'  class='avia-button   avia-icon_select-no avia-color-theme-color avia-size-large avia-position-center '   ><span class='avia_iconbox_title' >Mirar el v\u00eddeo<\/span><\/a><\/div><\/div>\n<div class=\"flex_column av_one_third  flex_column_div av-zero-column-padding   avia-builder-el-11  el_after_av_one_third  el_before_av_one_third  column-top-margin\" style='border-radius:0px; '><div class='avia-button-wrap avia-button-center  avia-builder-el-12  avia-builder-el-no-sibling  '><a href='https:\/\/eyebrowtracer.com\/es\/la-herramienta\/'  class='avia-button   avia-icon_select-no avia-color-theme-color avia-size-large avia-position-center '   ><span class='avia_iconbox_title' >La herramienta<\/span><\/a><\/div><\/div>\n<div class=\"flex_column av_one_third  flex_column_div av-zero-column-padding   avia-builder-el-13  el_after_av_one_third  avia-builder-el-last  column-top-margin\" style='border-radius:0px; '><div class='avia-button-wrap avia-button-center  avia-builder-el-14  avia-builder-el-no-sibling  '><a href='https:\/\/eyebrowtracer.com\/es\/el-curso-de-eyebrow-tracer\/'  class='avia-button   avia-icon_select-no avia-color-theme-color avia-size-large avia-position-center '   ><span class='avia_iconbox_title' >El curso<\/span><\/a><\/div><\/div>\n","protected":false},"excerpt":{"rendered":"","protected":false},"author":2,"featured_media":0,"parent":0,"menu_order":0,"comment_status":"open","ping_status":"open","template":"","meta":{"footnotes":""},"class_list":["post-757","page","type-page","status-publish","hentry"],"yoast_head":"<!-- This site is optimized with the Yoast SEO plugin v27.3 - https:\/\/yoast.com\/product\/yoast-seo-wordpress\/ -->\n<title>C\u00f3mo trazar las cejas correctamente - Eyebrow Tracer<\/title>\n<meta name=\"description\" content=\"Bastan tres simples gestos para trazar el contorno correcto de las cejas. El punto de inicio , el punto final y el punto de altura m\u00e1xima est\u00e1n al alcance de todos.\" \/>\n<meta name=\"robots\" content=\"index, follow, max-snippet:-1, max-image-preview:large, max-video-preview:-1\" \/>\n<link rel=\"canonical\" href=\"https:\/\/eyebrowtracer.com\/es\/como-trazar-las-cejas-correctamente\/\" \/>\n<meta property=\"og:locale\" content=\"es_ES\" \/>\n<meta property=\"og:type\" content=\"article\" \/>\n<meta property=\"og:title\" content=\"C\u00f3mo trazar las cejas correctamente - Eyebrow Tracer\" \/>\n<meta property=\"og:description\" content=\"Bastan tres simples gestos para trazar el contorno correcto de las cejas. El punto de inicio , el punto final y el punto de altura m\u00e1xima est\u00e1n al alcance de todos.\" \/>\n<meta property=\"og:url\" content=\"https:\/\/eyebrowtracer.com\/es\/como-trazar-las-cejas-correctamente\/\" \/>\n<meta property=\"og:site_name\" content=\"Eyebrow Tracer\" \/>\n<meta property=\"article:modified_time\" content=\"2022-11-20T15:48:36+00:00\" \/>\n<meta name=\"twitter:label1\" content=\"Tiempo de lectura\" \/>\n\t<meta name=\"twitter:data1\" content=\"4 minutos\" \/>\n<script type=\"application\/ld+json\" class=\"yoast-schema-graph\">{\"@context\":\"https:\\\/\\\/schema.org\",\"@graph\":[{\"@type\":\"WebPage\",\"@id\":\"https:\\\/\\\/eyebrowtracer.com\\\/es\\\/como-trazar-las-cejas-correctamente\\\/\",\"url\":\"https:\\\/\\\/eyebrowtracer.com\\\/es\\\/como-trazar-las-cejas-correctamente\\\/\",\"name\":\"C\u00f3mo trazar las cejas correctamente - Eyebrow Tracer\",\"isPartOf\":{\"@id\":\"https:\\\/\\\/eyebrowtracer.com\\\/#website\"},\"primaryImageOfPage\":{\"@id\":\"https:\\\/\\\/eyebrowtracer.com\\\/es\\\/como-trazar-las-cejas-correctamente\\\/#primaryimage\"},\"image\":{\"@id\":\"https:\\\/\\\/eyebrowtracer.com\\\/es\\\/como-trazar-las-cejas-correctamente\\\/#primaryimage\"},\"thumbnailUrl\":\"https:\\\/\\\/eyebrowtracer.com\\\/wp-content\\\/uploads\\\/2014\\\/04\\\/step1-130x300.jpg\",\"datePublished\":\"2014-04-04T12:51:38+00:00\",\"dateModified\":\"2022-11-20T15:48:36+00:00\",\"description\":\"Bastan tres simples gestos para trazar el contorno correcto de las cejas. El punto de inicio , el punto final y el punto de altura m\u00e1xima est\u00e1n al alcance de todos.\",\"breadcrumb\":{\"@id\":\"https:\\\/\\\/eyebrowtracer.com\\\/es\\\/como-trazar-las-cejas-correctamente\\\/#breadcrumb\"},\"inLanguage\":\"es\",\"potentialAction\":[{\"@type\":\"ReadAction\",\"target\":[\"https:\\\/\\\/eyebrowtracer.com\\\/es\\\/como-trazar-las-cejas-correctamente\\\/\"]}]},{\"@type\":\"ImageObject\",\"inLanguage\":\"es\",\"@id\":\"https:\\\/\\\/eyebrowtracer.com\\\/es\\\/como-trazar-las-cejas-correctamente\\\/#primaryimage\",\"url\":\"https:\\\/\\\/eyebrowtracer.com\\\/wp-content\\\/uploads\\\/2014\\\/04\\\/step1-130x300.jpg\",\"contentUrl\":\"https:\\\/\\\/eyebrowtracer.com\\\/wp-content\\\/uploads\\\/2014\\\/04\\\/step1-130x300.jpg\"},{\"@type\":\"BreadcrumbList\",\"@id\":\"https:\\\/\\\/eyebrowtracer.com\\\/es\\\/como-trazar-las-cejas-correctamente\\\/#breadcrumb\",\"itemListElement\":[{\"@type\":\"ListItem\",\"position\":1,\"name\":\"Home\",\"item\":\"https:\\\/\\\/eyebrowtracer.com\\\/es\\\/\"},{\"@type\":\"ListItem\",\"position\":2,\"name\":\"C\u00f3mo trazar las cejas correctamente\"}]},{\"@type\":\"WebSite\",\"@id\":\"https:\\\/\\\/eyebrowtracer.com\\\/#website\",\"url\":\"https:\\\/\\\/eyebrowtracer.com\\\/\",\"name\":\"Eyebrow Tracer\",\"description\":\"Cejas perfectas en tres actos!\",\"potentialAction\":[{\"@type\":\"SearchAction\",\"target\":{\"@type\":\"EntryPoint\",\"urlTemplate\":\"https:\\\/\\\/eyebrowtracer.com\\\/?s={search_term_string}\"},\"query-input\":{\"@type\":\"PropertyValueSpecification\",\"valueRequired\":true,\"valueName\":\"search_term_string\"}}],\"inLanguage\":\"es\"}]}<\/script>\n<!-- \/ Yoast SEO plugin. -->","yoast_head_json":{"title":"C\u00f3mo trazar las cejas correctamente - Eyebrow Tracer","description":"Bastan tres simples gestos para trazar el contorno correcto de las cejas. El punto de inicio , el punto final y el punto de altura m\u00e1xima est\u00e1n al alcance de todos.","robots":{"index":"index","follow":"follow","max-snippet":"max-snippet:-1","max-image-preview":"max-image-preview:large","max-video-preview":"max-video-preview:-1"},"canonical":"https:\/\/eyebrowtracer.com\/es\/como-trazar-las-cejas-correctamente\/","og_locale":"es_ES","og_type":"article","og_title":"C\u00f3mo trazar las cejas correctamente - Eyebrow Tracer","og_description":"Bastan tres simples gestos para trazar el contorno correcto de las cejas. El punto de inicio , el punto final y el punto de altura m\u00e1xima est\u00e1n al alcance de todos.","og_url":"https:\/\/eyebrowtracer.com\/es\/como-trazar-las-cejas-correctamente\/","og_site_name":"Eyebrow Tracer","article_modified_time":"2022-11-20T15:48:36+00:00","twitter_misc":{"Tiempo de lectura":"4 minutos"},"schema":{"@context":"https:\/\/schema.org","@graph":[{"@type":"WebPage","@id":"https:\/\/eyebrowtracer.com\/es\/como-trazar-las-cejas-correctamente\/","url":"https:\/\/eyebrowtracer.com\/es\/como-trazar-las-cejas-correctamente\/","name":"C\u00f3mo trazar las cejas correctamente - Eyebrow Tracer","isPartOf":{"@id":"https:\/\/eyebrowtracer.com\/#website"},"primaryImageOfPage":{"@id":"https:\/\/eyebrowtracer.com\/es\/como-trazar-las-cejas-correctamente\/#primaryimage"},"image":{"@id":"https:\/\/eyebrowtracer.com\/es\/como-trazar-las-cejas-correctamente\/#primaryimage"},"thumbnailUrl":"https:\/\/eyebrowtracer.com\/wp-content\/uploads\/2014\/04\/step1-130x300.jpg","datePublished":"2014-04-04T12:51:38+00:00","dateModified":"2022-11-20T15:48:36+00:00","description":"Bastan tres simples gestos para trazar el contorno correcto de las cejas. El punto de inicio , el punto final y el punto de altura m\u00e1xima est\u00e1n al alcance de todos.","breadcrumb":{"@id":"https:\/\/eyebrowtracer.com\/es\/como-trazar-las-cejas-correctamente\/#breadcrumb"},"inLanguage":"es","potentialAction":[{"@type":"ReadAction","target":["https:\/\/eyebrowtracer.com\/es\/como-trazar-las-cejas-correctamente\/"]}]},{"@type":"ImageObject","inLanguage":"es","@id":"https:\/\/eyebrowtracer.com\/es\/como-trazar-las-cejas-correctamente\/#primaryimage","url":"https:\/\/eyebrowtracer.com\/wp-content\/uploads\/2014\/04\/step1-130x300.jpg","contentUrl":"https:\/\/eyebrowtracer.com\/wp-content\/uploads\/2014\/04\/step1-130x300.jpg"},{"@type":"BreadcrumbList","@id":"https:\/\/eyebrowtracer.com\/es\/como-trazar-las-cejas-correctamente\/#breadcrumb","itemListElement":[{"@type":"ListItem","position":1,"name":"Home","item":"https:\/\/eyebrowtracer.com\/es\/"},{"@type":"ListItem","position":2,"name":"C\u00f3mo trazar las cejas correctamente"}]},{"@type":"WebSite","@id":"https:\/\/eyebrowtracer.com\/#website","url":"https:\/\/eyebrowtracer.com\/","name":"Eyebrow Tracer","description":"Cejas perfectas en tres actos!","potentialAction":[{"@type":"SearchAction","target":{"@type":"EntryPoint","urlTemplate":"https:\/\/eyebrowtracer.com\/?s={search_term_string}"},"query-input":{"@type":"PropertyValueSpecification","valueRequired":true,"valueName":"search_term_string"}}],"inLanguage":"es"}]}},"_links":{"self":[{"href":"https:\/\/eyebrowtracer.com\/es\/wp-json\/wp\/v2\/pages\/757","targetHints":{"allow":["GET"]}}],"collection":[{"href":"https:\/\/eyebrowtracer.com\/es\/wp-json\/wp\/v2\/pages"}],"about":[{"href":"https:\/\/eyebrowtracer.com\/es\/wp-json\/wp\/v2\/types\/page"}],"author":[{"embeddable":true,"href":"https:\/\/eyebrowtracer.com\/es\/wp-json\/wp\/v2\/users\/2"}],"replies":[{"embeddable":true,"href":"https:\/\/eyebrowtracer.com\/es\/wp-json\/wp\/v2\/comments?post=757"}],"version-history":[{"count":11,"href":"https:\/\/eyebrowtracer.com\/es\/wp-json\/wp\/v2\/pages\/757\/revisions"}],"predecessor-version":[{"id":9338,"href":"https:\/\/eyebrowtracer.com\/es\/wp-json\/wp\/v2\/pages\/757\/revisions\/9338"}],"wp:attachment":[{"href":"https:\/\/eyebrowtracer.com\/es\/wp-json\/wp\/v2\/media?parent=757"}],"curies":[{"name":"wp","href":"https:\/\/api.w.org\/{rel}","templated":true}]}}