{"id":729,"date":"2014-04-04T17:07:14","date_gmt":"2014-04-04T15:07:14","guid":{"rendered":"http:\/\/eyebrowtracer.provahosting.it\/domande-frequenti-2\/"},"modified":"2022-11-20T16:51:23","modified_gmt":"2022-11-20T15:51:23","slug":"preguntas-frecuentes","status":"publish","type":"page","link":"https:\/\/eyebrowtracer.com\/es\/preguntas-frecuentes\/","title":{"rendered":"Preguntas frecuentes"},"content":{"rendered":"<div id='layer_slider_1' class='avia-layerslider main_color avia-shadow  avia-builder-el-0  el_before_av_textblock  avia-builder-el-first  container_wrap sidebar_right' style='  height: 151px;' ><\/div><div id='after_layer_slider_1' class='main_color av_default_container_wrap container_wrap sidebar_right' style=' '  ><div class='container' ><div class='template-page content  av-content-small alpha units'><div class='post-entry post-entry-type-page post-entry-729'><div class='entry-content-wrapper clearfix'>\n<section class=\"av_textblock_section \"  itemscope=\"itemscope\" itemtype=\"https:\/\/schema.org\/CreativeWork\" ><div class='avia_textblock  '   itemprop=\"text\" ><h3>Las preguntas frecuentes que recibimos<\/h3>\n<p>A seguir podr\u00e1s encontrar algunas de la preguntas m\u00e1s frecuentes que algunos de nuestros clientes nos han hecho. Visto que hay muchas similitudes entre ellas, hemos decidido de reunirlas en esta p\u00e1gina para poder ofrecer una respuesta a todas aquellas personas que necesiten de mayores informaciones.<\/p>\n<p>Si no encuentras respuesta a tus dudas en esta p\u00e1gina, no dudes en contactarnos. te resp\u00f3nderemos lo antes posible.<\/p>\n<\/div><\/section>\n<div  class='hr hr-short hr-center   avia-builder-el-2  el_after_av_textblock  el_before_av_textblock '><span class='hr-inner ' ><span class='hr-inner-style'><\/span><\/span><\/div>\n<section class=\"av_textblock_section \"  itemscope=\"itemscope\" itemtype=\"https:\/\/schema.org\/CreativeWork\" ><div class='avia_textblock  '   itemprop=\"text\" ><div class=\"arconix-faq-accordion-wrap\"><div id=\"faq-743\" class=\"arconix-faq-accordion-title\">\u00bfA qui\u00e9n est\u00e1 dirigido el Eyebrow Tracer?<\/div><div id=\"faq-AquinestdirigidoelEyebrowTracer\" class=\"arconix-faq-accordion-content\"><p>Esta herramienta ha sido ideada para ser utilizada por profesionales en el sector de la est\u00e9tica as\u00ed como por clientes. Para el profesional esta herramienta simple pero innovativa permite mayor precisi\u00f3n y rapidez en la identificaci\u00f3n de los tres puntos principales che determinan el dise\u00f1o de la ceja.<br \/>\nTambi\u00e9n los clientes pueden usar la herrameinta c\u00f3mo gu\u00eda para trazar el proprio, personal y apropriado, contorno de las cejas.<br \/>\nEl m\u00e9todo de uso de la herramienta, ilustrado en el folleto de instrucciones anexo al producto, hace de la misma una herramienta f\u00e1cil de usar.<\/p>\n<\/div><div id=\"faq-732\" class=\"arconix-faq-accordion-title\">\u00bfC\u00f3mo funciona el Eyebrow Tracer?<\/div><div id=\"faq-CmofuncionaelEyebrowTracer\" class=\"arconix-faq-accordion-content\"><p>Es muy simple. Las tres astas que lo constituyen permiten a cualquier (profesional o no) de identificar los 3 puntos principales que definen una ceja (punto inicial, punto final y punto de altura m\u00e1xima).\u00a0 Una vez que estos 3 puntos han sido identificados, la persona que utiliza la herramienta, tendr\u00e1 s\u00f3lo que unirlos entre ellos para obtener un contorno correcto de la ceja.<\/p>\n<\/div><div id=\"faq-736\" class=\"arconix-faq-accordion-title\">\u00bfD\u00f3nde se produce el Eyebrow Tracer?<\/div><div id=\"faq-DndeseproduceelEyebrowTracer\" class=\"arconix-faq-accordion-content\"><p>El Eyebrow Tracer ha sido ideado, realizado y es producido completamente en Italia.<\/p>\n<\/div><div id=\"faq-741\" class=\"arconix-faq-accordion-title\">\u00bfEs una t\u00e9cnica aplicable a cualquier persona?<\/div><div id=\"faq-Esunatcnicaaplicableacualquierpersona\" class=\"arconix-faq-accordion-content\"><p>S\u00ed, es una t\u00e9cnica que puede ser utilizada por profesionales, que saben exactamente qu\u00e9 buscar y c\u00f3mo obtenerlo (los tres puntos), as\u00ed como por personas menos expertas, a las cu\u00e1les les basta con seguir las instrucciones para obtener el mismo resultado.<\/p>\n<\/div><div id=\"faq-739\" class=\"arconix-faq-accordion-title\">\u00bfExisten otras t\u00e9cnicas?<\/div><div id=\"faq-Existenotrastcnicas\" class=\"arconix-faq-accordion-content\"><p>S\u00ed, existen otras t\u00e9cnicas. Pero seg\u00fan estudios realizados la t\u00e9cnica que adopta el Eyebrow Tracer es la \u00fanica que garantiza un resultado sin posibilidad de errores.<\/p>\n<\/div><div id=\"faq-745\" class=\"arconix-faq-accordion-title\">\u00bfPor qu\u00e9 el uso de las plantillas de cejas no puede ser considerado una t\u00e9cnica?<\/div><div id=\"faq-Porquelusodelasplantillasdecejasnopuedeserconsideradounatcnica\" class=\"arconix-faq-accordion-content\"><p>Para los no profesionales del sector es necesario explicar en qu\u00e9 consiste una plantilla para cejas (brow stencil). Se refiere a un soporte, generalmente de pl\u00e1stico, sobre el cual han sido recortados distintos tipos de contornos de cejas. Por consiguiente, no es posible considerar la plantilla para cejas una t\u00e9cnica, visto que no se preocupa de identificar los tres puntos principales de la ceja, sino s\u00f3lo de reproducir\/copiar la forma que se considera m\u00e1s adecuada sobre un rostro, sin tomar en cuenta sus proporciones ni medidas.<br \/>\nSe trata, de hecho, de una modalidad arbitraria.<br \/>\n\u00c9ste m\u00e9todo no ha tenido mucho \u00e9xito en Italia, gracias a la profesionalidad de las\/os make-up artist (esteticistas faciales y maquilladoras\/es) qui\u00e9nes, sabiendo de no poder pegar una ceja sobre el rostro de una persona, se han mantenido a la larga del mismo.<\/p>\n<\/div><div id=\"faq-748\" class=\"arconix-faq-accordion-title\">\u00bfPor qu\u00e9 no podr\u00e1s evitar de usar el Eyebrow Tracer?<\/div><div id=\"faq-PorqunopodrsevitardeusarelEyebrowTracer\" class=\"arconix-faq-accordion-content\"><p>Porque permite a cualquier persona de mejorar, con pocos y simples pasos, el proprio aspecto y el de las dem\u00e1s personas, poniendo en evidencia los rasgos \u00fanicos de cada rostro.<\/p>\n<\/div><div id=\"faq-734\" class=\"arconix-faq-accordion-title\">\u00bfQu\u00e9 es el Eyebrow Tracer?<\/div><div id=\"faq-QueselEyebrowTracer\" class=\"arconix-faq-accordion-content\"><p>El Eyebrow Tracer es una herramienta que permite trazar, siguiendo reglas simples, de manera precisa, segura y veloz un dise\u00f1o correcto del contorno de la ceja sin posibilidad de errores.<\/p>\n<\/div><\/div>\n<\/div><\/section>\n","protected":false},"excerpt":{"rendered":"","protected":false},"author":2,"featured_media":0,"parent":0,"menu_order":0,"comment_status":"open","ping_status":"open","template":"","meta":{"footnotes":""},"class_list":["post-729","page","type-page","status-publish","hentry"],"yoast_head":"<!-- This site is optimized with the Yoast SEO plugin v27.3 - https:\/\/yoast.com\/product\/yoast-seo-wordpress\/ -->\n<title>Preguntas frecuentes - Eyebrow Tracer<\/title>\n<meta name=\"description\" content=\"\u00bfTienes dudas sobre el uso del Eyebrow Tracer?. Aqu\u00ed podr\u00e1s encontrar las preguntas m\u00e1s frecuentes que hemos recibido. Y si todav\u00eda no es suficiente, \u00a1cont\u00e1ctanos!\" \/>\n<meta name=\"robots\" content=\"index, follow, max-snippet:-1, max-image-preview:large, max-video-preview:-1\" \/>\n<link rel=\"canonical\" href=\"https:\/\/eyebrowtracer.com\/es\/preguntas-frecuentes\/\" \/>\n<meta property=\"og:locale\" content=\"es_ES\" \/>\n<meta property=\"og:type\" content=\"article\" \/>\n<meta property=\"og:title\" content=\"Preguntas frecuentes - Eyebrow Tracer\" \/>\n<meta property=\"og:description\" content=\"\u00bfTienes dudas sobre el uso del Eyebrow Tracer?. Aqu\u00ed podr\u00e1s encontrar las preguntas m\u00e1s frecuentes que hemos recibido. Y si todav\u00eda no es suficiente, \u00a1cont\u00e1ctanos!\" \/>\n<meta property=\"og:url\" content=\"https:\/\/eyebrowtracer.com\/es\/preguntas-frecuentes\/\" \/>\n<meta property=\"og:site_name\" content=\"Eyebrow Tracer\" \/>\n<meta property=\"article:modified_time\" content=\"2022-11-20T15:51:23+00:00\" \/>\n<meta name=\"twitter:label1\" content=\"Tiempo de lectura\" \/>\n\t<meta name=\"twitter:data1\" content=\"1 minuto\" \/>\n<script type=\"application\/ld+json\" class=\"yoast-schema-graph\">{\"@context\":\"https:\\\/\\\/schema.org\",\"@graph\":[{\"@type\":\"WebPage\",\"@id\":\"https:\\\/\\\/eyebrowtracer.com\\\/es\\\/preguntas-frecuentes\\\/\",\"url\":\"https:\\\/\\\/eyebrowtracer.com\\\/es\\\/preguntas-frecuentes\\\/\",\"name\":\"Preguntas frecuentes - Eyebrow Tracer\",\"isPartOf\":{\"@id\":\"https:\\\/\\\/eyebrowtracer.com\\\/#website\"},\"datePublished\":\"2014-04-04T15:07:14+00:00\",\"dateModified\":\"2022-11-20T15:51:23+00:00\",\"description\":\"\u00bfTienes dudas sobre el uso del Eyebrow Tracer?. Aqu\u00ed podr\u00e1s encontrar las preguntas m\u00e1s frecuentes que hemos recibido. Y si todav\u00eda no es suficiente, \u00a1cont\u00e1ctanos!\",\"breadcrumb\":{\"@id\":\"https:\\\/\\\/eyebrowtracer.com\\\/es\\\/preguntas-frecuentes\\\/#breadcrumb\"},\"inLanguage\":\"es\",\"potentialAction\":[{\"@type\":\"ReadAction\",\"target\":[\"https:\\\/\\\/eyebrowtracer.com\\\/es\\\/preguntas-frecuentes\\\/\"]}]},{\"@type\":\"BreadcrumbList\",\"@id\":\"https:\\\/\\\/eyebrowtracer.com\\\/es\\\/preguntas-frecuentes\\\/#breadcrumb\",\"itemListElement\":[{\"@type\":\"ListItem\",\"position\":1,\"name\":\"Home\",\"item\":\"https:\\\/\\\/eyebrowtracer.com\\\/es\\\/\"},{\"@type\":\"ListItem\",\"position\":2,\"name\":\"Preguntas frecuentes\"}]},{\"@type\":\"WebSite\",\"@id\":\"https:\\\/\\\/eyebrowtracer.com\\\/#website\",\"url\":\"https:\\\/\\\/eyebrowtracer.com\\\/\",\"name\":\"Eyebrow Tracer\",\"description\":\"Cejas perfectas en tres actos!\",\"potentialAction\":[{\"@type\":\"SearchAction\",\"target\":{\"@type\":\"EntryPoint\",\"urlTemplate\":\"https:\\\/\\\/eyebrowtracer.com\\\/?s={search_term_string}\"},\"query-input\":{\"@type\":\"PropertyValueSpecification\",\"valueRequired\":true,\"valueName\":\"search_term_string\"}}],\"inLanguage\":\"es\"}]}<\/script>\n<!-- \/ Yoast SEO plugin. -->","yoast_head_json":{"title":"Preguntas frecuentes - Eyebrow Tracer","description":"\u00bfTienes dudas sobre el uso del Eyebrow Tracer?. Aqu\u00ed podr\u00e1s encontrar las preguntas m\u00e1s frecuentes que hemos recibido. Y si todav\u00eda no es suficiente, \u00a1cont\u00e1ctanos!","robots":{"index":"index","follow":"follow","max-snippet":"max-snippet:-1","max-image-preview":"max-image-preview:large","max-video-preview":"max-video-preview:-1"},"canonical":"https:\/\/eyebrowtracer.com\/es\/preguntas-frecuentes\/","og_locale":"es_ES","og_type":"article","og_title":"Preguntas frecuentes - Eyebrow Tracer","og_description":"\u00bfTienes dudas sobre el uso del Eyebrow Tracer?. Aqu\u00ed podr\u00e1s encontrar las preguntas m\u00e1s frecuentes que hemos recibido. Y si todav\u00eda no es suficiente, \u00a1cont\u00e1ctanos!","og_url":"https:\/\/eyebrowtracer.com\/es\/preguntas-frecuentes\/","og_site_name":"Eyebrow Tracer","article_modified_time":"2022-11-20T15:51:23+00:00","twitter_misc":{"Tiempo de lectura":"1 minuto"},"schema":{"@context":"https:\/\/schema.org","@graph":[{"@type":"WebPage","@id":"https:\/\/eyebrowtracer.com\/es\/preguntas-frecuentes\/","url":"https:\/\/eyebrowtracer.com\/es\/preguntas-frecuentes\/","name":"Preguntas frecuentes - Eyebrow Tracer","isPartOf":{"@id":"https:\/\/eyebrowtracer.com\/#website"},"datePublished":"2014-04-04T15:07:14+00:00","dateModified":"2022-11-20T15:51:23+00:00","description":"\u00bfTienes dudas sobre el uso del Eyebrow Tracer?. Aqu\u00ed podr\u00e1s encontrar las preguntas m\u00e1s frecuentes que hemos recibido. Y si todav\u00eda no es suficiente, \u00a1cont\u00e1ctanos!","breadcrumb":{"@id":"https:\/\/eyebrowtracer.com\/es\/preguntas-frecuentes\/#breadcrumb"},"inLanguage":"es","potentialAction":[{"@type":"ReadAction","target":["https:\/\/eyebrowtracer.com\/es\/preguntas-frecuentes\/"]}]},{"@type":"BreadcrumbList","@id":"https:\/\/eyebrowtracer.com\/es\/preguntas-frecuentes\/#breadcrumb","itemListElement":[{"@type":"ListItem","position":1,"name":"Home","item":"https:\/\/eyebrowtracer.com\/es\/"},{"@type":"ListItem","position":2,"name":"Preguntas frecuentes"}]},{"@type":"WebSite","@id":"https:\/\/eyebrowtracer.com\/#website","url":"https:\/\/eyebrowtracer.com\/","name":"Eyebrow Tracer","description":"Cejas perfectas en tres actos!","potentialAction":[{"@type":"SearchAction","target":{"@type":"EntryPoint","urlTemplate":"https:\/\/eyebrowtracer.com\/?s={search_term_string}"},"query-input":{"@type":"PropertyValueSpecification","valueRequired":true,"valueName":"search_term_string"}}],"inLanguage":"es"}]}},"_links":{"self":[{"href":"https:\/\/eyebrowtracer.com\/es\/wp-json\/wp\/v2\/pages\/729","targetHints":{"allow":["GET"]}}],"collection":[{"href":"https:\/\/eyebrowtracer.com\/es\/wp-json\/wp\/v2\/pages"}],"about":[{"href":"https:\/\/eyebrowtracer.com\/es\/wp-json\/wp\/v2\/types\/page"}],"author":[{"embeddable":true,"href":"https:\/\/eyebrowtracer.com\/es\/wp-json\/wp\/v2\/users\/2"}],"replies":[{"embeddable":true,"href":"https:\/\/eyebrowtracer.com\/es\/wp-json\/wp\/v2\/comments?post=729"}],"version-history":[{"count":7,"href":"https:\/\/eyebrowtracer.com\/es\/wp-json\/wp\/v2\/pages\/729\/revisions"}],"predecessor-version":[{"id":9350,"href":"https:\/\/eyebrowtracer.com\/es\/wp-json\/wp\/v2\/pages\/729\/revisions\/9350"}],"wp:attachment":[{"href":"https:\/\/eyebrowtracer.com\/es\/wp-json\/wp\/v2\/media?parent=729"}],"curies":[{"name":"wp","href":"https:\/\/api.w.org\/{rel}","templated":true}]}}