{"id":724,"date":"2014-04-04T14:52:07","date_gmt":"2014-04-04T12:52:07","guid":{"rendered":"http:\/\/eyebrowtracer.provahosting.it\/il-corso-di-eyebrow-tracer-2\/"},"modified":"2022-11-20T16:49:27","modified_gmt":"2022-11-20T15:49:27","slug":"el-curso-de-eyebrow-tracer","status":"publish","type":"page","link":"https:\/\/eyebrowtracer.com\/es\/el-curso-de-eyebrow-tracer\/","title":{"rendered":"El curso de Eyebrow Tracer"},"content":{"rendered":"<div id='layer_slider_1' class='avia-layerslider main_color avia-shadow  avia-builder-el-0  el_before_av_textblock  avia-builder-el-first  container_wrap sidebar_right' style='  height: 151px;' ><\/div><div id='after_layer_slider_1' class='main_color av_default_container_wrap container_wrap sidebar_right' style=' '  ><div class='container' ><div class='template-page content  av-content-small alpha units'><div class='post-entry post-entry-type-page post-entry-724'><div class='entry-content-wrapper clearfix'>\n<section class=\"av_textblock_section \"  itemscope=\"itemscope\" itemtype=\"https:\/\/schema.org\/CreativeWork\" ><div class='avia_textblock  '   itemprop=\"text\" ><h3><a href=\"https:\/\/eyebrowtracer.com\/wp-content\/uploads\/2014\/04\/corso-300x300.jpg\"><img loading=\"lazy\" decoding=\"async\" class=\"size-medium wp-image-597 alignleft\" src=\"https:\/\/eyebrowtracer.com\/wp-content\/uploads\/2014\/04\/corso-300x300.jpg\" alt=\"\" width=\"300\" height=\"300\" srcset=\"https:\/\/eyebrowtracer.com\/wp-content\/uploads\/2014\/04\/corso-300x300.jpg 300w, https:\/\/eyebrowtracer.com\/wp-content\/uploads\/2014\/04\/corso-100x100.jpg 100w, https:\/\/eyebrowtracer.com\/wp-content\/uploads\/2014\/04\/corso-80x80.jpg 80w, https:\/\/eyebrowtracer.com\/wp-content\/uploads\/2014\/04\/corso-36x36.jpg 36w, https:\/\/eyebrowtracer.com\/wp-content\/uploads\/2014\/04\/corso-180x180.jpg 180w, https:\/\/eyebrowtracer.com\/wp-content\/uploads\/2014\/04\/corso-120x120.jpg 120w, https:\/\/eyebrowtracer.com\/wp-content\/uploads\/2014\/04\/corso.jpg 450w\" sizes=\"auto, (max-width: 300px) 100vw, 300px\" \/><\/a>\u00bfPor qu\u00e9 seguir un curso de Eyebrow Tracer?<\/h3>\n<p>El curso de Eyebrow Tracer est\u00e1 dirigido a todos los profesionales (y no s\u00f3lo) que desean aprender a manejar algunos elementos complejos del rostro como lo son las cejas, y as\u00ed pasar a formar parte del restringido grupo de profesionales especialistas del rostro.<\/p>\n<p>\u00bfPor qu\u00e9 las cejas? \u00a1Simple! Para poder aprender a manejar aquellos elementos complejos del rostro, como lo son las cejas. Una t\u00e9cnica que ha estado siempre en manos de pocos profesionales y, entonces, pasar a formar parte del grupo de especialistas en el dise\u00f1o de las cejas (eyebrow designer).<\/p>\n<p>Algunos estudios muestran la enorme importancia de las cejas, no s\u00f3lo en las proporciones del rostro y de sus elementos, sino en la expresi\u00f3n del mismo.<br \/>\nS\u00f3lo un peque\u00f1o error puede hacer que el rostro pierda su armon\u00eda y cambie expresi\u00f3n.<\/p>\n<p>Razones suficientes para tratar las cejas con atenci\u00f3n y seguir un curso di Eyebrow Tracer.<\/p>\n<p>Este curso no s\u00f3lo proporciona todos los conocimientos necesarios que un profesional deber\u00eda saber sobre las cejas, sino que permite ampliar el bagaje cultural, profundizar los conocimientos, obtener una ventaja sobre vuestros colegas y mantenerse actualizado sobre la \u00faltima novedad che ofrece el mercado \u00abuna innovaci\u00f3n que revoluciona: el Eyebrow Tracer\u00bb.<\/p>\n<p>Todo \u00e9sto os ayudar\u00e1 a satisfacer una clientela cada d\u00eda m\u00e1s exigente.<\/p>\n<\/div><\/section>\n<div class=\"flex_column av_one_third  flex_column_div first  avia-builder-el-2  el_after_av_textblock  el_before_av_one_third  column-top-margin\" ><div class='avia-button-wrap avia-button-center  avia-builder-el-3  avia-builder-el-no-sibling  '><a href='https:\/\/eyebrowtracer.com\/es\/video-tutorial\/'  class='avia-button   avia-icon_select-no avia-color-theme-color avia-size-large avia-position-center '   ><span class='avia_iconbox_title' >Mirar el video<\/span><\/a><\/div><\/div>\n<div class=\"flex_column av_one_third  flex_column_div av-zero-column-padding   avia-builder-el-4  el_after_av_one_third  el_before_av_one_third  column-top-margin\" style='border-radius:0px; '><div class='avia-button-wrap avia-button-center  avia-builder-el-5  avia-builder-el-no-sibling  '><a href='https:\/\/eyebrowtracer.com\/es\/como-trazar-las-cejas-correctamente\/'  class='avia-button   avia-icon_select-no avia-color-theme-color avia-size-large avia-position-center '   ><span class='avia_iconbox_title' >Lee las instrucciones<\/span><\/a><\/div><\/div>\n<div class=\"flex_column av_one_third  flex_column_div av-zero-column-padding   avia-builder-el-6  el_after_av_one_third  avia-builder-el-last  column-top-margin\" style='border-radius:0px; '><div class='avia-button-wrap avia-button-center  avia-builder-el-7  avia-builder-el-no-sibling  '><a href='https:\/\/eyebrowtracer.com\/es\/video-tutorial\/'  class='avia-button   avia-icon_select-no avia-color-theme-color avia-size-large avia-position-center '   ><span class='avia_iconbox_title' >Mirar el video<\/span><\/a><\/div><\/div>\n","protected":false},"excerpt":{"rendered":"","protected":false},"author":2,"featured_media":0,"parent":0,"menu_order":0,"comment_status":"open","ping_status":"open","template":"","meta":{"footnotes":""},"class_list":["post-724","page","type-page","status-publish","hentry"],"yoast_head":"<!-- This site is optimized with the Yoast SEO plugin v27.3 - https:\/\/yoast.com\/product\/yoast-seo-wordpress\/ -->\n<title>El curso de Eyebrow Tracer - Eyebrow Tracer<\/title>\n<meta name=\"description\" content=\"Si deseas convertirte en un esperto dise\u00f1ador de cejas, inscr\u00edbete al curso de Eyebrow Tracer. Aprender\u00e1s a manejar una herramienta compleja en completa autonom\u00eda.\" \/>\n<meta name=\"robots\" content=\"index, follow, max-snippet:-1, max-image-preview:large, max-video-preview:-1\" \/>\n<link rel=\"canonical\" href=\"https:\/\/eyebrowtracer.com\/es\/el-curso-de-eyebrow-tracer\/\" \/>\n<meta property=\"og:locale\" content=\"es_ES\" \/>\n<meta property=\"og:type\" content=\"article\" \/>\n<meta property=\"og:title\" content=\"El curso de Eyebrow Tracer - Eyebrow Tracer\" \/>\n<meta property=\"og:description\" content=\"Si deseas convertirte en un esperto dise\u00f1ador de cejas, inscr\u00edbete al curso de Eyebrow Tracer. Aprender\u00e1s a manejar una herramienta compleja en completa autonom\u00eda.\" \/>\n<meta property=\"og:url\" content=\"https:\/\/eyebrowtracer.com\/es\/el-curso-de-eyebrow-tracer\/\" \/>\n<meta property=\"og:site_name\" content=\"Eyebrow Tracer\" \/>\n<meta property=\"article:modified_time\" content=\"2022-11-20T15:49:27+00:00\" \/>\n<meta name=\"twitter:label1\" content=\"Tiempo de lectura\" \/>\n\t<meta name=\"twitter:data1\" content=\"3 minutos\" \/>\n<script type=\"application\/ld+json\" class=\"yoast-schema-graph\">{\"@context\":\"https:\\\/\\\/schema.org\",\"@graph\":[{\"@type\":\"WebPage\",\"@id\":\"https:\\\/\\\/eyebrowtracer.com\\\/es\\\/el-curso-de-eyebrow-tracer\\\/\",\"url\":\"https:\\\/\\\/eyebrowtracer.com\\\/es\\\/el-curso-de-eyebrow-tracer\\\/\",\"name\":\"El curso de Eyebrow Tracer - Eyebrow Tracer\",\"isPartOf\":{\"@id\":\"https:\\\/\\\/eyebrowtracer.com\\\/#website\"},\"primaryImageOfPage\":{\"@id\":\"https:\\\/\\\/eyebrowtracer.com\\\/es\\\/el-curso-de-eyebrow-tracer\\\/#primaryimage\"},\"image\":{\"@id\":\"https:\\\/\\\/eyebrowtracer.com\\\/es\\\/el-curso-de-eyebrow-tracer\\\/#primaryimage\"},\"thumbnailUrl\":\"https:\\\/\\\/eyebrowtracer.com\\\/wp-content\\\/uploads\\\/2014\\\/04\\\/corso-300x300.jpg\",\"datePublished\":\"2014-04-04T12:52:07+00:00\",\"dateModified\":\"2022-11-20T15:49:27+00:00\",\"description\":\"Si deseas convertirte en un esperto dise\u00f1ador de cejas, inscr\u00edbete al curso de Eyebrow Tracer. Aprender\u00e1s a manejar una herramienta compleja en completa autonom\u00eda.\",\"breadcrumb\":{\"@id\":\"https:\\\/\\\/eyebrowtracer.com\\\/es\\\/el-curso-de-eyebrow-tracer\\\/#breadcrumb\"},\"inLanguage\":\"es\",\"potentialAction\":[{\"@type\":\"ReadAction\",\"target\":[\"https:\\\/\\\/eyebrowtracer.com\\\/es\\\/el-curso-de-eyebrow-tracer\\\/\"]}]},{\"@type\":\"ImageObject\",\"inLanguage\":\"es\",\"@id\":\"https:\\\/\\\/eyebrowtracer.com\\\/es\\\/el-curso-de-eyebrow-tracer\\\/#primaryimage\",\"url\":\"https:\\\/\\\/eyebrowtracer.com\\\/wp-content\\\/uploads\\\/2014\\\/04\\\/corso-300x300.jpg\",\"contentUrl\":\"https:\\\/\\\/eyebrowtracer.com\\\/wp-content\\\/uploads\\\/2014\\\/04\\\/corso-300x300.jpg\"},{\"@type\":\"BreadcrumbList\",\"@id\":\"https:\\\/\\\/eyebrowtracer.com\\\/es\\\/el-curso-de-eyebrow-tracer\\\/#breadcrumb\",\"itemListElement\":[{\"@type\":\"ListItem\",\"position\":1,\"name\":\"Home\",\"item\":\"https:\\\/\\\/eyebrowtracer.com\\\/es\\\/\"},{\"@type\":\"ListItem\",\"position\":2,\"name\":\"El curso de Eyebrow Tracer\"}]},{\"@type\":\"WebSite\",\"@id\":\"https:\\\/\\\/eyebrowtracer.com\\\/#website\",\"url\":\"https:\\\/\\\/eyebrowtracer.com\\\/\",\"name\":\"Eyebrow Tracer\",\"description\":\"Cejas perfectas en tres actos!\",\"potentialAction\":[{\"@type\":\"SearchAction\",\"target\":{\"@type\":\"EntryPoint\",\"urlTemplate\":\"https:\\\/\\\/eyebrowtracer.com\\\/?s={search_term_string}\"},\"query-input\":{\"@type\":\"PropertyValueSpecification\",\"valueRequired\":true,\"valueName\":\"search_term_string\"}}],\"inLanguage\":\"es\"}]}<\/script>\n<!-- \/ Yoast SEO plugin. -->","yoast_head_json":{"title":"El curso de Eyebrow Tracer - Eyebrow Tracer","description":"Si deseas convertirte en un esperto dise\u00f1ador de cejas, inscr\u00edbete al curso de Eyebrow Tracer. Aprender\u00e1s a manejar una herramienta compleja en completa autonom\u00eda.","robots":{"index":"index","follow":"follow","max-snippet":"max-snippet:-1","max-image-preview":"max-image-preview:large","max-video-preview":"max-video-preview:-1"},"canonical":"https:\/\/eyebrowtracer.com\/es\/el-curso-de-eyebrow-tracer\/","og_locale":"es_ES","og_type":"article","og_title":"El curso de Eyebrow Tracer - Eyebrow Tracer","og_description":"Si deseas convertirte en un esperto dise\u00f1ador de cejas, inscr\u00edbete al curso de Eyebrow Tracer. Aprender\u00e1s a manejar una herramienta compleja en completa autonom\u00eda.","og_url":"https:\/\/eyebrowtracer.com\/es\/el-curso-de-eyebrow-tracer\/","og_site_name":"Eyebrow Tracer","article_modified_time":"2022-11-20T15:49:27+00:00","twitter_misc":{"Tiempo de lectura":"3 minutos"},"schema":{"@context":"https:\/\/schema.org","@graph":[{"@type":"WebPage","@id":"https:\/\/eyebrowtracer.com\/es\/el-curso-de-eyebrow-tracer\/","url":"https:\/\/eyebrowtracer.com\/es\/el-curso-de-eyebrow-tracer\/","name":"El curso de Eyebrow Tracer - Eyebrow Tracer","isPartOf":{"@id":"https:\/\/eyebrowtracer.com\/#website"},"primaryImageOfPage":{"@id":"https:\/\/eyebrowtracer.com\/es\/el-curso-de-eyebrow-tracer\/#primaryimage"},"image":{"@id":"https:\/\/eyebrowtracer.com\/es\/el-curso-de-eyebrow-tracer\/#primaryimage"},"thumbnailUrl":"https:\/\/eyebrowtracer.com\/wp-content\/uploads\/2014\/04\/corso-300x300.jpg","datePublished":"2014-04-04T12:52:07+00:00","dateModified":"2022-11-20T15:49:27+00:00","description":"Si deseas convertirte en un esperto dise\u00f1ador de cejas, inscr\u00edbete al curso de Eyebrow Tracer. Aprender\u00e1s a manejar una herramienta compleja en completa autonom\u00eda.","breadcrumb":{"@id":"https:\/\/eyebrowtracer.com\/es\/el-curso-de-eyebrow-tracer\/#breadcrumb"},"inLanguage":"es","potentialAction":[{"@type":"ReadAction","target":["https:\/\/eyebrowtracer.com\/es\/el-curso-de-eyebrow-tracer\/"]}]},{"@type":"ImageObject","inLanguage":"es","@id":"https:\/\/eyebrowtracer.com\/es\/el-curso-de-eyebrow-tracer\/#primaryimage","url":"https:\/\/eyebrowtracer.com\/wp-content\/uploads\/2014\/04\/corso-300x300.jpg","contentUrl":"https:\/\/eyebrowtracer.com\/wp-content\/uploads\/2014\/04\/corso-300x300.jpg"},{"@type":"BreadcrumbList","@id":"https:\/\/eyebrowtracer.com\/es\/el-curso-de-eyebrow-tracer\/#breadcrumb","itemListElement":[{"@type":"ListItem","position":1,"name":"Home","item":"https:\/\/eyebrowtracer.com\/es\/"},{"@type":"ListItem","position":2,"name":"El curso de Eyebrow Tracer"}]},{"@type":"WebSite","@id":"https:\/\/eyebrowtracer.com\/#website","url":"https:\/\/eyebrowtracer.com\/","name":"Eyebrow Tracer","description":"Cejas perfectas en tres actos!","potentialAction":[{"@type":"SearchAction","target":{"@type":"EntryPoint","urlTemplate":"https:\/\/eyebrowtracer.com\/?s={search_term_string}"},"query-input":{"@type":"PropertyValueSpecification","valueRequired":true,"valueName":"search_term_string"}}],"inLanguage":"es"}]}},"_links":{"self":[{"href":"https:\/\/eyebrowtracer.com\/es\/wp-json\/wp\/v2\/pages\/724","targetHints":{"allow":["GET"]}}],"collection":[{"href":"https:\/\/eyebrowtracer.com\/es\/wp-json\/wp\/v2\/pages"}],"about":[{"href":"https:\/\/eyebrowtracer.com\/es\/wp-json\/wp\/v2\/types\/page"}],"author":[{"embeddable":true,"href":"https:\/\/eyebrowtracer.com\/es\/wp-json\/wp\/v2\/users\/2"}],"replies":[{"embeddable":true,"href":"https:\/\/eyebrowtracer.com\/es\/wp-json\/wp\/v2\/comments?post=724"}],"version-history":[{"count":17,"href":"https:\/\/eyebrowtracer.com\/es\/wp-json\/wp\/v2\/pages\/724\/revisions"}],"predecessor-version":[{"id":9342,"href":"https:\/\/eyebrowtracer.com\/es\/wp-json\/wp\/v2\/pages\/724\/revisions\/9342"}],"wp:attachment":[{"href":"https:\/\/eyebrowtracer.com\/es\/wp-json\/wp\/v2\/media?parent=724"}],"curies":[{"name":"wp","href":"https:\/\/api.w.org\/{rel}","templated":true}]}}