{"id":721,"date":"2014-04-04T14:52:14","date_gmt":"2014-04-04T12:52:14","guid":{"rendered":"http:\/\/eyebrowtracer.provahosting.it\/le-caratteristiche-delleyebrow-tracer-2\/"},"modified":"2022-11-20T16:50:23","modified_gmt":"2022-11-20T15:50:23","slug":"la-herramienta","status":"publish","type":"page","link":"https:\/\/eyebrowtracer.com\/es\/la-herramienta\/","title":{"rendered":"La herramienta"},"content":{"rendered":"<div id='layer_slider_1' class='avia-layerslider main_color avia-shadow  avia-builder-el-0  el_before_av_textblock  avia-builder-el-first  container_wrap sidebar_right' style='  height: 151px;' ><\/div><div id='after_layer_slider_1' class='main_color av_default_container_wrap container_wrap sidebar_right' style=' '  ><div class='container' ><div class='template-page content  av-content-small alpha units'><div class='post-entry post-entry-type-page post-entry-721'><div class='entry-content-wrapper clearfix'>\n<section class=\"av_textblock_section \"  itemscope=\"itemscope\" itemtype=\"https:\/\/schema.org\/CreativeWork\" ><div class='avia_textblock  '   itemprop=\"text\" ><h3>Las caracter\u00edsticas t\u00e9cnicas<\/h3>\n<p>Para realizar el Eyebrow Tracer se tomaron en consideraci\u00f3n diversos aspectos de manera que el mismo fuese una herramineta completa, capaz de satisfacer todas las exigencias tanto de profesionales como de principiantes.<\/p>\n<p>Es imposible mostrarlas todas aqu\u00ed, pero enumeramos algunas de manera que puedan darse cuenta del estudio y atenci\u00f3n dedicados a un objeto aparentemente tan sencillo.<\/p>\n<p>Si estas informaciones no son suficientes, pueden visitar la secci\u00f3n \u00ab<a href=\"http:\/\/eyebrowtracer.provahosting.it\/es\/preguntas-frecuentes\/\">preguntas frecuentes<\/a>\u00bb o enviarnos un correo. Les responderemos lo antes posible.<\/p>\n<\/div><\/section>\n<div  class='hr hr-short hr-center   avia-builder-el-2  el_after_av_textblock  el_before_av_one_half '><span class='hr-inner ' ><span class='hr-inner-style'><\/span><\/span><\/div>\n<div class=\"flex_column av_one_half  flex_column_div first  avia-builder-el-3  el_after_av_hr  el_before_av_one_half  \" ><section class=\"av_textblock_section \"  itemscope=\"itemscope\" itemtype=\"https:\/\/schema.org\/CreativeWork\" ><div class='avia_textblock  '   itemprop=\"text\" ><h3 style=\"text-align: center;\">La confecci\u00f3n<\/h3>\n<p>La confecci\u00f3n completa del Eyebrow Tracer consiste en el producto, un l\u00e1piz de cejas, un seguro y las instrucciones en italiano e ingl\u00e9s.<\/p>\n<\/div><\/section><br \/>\n<div class='avia-gallery  avia-gallery-1 avia_lazyload avia-gallery-animate avia_animate_when_visible  avia-builder-el-5  el_after_av_textblock  avia-builder-el-last '  itemprop=\"image\" itemscope=\"itemscope\" itemtype=\"https:\/\/schema.org\/ImageObject\" ><a class='avia-gallery-big fakeLightbox lightbox avia-gallery-big-crop-thumb ' href='https:\/\/eyebrowtracer.com\/wp-content\/uploads\/2014\/04\/A11-979x1030.jpg'  data-onclick='1' title='' ><span class='avia-gallery-big-inner'  itemprop=\"thumbnailUrl\" >\t<img width='450' height='450' src='https:\/\/eyebrowtracer.com\/wp-content\/uploads\/2014\/04\/A11-450x450.jpg' title='Eyebrow Tracer &quot;Silver white&quot; - la confecci\u00f3n' alt='Eyebrow Tracer &quot;Silver white&quot; - la confecci\u00f3n' \/><\/span><\/a><div class='avia-gallery-thumb'> <a href='https:\/\/eyebrowtracer.com\/wp-content\/uploads\/2014\/04\/A11-979x1030.jpg' data-rel='gallery-1' data-prev-img='https:\/\/eyebrowtracer.com\/wp-content\/uploads\/2014\/04\/A11-450x450.jpg' class='first_thumb lightbox ' data-onclick='1' title=''  itemprop=\"thumbnailUrl\" ><img  src='https:\/\/eyebrowtracer.com\/wp-content\/uploads\/2014\/04\/A11-495x400.jpg' width='495' height='400'  title='Eyebrow Tracer &quot;Silver white&quot; - la confecci\u00f3n' alt='Eyebrow Tracer &quot;Silver white&quot; - la confecci\u00f3n' \/><\/a> <a href='https:\/\/eyebrowtracer.com\/wp-content\/uploads\/2014\/04\/A41-979x1030.jpg' data-rel='gallery-1' data-prev-img='https:\/\/eyebrowtracer.com\/wp-content\/uploads\/2014\/04\/A41-450x450.jpg' class='lightbox ' data-onclick='2' title=''  itemprop=\"thumbnailUrl\" ><img  src='https:\/\/eyebrowtracer.com\/wp-content\/uploads\/2014\/04\/A41-495x400.jpg' width='495' height='400'  title='Eyebrow Tracer &quot;Creative patchwork&quot; - la confecci\u00f3n' alt='Eyebrow Tracer &quot;Creative patchwork&quot; - la confecci\u00f3n' \/><\/a> <a href='https:\/\/eyebrowtracer.com\/wp-content\/uploads\/2014\/04\/A31-979x1030.jpg' data-rel='gallery-1' data-prev-img='https:\/\/eyebrowtracer.com\/wp-content\/uploads\/2014\/04\/A31-450x450.jpg' class='lightbox ' data-onclick='3' title=''  itemprop=\"thumbnailUrl\" ><img  src='https:\/\/eyebrowtracer.com\/wp-content\/uploads\/2014\/04\/A31-495x400.jpg' width='495' height='400'  title='Eyebrow Tracer &quot;Orange fluo&quot; - la confecci\u00f3n' alt='Eyebrow Tracer &quot;Orange fluo&quot; - la confecci\u00f3n' \/><\/a> <a href='https:\/\/eyebrowtracer.com\/wp-content\/uploads\/2014\/04\/A21-979x1030.jpg' data-rel='gallery-1' data-prev-img='https:\/\/eyebrowtracer.com\/wp-content\/uploads\/2014\/04\/A21-450x450.jpg' class='lightbox ' data-onclick='4' title=''  itemprop=\"thumbnailUrl\" ><img  src='https:\/\/eyebrowtracer.com\/wp-content\/uploads\/2014\/04\/A21-495x400.jpg' width='495' height='400'  title='Eyebrow Tracer &quot;Lemon green&quot; - la confecci\u00f3n' alt='Eyebrow Tracer &quot;Lemon green&quot; - la confecci\u00f3n' \/><\/a><\/div><\/div><\/p><\/div>\n<div class=\"flex_column av_one_half  flex_column_div av-zero-column-padding   avia-builder-el-6  el_after_av_one_half  el_before_av_one_full  \" style='border-radius:0px; '><div class='avia-icon-list-container   avia-builder-el-7  avia-builder-el-no-sibling '><ul class='avia-icon-list avia-icon-list-left av-iconlist-big avia_animate_when_almost_visible avia-iconlist-animate'>\n<li><div  class='iconlist_icon  avia-font-entypo-fontello'><span class='iconlist-char ' aria-hidden='true' data-av_icon='\ue836' data-av_iconfont='entypo-fontello'><\/span><\/div><article class=\"article-icon-entry \"  itemscope=\"itemscope\" itemtype=\"https:\/\/schema.org\/CreativeWork\" ><div class='iconlist_content_wrap'><header class=\"entry-content-header\"><h4 class='av_iconlist_title iconlist_title  '  itemprop=\"headline\"  >Dise\u00f1o<\/h4><\/header><div class='iconlist_content  '  itemprop=\"text\"  ><p>simple, esencial, seguro, ergon\u00f3mico que permite al Eyebrow Tracer de ser usado tambi\u00e9n por zurdos o ambidiestros.<\/p>\n<\/div><\/div><footer class=\"entry-footer\"><\/footer><\/article><div class='iconlist-timeline'><\/div><\/li>\n<li><div  class='iconlist_icon  avia-font-entypo-fontello'><span class='iconlist-char ' aria-hidden='true' data-av_icon='\ue855' data-av_iconfont='entypo-fontello'><\/span><\/div><article class=\"article-icon-entry \"  itemscope=\"itemscope\" itemtype=\"https:\/\/schema.org\/CreativeWork\" ><div class='iconlist_content_wrap'><header class=\"entry-content-header\"><h4 class='av_iconlist_title iconlist_title  '  itemprop=\"headline\"  >Sistema a cremallera<\/h4><\/header><div class='iconlist_content  '  itemprop=\"text\"  ><p>conexi\u00f3n entre las astas mediante bisagras. El sistema ha sido ideado para permitir la correcta rotaci\u00f3n y ajuste de las astas as\u00ed como su sobreposici\u00f3n, reducuiendo al m\u00ednimo el volumen del Eyebrow Tracer. Adem\u00e1s, para evitar que las astas rueden cuando no se desea, la herramienta ha sido dotada de un seguro, el cual funciona tambi\u00e9n como soporte del lapiz de cejas.<\/p>\n<\/div><\/div><footer class=\"entry-footer\"><\/footer><\/article><div class='iconlist-timeline'><\/div><\/li>\n<li><div  class='iconlist_icon  avia-font-entypo-fontello'><span class='iconlist-char ' aria-hidden='true' data-av_icon='\ue86a' data-av_iconfont='entypo-fontello'><\/span><\/div><article class=\"article-icon-entry \"  itemscope=\"itemscope\" itemtype=\"https:\/\/schema.org\/CreativeWork\" ><div class='iconlist_content_wrap'><header class=\"entry-content-header\"><h4 class='av_iconlist_title iconlist_title  '  itemprop=\"headline\"  >Dimensiones<\/h4><\/header><div class='iconlist_content  '  itemprop=\"text\"  ><p>las dimensiones han sido estudiadas tomando en consideraci\u00f3n los diversos tipos de rostros y manos existentes.<\/p>\n<\/div><\/div><footer class=\"entry-footer\"><\/footer><\/article><div class='iconlist-timeline'><\/div><\/li>\n<li><div  class='iconlist_icon  avia-font-entypo-fontello'><span class='iconlist-char ' aria-hidden='true' data-av_icon='\ue837' data-av_iconfont='entypo-fontello'><\/span><\/div><article class=\"article-icon-entry \"  itemscope=\"itemscope\" itemtype=\"https:\/\/schema.org\/CreativeWork\" ><div class='iconlist_content_wrap'><header class=\"entry-content-header\"><h4 class='av_iconlist_title iconlist_title  '  itemprop=\"headline\"  >Materiales<\/h4><\/header><div class='iconlist_content  '  itemprop=\"text\"  ><p>ligero, flexible, transparente y anti trauma t\u00e9rmico.<\/p>\n<\/div><\/div><footer class=\"entry-footer\"><\/footer><\/article><div class='iconlist-timeline'><\/div><\/li>\n<\/ul><\/div><\/div>\n<div class=\"flex_column av_one_full  flex_column_div first  avia-builder-el-8  el_after_av_one_half  el_before_av_one_third  column-top-margin\" ><p><div  class='hr hr-short hr-center   avia-builder-el-9  el_before_av_textblock  avia-builder-el-first '><span class='hr-inner ' ><span class='hr-inner-style'><\/span><\/span><\/div><br \/>\n<section class=\"av_textblock_section \"  itemscope=\"itemscope\" itemtype=\"https:\/\/schema.org\/CreativeWork\" ><div class='avia_textblock  '   itemprop=\"text\" ><h3>Galer\u00eda\u00a0de fotos<\/h3>\n<\/div><\/section><br \/>\n<div class='avia-gallery  avia-gallery-2 avia_lazyload avia-gallery-animate avia_animate_when_visible  avia-builder-el-11  el_after_av_textblock  avia-builder-el-last '  itemprop=\"image\" itemscope=\"itemscope\" itemtype=\"https:\/\/schema.org\/ImageObject\" ><div class='avia-gallery-thumb'> <a href='https:\/\/eyebrowtracer.com\/wp-content\/uploads\/2014\/04\/Eyebrow-Tracer-Detail-05.jpg' data-rel='gallery-2' data-prev-img='https:\/\/eyebrowtracer.com\/wp-content\/uploads\/2014\/04\/Eyebrow-Tracer-Detail-05-495x400.jpg' class='first_thumb lightbox ' data-onclick='1' title=''  itemprop=\"thumbnailUrl\" ><img  src='https:\/\/eyebrowtracer.com\/wp-content\/uploads\/2014\/04\/Eyebrow-Tracer-Detail-05-710x375.jpg' width='710' height='375'  title='Eyebrow Tracer - Detail - 05' alt='' \/><\/a> <a href='https:\/\/eyebrowtracer.com\/wp-content\/uploads\/2014\/04\/Eyebrow-Tracer-Detail-04.jpg' data-rel='gallery-2' data-prev-img='https:\/\/eyebrowtracer.com\/wp-content\/uploads\/2014\/04\/Eyebrow-Tracer-Detail-04-495x400.jpg' class='lightbox ' data-onclick='2' title=''  itemprop=\"thumbnailUrl\" ><img  src='https:\/\/eyebrowtracer.com\/wp-content\/uploads\/2014\/04\/Eyebrow-Tracer-Detail-04-710x375.jpg' width='710' height='375'  title='Eyebrow Tracer - Detail - 04' alt='' \/><\/a> <a href='https:\/\/eyebrowtracer.com\/wp-content\/uploads\/2014\/04\/Eyebrow-Tracer-Detail-03.jpg' data-rel='gallery-2' data-prev-img='https:\/\/eyebrowtracer.com\/wp-content\/uploads\/2014\/04\/Eyebrow-Tracer-Detail-03-495x400.jpg' class='lightbox ' data-onclick='3' title=''  itemprop=\"thumbnailUrl\" ><img  src='https:\/\/eyebrowtracer.com\/wp-content\/uploads\/2014\/04\/Eyebrow-Tracer-Detail-03-710x375.jpg' width='710' height='375'  title='Eyebrow Tracer - Detail - 03' alt='' \/><\/a> <a href='https:\/\/eyebrowtracer.com\/wp-content\/uploads\/2014\/04\/Eyebrow-Tracer-Detail-02.jpg' data-rel='gallery-2' data-prev-img='https:\/\/eyebrowtracer.com\/wp-content\/uploads\/2014\/04\/Eyebrow-Tracer-Detail-02-495x400.jpg' class='lightbox ' data-onclick='4' title=''  itemprop=\"thumbnailUrl\" ><img  src='https:\/\/eyebrowtracer.com\/wp-content\/uploads\/2014\/04\/Eyebrow-Tracer-Detail-02-683x375.jpg' width='683' height='375'  title='Eyebrow Tracer - Detail - 02' alt='' \/><\/a> <a href='https:\/\/eyebrowtracer.com\/wp-content\/uploads\/2015\/02\/5.jpg' data-rel='gallery-2' data-prev-img='https:\/\/eyebrowtracer.com\/wp-content\/uploads\/2015\/02\/5.jpg' class='first_thumb lightbox ' data-onclick='5' title='Eyebrow Tracer'  itemprop=\"thumbnailUrl\" ><img  src='https:\/\/eyebrowtracer.com\/wp-content\/uploads\/2015\/02\/5.jpg' width='357' height='375'  title='Eyebrow Tracer 2015' alt='Eyebrow Tracer 2015' \/><\/a> <a href='https:\/\/eyebrowtracer.com\/wp-content\/uploads\/2014\/04\/Eyebrow-Tracer-Detail-01.jpg' data-rel='gallery-2' data-prev-img='https:\/\/eyebrowtracer.com\/wp-content\/uploads\/2014\/04\/Eyebrow-Tracer-Detail-01-495x400.jpg' class='lightbox ' data-onclick='6' title=''  itemprop=\"thumbnailUrl\" ><img  src='https:\/\/eyebrowtracer.com\/wp-content\/uploads\/2014\/04\/Eyebrow-Tracer-Detail-01-683x375.jpg' width='683' height='375'  title='Eyebrow Tracer - Detail - 01' alt='' \/><\/a> <a href='https:\/\/eyebrowtracer.com\/wp-content\/uploads\/2015\/02\/4-687x1030.jpg' data-rel='gallery-2' data-prev-img='https:\/\/eyebrowtracer.com\/wp-content\/uploads\/2015\/02\/4-495x400.jpg' class='lightbox ' data-onclick='7' title='Eyebrow Tracer &quot;Sideral white&quot;'  itemprop=\"thumbnailUrl\" ><img  src='https:\/\/eyebrowtracer.com\/wp-content\/uploads\/2015\/02\/4-710x375.jpg' width='710' height='375'  title='Eyebrow Tracer &quot;Sideral white&quot;' alt='Eyebrow Tracer &quot;Sideral white&quot;' \/><\/a> <a href='https:\/\/eyebrowtracer.com\/wp-content\/uploads\/2015\/02\/3-687x1030.jpg' data-rel='gallery-2' data-prev-img='https:\/\/eyebrowtracer.com\/wp-content\/uploads\/2015\/02\/3-495x400.jpg' class='lightbox ' data-onclick='8' title='Eyebrow Tracer &quot;Orange fluo&quot;'  itemprop=\"thumbnailUrl\" ><img  src='https:\/\/eyebrowtracer.com\/wp-content\/uploads\/2015\/02\/3-710x375.jpg' width='710' height='375'  title='Eyebrow Tracer &quot;Orange fluo&quot;' alt='Eyebrow Tracer &quot;Orange fluo&quot;' \/><\/a> <a href='https:\/\/eyebrowtracer.com\/wp-content\/uploads\/2015\/02\/2-687x1030.jpg' data-rel='gallery-2' data-prev-img='https:\/\/eyebrowtracer.com\/wp-content\/uploads\/2015\/02\/2-495x400.jpg' class='first_thumb lightbox ' data-onclick='9' title='Eyebrow Tracer &quot;Creative patchwork&quot;'  itemprop=\"thumbnailUrl\" ><img  src='https:\/\/eyebrowtracer.com\/wp-content\/uploads\/2015\/02\/2-710x375.jpg' width='710' height='375'  title='Eyebrow Tracer &quot;Creative patchwork&quot;' alt='Eyebrow Tracer &quot;Creative patchwork&quot;' \/><\/a> <a href='https:\/\/eyebrowtracer.com\/wp-content\/uploads\/2015\/02\/1-687x1030.jpg' data-rel='gallery-2' data-prev-img='https:\/\/eyebrowtracer.com\/wp-content\/uploads\/2015\/02\/1-495x400.jpg' class='lightbox ' data-onclick='10' title='Eyebrow Tracer &quot;Lemon green&quot;'  itemprop=\"thumbnailUrl\" ><img  src='https:\/\/eyebrowtracer.com\/wp-content\/uploads\/2015\/02\/1-710x375.jpg' width='710' height='375'  title='Eyebrow Tracer &quot;Lemon green&quot;' alt='Eyebrow Tracer &quot;Lemon green&quot;' \/><\/a> <a href='https:\/\/eyebrowtracer.com\/wp-content\/uploads\/2014\/04\/Matita-979x1030.jpg' data-rel='gallery-2' data-prev-img='https:\/\/eyebrowtracer.com\/wp-content\/uploads\/2014\/04\/Matita-495x400.jpg' class='lightbox ' data-onclick='11' title=''  itemprop=\"thumbnailUrl\" ><img  src='https:\/\/eyebrowtracer.com\/wp-content\/uploads\/2014\/04\/Matita-710x375.jpg' width='710' height='375'  title='Eyebrow Tracer - pencil' alt='' \/><\/a> <a href='https:\/\/eyebrowtracer.com\/wp-content\/uploads\/2014\/04\/confezione-979x1030.jpg' data-rel='gallery-2' data-prev-img='https:\/\/eyebrowtracer.com\/wp-content\/uploads\/2014\/04\/confezione-495x400.jpg' class='lightbox ' data-onclick='12' title=''  itemprop=\"thumbnailUrl\" ><img  src='https:\/\/eyebrowtracer.com\/wp-content\/uploads\/2014\/04\/confezione-710x375.jpg' width='710' height='375'  title='Eyebrow Tracer - packaging' alt='' \/><\/a><\/div><\/div><\/p><\/div>\n<div class=\"flex_column av_one_third  flex_column_div first  avia-builder-el-12  el_after_av_one_full  el_before_av_one_third  column-top-margin\" ><div class='avia-button-wrap avia-button-center  avia-builder-el-13  avia-builder-el-no-sibling '><a href='https:\/\/eyebrowtracer.com\/es\/como-trazar-las-cejas-correctamente\/'  class='avia-button   avia-icon_select-no avia-color-theme-color avia-size-medium avia-position-center '   ><span class='avia_iconbox_title' >Lee las instrucciones<\/span><\/a><\/div><\/div>\n<div class=\"flex_column av_one_third  flex_column_div av-zero-column-padding   avia-builder-el-14  el_after_av_one_third  el_before_av_one_third  column-top-margin\" style='border-radius:0px; '><div class='avia-button-wrap avia-button-center  avia-builder-el-15  avia-builder-el-no-sibling '><a href='https:\/\/eyebrowtracer.com\/es\/video-tutorial\/'  class='avia-button   avia-icon_select-no avia-color-theme-color avia-size-medium avia-position-center '   ><span class='avia_iconbox_title' >Mirar el video<\/span><\/a><\/div><\/div>\n<div class=\"flex_column av_one_third  flex_column_div av-zero-column-padding   avia-builder-el-16  el_after_av_one_third  avia-builder-el-last  column-top-margin\" style='border-radius:0px; '><div class='avia-button-wrap avia-button-center  avia-builder-el-17  avia-builder-el-no-sibling '><a href='https:\/\/eyebrowtracer.com\/es\/el-curso-de-eyebrow-tracer\/'  class='avia-button   avia-icon_select-no avia-color-theme-color avia-size-medium avia-position-center '   ><span class='avia_iconbox_title' >El curso<\/span><\/a><\/div><\/div>\n","protected":false},"excerpt":{"rendered":"","protected":false},"author":2,"featured_media":0,"parent":0,"menu_order":0,"comment_status":"closed","ping_status":"closed","template":"","meta":{"footnotes":""},"class_list":["post-721","page","type-page","status-publish","hentry"],"yoast_head":"<!-- This site is optimized with the Yoast SEO plugin v27.3 - https:\/\/yoast.com\/product\/yoast-seo-wordpress\/ -->\n<title>La herramienta - Eyebrow Tracer<\/title>\n<meta name=\"description\" content=\"Materiales, dise\u00f1o, dimensiones, sistema a cremallera. Todas las caracter\u00edsticas t\u00e9cnicas del Eyebrow Tracer las consigues aqu\u00ed. No podr\u00e1s prescindir de \u00e9l.\" \/>\n<meta name=\"robots\" content=\"index, follow, max-snippet:-1, max-image-preview:large, max-video-preview:-1\" \/>\n<link rel=\"canonical\" href=\"https:\/\/eyebrowtracer.com\/es\/la-herramienta\/\" \/>\n<meta property=\"og:locale\" content=\"es_ES\" \/>\n<meta property=\"og:type\" content=\"article\" \/>\n<meta property=\"og:title\" content=\"La herramienta - Eyebrow Tracer\" \/>\n<meta property=\"og:description\" content=\"Materiales, dise\u00f1o, dimensiones, sistema a cremallera. Todas las caracter\u00edsticas t\u00e9cnicas del Eyebrow Tracer las consigues aqu\u00ed. No podr\u00e1s prescindir de \u00e9l.\" \/>\n<meta property=\"og:url\" content=\"https:\/\/eyebrowtracer.com\/es\/la-herramienta\/\" \/>\n<meta property=\"og:site_name\" content=\"Eyebrow Tracer\" \/>\n<meta property=\"article:modified_time\" content=\"2022-11-20T15:50:23+00:00\" \/>\n<meta name=\"twitter:label1\" content=\"Tiempo de lectura\" \/>\n\t<meta name=\"twitter:data1\" content=\"3 minutos\" \/>\n<script type=\"application\/ld+json\" class=\"yoast-schema-graph\">{\"@context\":\"https:\\\/\\\/schema.org\",\"@graph\":[{\"@type\":\"WebPage\",\"@id\":\"https:\\\/\\\/eyebrowtracer.com\\\/es\\\/la-herramienta\\\/\",\"url\":\"https:\\\/\\\/eyebrowtracer.com\\\/es\\\/la-herramienta\\\/\",\"name\":\"La herramienta - Eyebrow Tracer\",\"isPartOf\":{\"@id\":\"https:\\\/\\\/eyebrowtracer.com\\\/#website\"},\"datePublished\":\"2014-04-04T12:52:14+00:00\",\"dateModified\":\"2022-11-20T15:50:23+00:00\",\"description\":\"Materiales, dise\u00f1o, dimensiones, sistema a cremallera. Todas las caracter\u00edsticas t\u00e9cnicas del Eyebrow Tracer las consigues aqu\u00ed. No podr\u00e1s prescindir de \u00e9l.\",\"breadcrumb\":{\"@id\":\"https:\\\/\\\/eyebrowtracer.com\\\/es\\\/la-herramienta\\\/#breadcrumb\"},\"inLanguage\":\"es\",\"potentialAction\":[{\"@type\":\"ReadAction\",\"target\":[\"https:\\\/\\\/eyebrowtracer.com\\\/es\\\/la-herramienta\\\/\"]}]},{\"@type\":\"BreadcrumbList\",\"@id\":\"https:\\\/\\\/eyebrowtracer.com\\\/es\\\/la-herramienta\\\/#breadcrumb\",\"itemListElement\":[{\"@type\":\"ListItem\",\"position\":1,\"name\":\"Home\",\"item\":\"https:\\\/\\\/eyebrowtracer.com\\\/es\\\/\"},{\"@type\":\"ListItem\",\"position\":2,\"name\":\"La herramienta\"}]},{\"@type\":\"WebSite\",\"@id\":\"https:\\\/\\\/eyebrowtracer.com\\\/#website\",\"url\":\"https:\\\/\\\/eyebrowtracer.com\\\/\",\"name\":\"Eyebrow Tracer\",\"description\":\"Cejas perfectas en tres actos!\",\"potentialAction\":[{\"@type\":\"SearchAction\",\"target\":{\"@type\":\"EntryPoint\",\"urlTemplate\":\"https:\\\/\\\/eyebrowtracer.com\\\/?s={search_term_string}\"},\"query-input\":{\"@type\":\"PropertyValueSpecification\",\"valueRequired\":true,\"valueName\":\"search_term_string\"}}],\"inLanguage\":\"es\"}]}<\/script>\n<!-- \/ Yoast SEO plugin. -->","yoast_head_json":{"title":"La herramienta - Eyebrow Tracer","description":"Materiales, dise\u00f1o, dimensiones, sistema a cremallera. Todas las caracter\u00edsticas t\u00e9cnicas del Eyebrow Tracer las consigues aqu\u00ed. No podr\u00e1s prescindir de \u00e9l.","robots":{"index":"index","follow":"follow","max-snippet":"max-snippet:-1","max-image-preview":"max-image-preview:large","max-video-preview":"max-video-preview:-1"},"canonical":"https:\/\/eyebrowtracer.com\/es\/la-herramienta\/","og_locale":"es_ES","og_type":"article","og_title":"La herramienta - Eyebrow Tracer","og_description":"Materiales, dise\u00f1o, dimensiones, sistema a cremallera. Todas las caracter\u00edsticas t\u00e9cnicas del Eyebrow Tracer las consigues aqu\u00ed. No podr\u00e1s prescindir de \u00e9l.","og_url":"https:\/\/eyebrowtracer.com\/es\/la-herramienta\/","og_site_name":"Eyebrow Tracer","article_modified_time":"2022-11-20T15:50:23+00:00","twitter_misc":{"Tiempo de lectura":"3 minutos"},"schema":{"@context":"https:\/\/schema.org","@graph":[{"@type":"WebPage","@id":"https:\/\/eyebrowtracer.com\/es\/la-herramienta\/","url":"https:\/\/eyebrowtracer.com\/es\/la-herramienta\/","name":"La herramienta - Eyebrow Tracer","isPartOf":{"@id":"https:\/\/eyebrowtracer.com\/#website"},"datePublished":"2014-04-04T12:52:14+00:00","dateModified":"2022-11-20T15:50:23+00:00","description":"Materiales, dise\u00f1o, dimensiones, sistema a cremallera. Todas las caracter\u00edsticas t\u00e9cnicas del Eyebrow Tracer las consigues aqu\u00ed. No podr\u00e1s prescindir de \u00e9l.","breadcrumb":{"@id":"https:\/\/eyebrowtracer.com\/es\/la-herramienta\/#breadcrumb"},"inLanguage":"es","potentialAction":[{"@type":"ReadAction","target":["https:\/\/eyebrowtracer.com\/es\/la-herramienta\/"]}]},{"@type":"BreadcrumbList","@id":"https:\/\/eyebrowtracer.com\/es\/la-herramienta\/#breadcrumb","itemListElement":[{"@type":"ListItem","position":1,"name":"Home","item":"https:\/\/eyebrowtracer.com\/es\/"},{"@type":"ListItem","position":2,"name":"La herramienta"}]},{"@type":"WebSite","@id":"https:\/\/eyebrowtracer.com\/#website","url":"https:\/\/eyebrowtracer.com\/","name":"Eyebrow Tracer","description":"Cejas perfectas en tres actos!","potentialAction":[{"@type":"SearchAction","target":{"@type":"EntryPoint","urlTemplate":"https:\/\/eyebrowtracer.com\/?s={search_term_string}"},"query-input":{"@type":"PropertyValueSpecification","valueRequired":true,"valueName":"search_term_string"}}],"inLanguage":"es"}]}},"_links":{"self":[{"href":"https:\/\/eyebrowtracer.com\/es\/wp-json\/wp\/v2\/pages\/721","targetHints":{"allow":["GET"]}}],"collection":[{"href":"https:\/\/eyebrowtracer.com\/es\/wp-json\/wp\/v2\/pages"}],"about":[{"href":"https:\/\/eyebrowtracer.com\/es\/wp-json\/wp\/v2\/types\/page"}],"author":[{"embeddable":true,"href":"https:\/\/eyebrowtracer.com\/es\/wp-json\/wp\/v2\/users\/2"}],"replies":[{"embeddable":true,"href":"https:\/\/eyebrowtracer.com\/es\/wp-json\/wp\/v2\/comments?post=721"}],"version-history":[{"count":15,"href":"https:\/\/eyebrowtracer.com\/es\/wp-json\/wp\/v2\/pages\/721\/revisions"}],"predecessor-version":[{"id":9346,"href":"https:\/\/eyebrowtracer.com\/es\/wp-json\/wp\/v2\/pages\/721\/revisions\/9346"}],"wp:attachment":[{"href":"https:\/\/eyebrowtracer.com\/es\/wp-json\/wp\/v2\/media?parent=721"}],"curies":[{"name":"wp","href":"https:\/\/api.w.org\/{rel}","templated":true}]}}