{"id":718,"date":"2014-04-04T14:51:47","date_gmt":"2014-04-04T12:51:47","guid":{"rendered":"http:\/\/eyebrowtracer.provahosting.it\/lo-strumento-2\/"},"modified":"2022-11-20T16:51:51","modified_gmt":"2022-11-20T15:51:51","slug":"video-tutorial","status":"publish","type":"page","link":"https:\/\/eyebrowtracer.com\/es\/video-tutorial\/","title":{"rendered":"Video tutorial"},"content":{"rendered":"<div id='layer_slider_1' class='avia-layerslider main_color avia-shadow  avia-builder-el-0  el_before_av_one_half  avia-builder-el-first  container_wrap sidebar_right' style='  height: 151px;' ><\/div><div id='after_layer_slider_1' class='main_color av_default_container_wrap container_wrap sidebar_right' style=' '  ><div class='container' ><div class='template-page content  av-content-small alpha units'><div class='post-entry post-entry-type-page post-entry-718'><div class='entry-content-wrapper clearfix'>\n<div class=\"flex_column av_one_half  flex_column_div first  avia-builder-el-1  el_after_av_layerslider  el_before_av_one_half  avia-builder-el-first  \" ><div class='avia-video avia-video-16-9   av-lazyload-immediate  av-lazyload-video-embed  '   itemprop=\"video\" itemtype=\"https:\/\/schema.org\/VideoObject\"  data-original_url='https:\/\/www.youtube.com\/watch?v=a7vA9auL6Dk' ><script type='text\/html' class='av-video-tmpl'><div class='avia-iframe-wrap'><iframe loading=\"lazy\" width=\"1500\" height=\"844\" src=\"http:\/\/www.youtube.com\/embed\/a7vA9auL6Dk?feature=oembed\" frameborder=\"0\" allowfullscreen><\/iframe><\/div><\/script><div class='av-click-to-play-overlay'><div class=\"avia_playpause_icon\"><\/div><\/div><\/div><\/div>\n<div class=\"flex_column av_one_half  flex_column_div av-zero-column-padding   avia-builder-el-3  el_after_av_one_half  el_before_av_one_third  \" style='border-radius:0px; '><section class=\"av_textblock_section \"  itemscope=\"itemscope\" itemtype=\"https:\/\/schema.org\/CreativeWork\" ><div class='avia_textblock  '   itemprop=\"text\" ><h3>El v\u00eddeo de c\u00f3mo se usa el Eyebrow Tracer<\/h3>\n<p>\u00a1BASTA CON LAS PLANTILLAS! \u00a1BASTA CON LAS REGLAS O LOS PALITOS DE NARANJO!<\/p>\n<p>El Eyebrow Tracer es la herramienta profesional que te permite dise\u00f1ar de manera precisa, segura y veloz el contorno correcto de tus cejas, \u00a1sin posibilidad de errores!<br \/>\nDejamos a los dem\u00e1s el \u00abbla bla bla\u00bb sobre las cejas. \u00a1Nosotros preferimos los hechos!<\/p>\n<p>En los \u00faltimos a\u00f1os el Eyebrow Tracer ha revolucionado el mundo de la belleza. Vers\u00e1til, seguro, ligero y f\u00e1cil de usar. Es una herramienta que se adapta a la mano de un profesional o de un principiante. Bastan tres simples gestos para identificar el dise\u00f1o de tus cejas y regalar a tu rostro una expresi\u00f3n \u00fanica.<\/p>\n<p>El Eyebrow Tracer permite dise\u00f1ar correctamente el contorno de las cejas <strong>para cualquier tipo de rostro<\/strong>, \u00a1en menos de un minuto! Una vez identificada la ceja, basta voltear la herramienta para llevar los mismos puntos del otro lado del rostro y mantener una simetr\u00eda exacta.<\/p>\n<p>El resultado: \u00a1Cejas perfectas!<\/p>\n<\/div><\/section><\/div>\n<div class=\"flex_column av_one_third  flex_column_div first  avia-builder-el-5  el_after_av_one_half  el_before_av_one_third  column-top-margin\" ><div class='avia-button-wrap avia-button-center  avia-builder-el-6  avia-builder-el-no-sibling  '><a href='https:\/\/eyebrowtracer.com\/es\/como-trazar-las-cejas-correctamente\/'  class='avia-button   avia-icon_select-no avia-color-theme-color avia-size-large avia-position-center '   ><span class='avia_iconbox_title' >Lee las instrucciones<\/span><\/a><\/div><\/div>\n<div class=\"flex_column av_one_third  flex_column_div av-zero-column-padding   avia-builder-el-7  el_after_av_one_third  el_before_av_one_third  column-top-margin\" style='border-radius:0px; '><div class='avia-button-wrap avia-button-center  avia-builder-el-8  avia-builder-el-no-sibling  '><a href='https:\/\/eyebrowtracer.com\/es\/la-herramienta\/'  class='avia-button   avia-icon_select-no avia-color-theme-color avia-size-large avia-position-center '   ><span class='avia_iconbox_title' >La herramienta<\/span><\/a><\/div><\/div>\n<div class=\"flex_column av_one_third  flex_column_div av-zero-column-padding   avia-builder-el-9  el_after_av_one_third  avia-builder-el-last  column-top-margin\" style='border-radius:0px; '><div class='avia-button-wrap avia-button-center  avia-builder-el-10  avia-builder-el-no-sibling  '><a href='https:\/\/eyebrowtracer.com\/es\/el-curso-de-eyebrow-tracer\/'  class='avia-button   avia-icon_select-no avia-color-theme-color avia-size-large avia-position-center '   ><span class='avia_iconbox_title' >El curso<\/span><\/a><\/div><\/div>\n","protected":false},"excerpt":{"rendered":"","protected":false},"author":2,"featured_media":0,"parent":0,"menu_order":0,"comment_status":"open","ping_status":"open","template":"","meta":{"footnotes":""},"class_list":["post-718","page","type-page","status-publish","hentry"],"yoast_head":"<!-- This site is optimized with the Yoast SEO plugin v27.3 - https:\/\/yoast.com\/product\/yoast-seo-wordpress\/ -->\n<title>Video tutorial - Eyebrow Tracer<\/title>\n<meta name=\"description\" content=\"Mira el v\u00eddeo y descubre como funciona el Eyebrow Tracer. Con esta herramienta revolucionaria y tres simples pasos podr\u00e1s dise\u00f1ar correctamente el contorno de tus cejas.\" \/>\n<meta name=\"robots\" content=\"index, follow, max-snippet:-1, max-image-preview:large, max-video-preview:-1\" \/>\n<link rel=\"canonical\" href=\"https:\/\/eyebrowtracer.com\/es\/video-tutorial\/\" \/>\n<meta property=\"og:locale\" content=\"es_ES\" \/>\n<meta property=\"og:type\" content=\"article\" \/>\n<meta property=\"og:title\" content=\"Video tutorial - Eyebrow Tracer\" \/>\n<meta property=\"og:description\" content=\"Mira el v\u00eddeo y descubre como funciona el Eyebrow Tracer. Con esta herramienta revolucionaria y tres simples pasos podr\u00e1s dise\u00f1ar correctamente el contorno de tus cejas.\" \/>\n<meta property=\"og:url\" content=\"https:\/\/eyebrowtracer.com\/es\/video-tutorial\/\" \/>\n<meta property=\"og:site_name\" content=\"Eyebrow Tracer\" \/>\n<meta property=\"article:modified_time\" content=\"2022-11-20T15:51:51+00:00\" \/>\n<meta name=\"twitter:label1\" content=\"Tiempo de lectura\" \/>\n\t<meta name=\"twitter:data1\" content=\"2 minutos\" \/>\n<script type=\"application\/ld+json\" class=\"yoast-schema-graph\">{\"@context\":\"https:\\\/\\\/schema.org\",\"@graph\":[{\"@type\":\"WebPage\",\"@id\":\"https:\\\/\\\/eyebrowtracer.com\\\/es\\\/video-tutorial\\\/\",\"url\":\"https:\\\/\\\/eyebrowtracer.com\\\/es\\\/video-tutorial\\\/\",\"name\":\"Video tutorial - Eyebrow Tracer\",\"isPartOf\":{\"@id\":\"https:\\\/\\\/eyebrowtracer.com\\\/#website\"},\"datePublished\":\"2014-04-04T12:51:47+00:00\",\"dateModified\":\"2022-11-20T15:51:51+00:00\",\"description\":\"Mira el v\u00eddeo y descubre como funciona el Eyebrow Tracer. Con esta herramienta revolucionaria y tres simples pasos podr\u00e1s dise\u00f1ar correctamente el contorno de tus cejas.\",\"breadcrumb\":{\"@id\":\"https:\\\/\\\/eyebrowtracer.com\\\/es\\\/video-tutorial\\\/#breadcrumb\"},\"inLanguage\":\"es\",\"potentialAction\":[{\"@type\":\"ReadAction\",\"target\":[\"https:\\\/\\\/eyebrowtracer.com\\\/es\\\/video-tutorial\\\/\"]}]},{\"@type\":\"BreadcrumbList\",\"@id\":\"https:\\\/\\\/eyebrowtracer.com\\\/es\\\/video-tutorial\\\/#breadcrumb\",\"itemListElement\":[{\"@type\":\"ListItem\",\"position\":1,\"name\":\"Home\",\"item\":\"https:\\\/\\\/eyebrowtracer.com\\\/es\\\/\"},{\"@type\":\"ListItem\",\"position\":2,\"name\":\"Video tutorial\"}]},{\"@type\":\"WebSite\",\"@id\":\"https:\\\/\\\/eyebrowtracer.com\\\/#website\",\"url\":\"https:\\\/\\\/eyebrowtracer.com\\\/\",\"name\":\"Eyebrow Tracer\",\"description\":\"Cejas perfectas en tres actos!\",\"potentialAction\":[{\"@type\":\"SearchAction\",\"target\":{\"@type\":\"EntryPoint\",\"urlTemplate\":\"https:\\\/\\\/eyebrowtracer.com\\\/?s={search_term_string}\"},\"query-input\":{\"@type\":\"PropertyValueSpecification\",\"valueRequired\":true,\"valueName\":\"search_term_string\"}}],\"inLanguage\":\"es\"}]}<\/script>\n<!-- \/ Yoast SEO plugin. -->","yoast_head_json":{"title":"Video tutorial - Eyebrow Tracer","description":"Mira el v\u00eddeo y descubre como funciona el Eyebrow Tracer. Con esta herramienta revolucionaria y tres simples pasos podr\u00e1s dise\u00f1ar correctamente el contorno de tus cejas.","robots":{"index":"index","follow":"follow","max-snippet":"max-snippet:-1","max-image-preview":"max-image-preview:large","max-video-preview":"max-video-preview:-1"},"canonical":"https:\/\/eyebrowtracer.com\/es\/video-tutorial\/","og_locale":"es_ES","og_type":"article","og_title":"Video tutorial - Eyebrow Tracer","og_description":"Mira el v\u00eddeo y descubre como funciona el Eyebrow Tracer. Con esta herramienta revolucionaria y tres simples pasos podr\u00e1s dise\u00f1ar correctamente el contorno de tus cejas.","og_url":"https:\/\/eyebrowtracer.com\/es\/video-tutorial\/","og_site_name":"Eyebrow Tracer","article_modified_time":"2022-11-20T15:51:51+00:00","twitter_misc":{"Tiempo de lectura":"2 minutos"},"schema":{"@context":"https:\/\/schema.org","@graph":[{"@type":"WebPage","@id":"https:\/\/eyebrowtracer.com\/es\/video-tutorial\/","url":"https:\/\/eyebrowtracer.com\/es\/video-tutorial\/","name":"Video tutorial - Eyebrow Tracer","isPartOf":{"@id":"https:\/\/eyebrowtracer.com\/#website"},"datePublished":"2014-04-04T12:51:47+00:00","dateModified":"2022-11-20T15:51:51+00:00","description":"Mira el v\u00eddeo y descubre como funciona el Eyebrow Tracer. Con esta herramienta revolucionaria y tres simples pasos podr\u00e1s dise\u00f1ar correctamente el contorno de tus cejas.","breadcrumb":{"@id":"https:\/\/eyebrowtracer.com\/es\/video-tutorial\/#breadcrumb"},"inLanguage":"es","potentialAction":[{"@type":"ReadAction","target":["https:\/\/eyebrowtracer.com\/es\/video-tutorial\/"]}]},{"@type":"BreadcrumbList","@id":"https:\/\/eyebrowtracer.com\/es\/video-tutorial\/#breadcrumb","itemListElement":[{"@type":"ListItem","position":1,"name":"Home","item":"https:\/\/eyebrowtracer.com\/es\/"},{"@type":"ListItem","position":2,"name":"Video tutorial"}]},{"@type":"WebSite","@id":"https:\/\/eyebrowtracer.com\/#website","url":"https:\/\/eyebrowtracer.com\/","name":"Eyebrow Tracer","description":"Cejas perfectas en tres actos!","potentialAction":[{"@type":"SearchAction","target":{"@type":"EntryPoint","urlTemplate":"https:\/\/eyebrowtracer.com\/?s={search_term_string}"},"query-input":{"@type":"PropertyValueSpecification","valueRequired":true,"valueName":"search_term_string"}}],"inLanguage":"es"}]}},"_links":{"self":[{"href":"https:\/\/eyebrowtracer.com\/es\/wp-json\/wp\/v2\/pages\/718","targetHints":{"allow":["GET"]}}],"collection":[{"href":"https:\/\/eyebrowtracer.com\/es\/wp-json\/wp\/v2\/pages"}],"about":[{"href":"https:\/\/eyebrowtracer.com\/es\/wp-json\/wp\/v2\/types\/page"}],"author":[{"embeddable":true,"href":"https:\/\/eyebrowtracer.com\/es\/wp-json\/wp\/v2\/users\/2"}],"replies":[{"embeddable":true,"href":"https:\/\/eyebrowtracer.com\/es\/wp-json\/wp\/v2\/comments?post=718"}],"version-history":[{"count":10,"href":"https:\/\/eyebrowtracer.com\/es\/wp-json\/wp\/v2\/pages\/718\/revisions"}],"predecessor-version":[{"id":9352,"href":"https:\/\/eyebrowtracer.com\/es\/wp-json\/wp\/v2\/pages\/718\/revisions\/9352"}],"wp:attachment":[{"href":"https:\/\/eyebrowtracer.com\/es\/wp-json\/wp\/v2\/media?parent=718"}],"curies":[{"name":"wp","href":"https:\/\/api.w.org\/{rel}","templated":true}]}}