{"id":712,"date":"2014-04-04T12:59:19","date_gmt":"2014-04-04T10:59:19","guid":{"rendered":"http:\/\/eyebrowtracer.provahosting.it\/homepage-2\/"},"modified":"2022-11-20T16:49:57","modified_gmt":"2022-11-20T15:49:57","slug":"homepage-2","status":"publish","type":"page","link":"https:\/\/eyebrowtracer.com\/es\/","title":{"rendered":"Homepage"},"content":{"rendered":"<div id='layer_slider_1' class='avia-layerslider main_color avia-shadow  avia-builder-el-0  el_before_av_textblock  avia-builder-el-first  container_wrap sidebar_right' style='  height: 801px;' ><\/div><div id='after_layer_slider_1' class='main_color av_default_container_wrap container_wrap sidebar_right' style=' '  ><div class='container' ><div class='template-page content  av-content-small alpha units'><div class='post-entry post-entry-type-page post-entry-712'><div class='entry-content-wrapper clearfix'>\n<section class=\"av_textblock_section \"  itemscope=\"itemscope\" itemtype=\"https:\/\/schema.org\/CreativeWork\" ><div class='avia_textblock  '   itemprop=\"text\" ><h3 style=\"text-align: center;\">EYEBROW TRACER<\/h3>\n<\/div><\/section>\n<div class=\"flex_column av_one_half  flex_column_div first  avia-builder-el-2  el_after_av_textblock  el_before_av_one_half  column-top-margin\" ><section class=\"av_textblock_section \"  itemscope=\"itemscope\" itemtype=\"https:\/\/schema.org\/CreativeWork\" ><div class='avia_textblock  '   itemprop=\"text\" ><p style=\"text-align: right;\"><img loading=\"lazy\" decoding=\"async\" class=\"size-medium wp-image-683 alignnone\" src=\"https:\/\/eyebrowtracer.com\/wp-content\/uploads\/2014\/04\/photo-JESSICA1-233x300.jpg\" alt=\"\" width=\"233\" height=\"300\" srcset=\"https:\/\/eyebrowtracer.com\/wp-content\/uploads\/2014\/04\/photo-JESSICA1-233x300.jpg 233w, https:\/\/eyebrowtracer.com\/wp-content\/uploads\/2014\/04\/photo-JESSICA1-600x772.jpg 600w, https:\/\/eyebrowtracer.com\/wp-content\/uploads\/2014\/04\/photo-JESSICA1-548x705.jpg 548w, https:\/\/eyebrowtracer.com\/wp-content\/uploads\/2014\/04\/photo-JESSICA1-450x578.jpg 450w, https:\/\/eyebrowtracer.com\/wp-content\/uploads\/2014\/04\/photo-JESSICA1.jpg 800w\" sizes=\"auto, (max-width: 233px) 100vw, 233px\" \/><\/p>\n<p style=\"text-align: right;\">Inventado por el arquitecto <a href=\"http:\/\/www.jessicaciaramelletti.it\">Jessica Ciaramelletti<\/a>,<\/p>\n<p style=\"text-align: right;\">fue presentado al <strong>Cosmoprof de Bologna<\/strong> en el 2008.<\/p>\n<p style=\"text-align: right;\">El Eyebrow Tracer es producido completamente a mano en <strong>Italia<\/strong><\/p>\n<p style=\"text-align: right;\">y est\u00e1 realizado con materiales a la vanguardia, antial\u00e9rgicos y seguros.<\/p>\n<p style=\"text-align: right;\">Los env\u00edos se efect\u00faan a cualquier pa\u00eds.<\/p>\n<\/div><\/section><br \/>\n<div  class='hr hr-short hr-right   avia-builder-el-4  el_after_av_textblock  avia-builder-el-last '><span class='hr-inner ' ><span class='hr-inner-style'><\/span><\/span><\/div><\/p><\/div>\n<div class=\"flex_column av_one_half  flex_column_div av-zero-column-padding   avia-builder-el-5  el_after_av_one_half  el_before_av_section  avia-builder-el-last  column-top-margin\" style='border-radius:0px; '><div class='avia-icon-list-container   avia-builder-el-6  avia-builder-el-no-sibling '><ul class='avia-icon-list avia-icon-list-left av-iconlist-big avia_animate_when_almost_visible avia-iconlist-animate'>\n<li><div  class='iconlist_icon  avia-font-entypo-fontello'><span class='iconlist-char ' aria-hidden='true' data-av_icon='\ue836' data-av_iconfont='entypo-fontello'><\/span><\/div><article class=\"article-icon-entry \"  itemscope=\"itemscope\" itemtype=\"https:\/\/schema.org\/CreativeWork\" ><div class='iconlist_content_wrap'><header class=\"entry-content-header\"><h4 class='av_iconlist_title iconlist_title  '  itemprop=\"headline\"  >Dise\u00f1o<\/h4><\/header><div class='iconlist_content  '  itemprop=\"text\"  ><p>un dise\u00f1o simple, b\u00e1sico, seguro y ergon\u00f3mico; que permite al Eyebrow Tracer\u00a0 de ser utilizado tambi\u00e9n por sujetos zurdos o ambidiestros.<\/p>\n<\/div><\/div><footer class=\"entry-footer\"><\/footer><\/article><div class='iconlist-timeline'><\/div><\/li>\n<li><div  class='iconlist_icon  avia-font-entypo-fontello'><span class='iconlist-char ' aria-hidden='true' data-av_icon='\ue855' data-av_iconfont='entypo-fontello'><\/span><\/div><article class=\"article-icon-entry \"  itemscope=\"itemscope\" itemtype=\"https:\/\/schema.org\/CreativeWork\" ><div class='iconlist_content_wrap'><header class=\"entry-content-header\"><h4 class='av_iconlist_title iconlist_title  '  itemprop=\"headline\"  >Sistema a cremallera<\/h4><\/header><div class='iconlist_content  '  itemprop=\"text\"  ><p>las astas del Eyebrow Tracer est\u00e1n conectadas por medio de bisagras. Este sistema fue dise\u00f1ado para permitir la correcta rotaci\u00f3n y ajuste de las astas as\u00ed como su solapamiento, minimizando de esta manera el volumen del mismo. Adem\u00e1s, para evitar que las astas\u00a0 puedan girar cuando no se desee, la herramienta est\u00e1 equipada con seguro, el cual funciona tambi\u00e9n como soporte para el lapiz de cejas.<\/p>\n<\/div><\/div><footer class=\"entry-footer\"><\/footer><\/article><div class='iconlist-timeline'><\/div><\/li>\n<li><div  class='iconlist_icon  avia-font-entypo-fontello'><span class='iconlist-char ' aria-hidden='true' data-av_icon='\ue86a' data-av_iconfont='entypo-fontello'><\/span><\/div><article class=\"article-icon-entry \"  itemscope=\"itemscope\" itemtype=\"https:\/\/schema.org\/CreativeWork\" ><div class='iconlist_content_wrap'><header class=\"entry-content-header\"><h4 class='av_iconlist_title iconlist_title  '  itemprop=\"headline\"  >Dimensiones<\/h4><\/header><div class='iconlist_content  '  itemprop=\"text\"  ><p>las dimensiones han sido estudiadas tomando en consideraci\u00f3n los varios tipos de rostros y manos existentes.<\/p>\n<\/div><\/div><footer class=\"entry-footer\"><\/footer><\/article><div class='iconlist-timeline'><\/div><\/li>\n<li><div  class='iconlist_icon  avia-font-entypo-fontello'><span class='iconlist-char ' aria-hidden='true' data-av_icon='\ue837' data-av_iconfont='entypo-fontello'><\/span><\/div><article class=\"article-icon-entry \"  itemscope=\"itemscope\" itemtype=\"https:\/\/schema.org\/CreativeWork\" ><div class='iconlist_content_wrap'><header class=\"entry-content-header\"><h4 class='av_iconlist_title iconlist_title  '  itemprop=\"headline\"  >Materiales<\/h4><\/header><div class='iconlist_content  '  itemprop=\"text\"  ><p>ligero, flexible, transparente y anti-trauma t\u00e9rmico.<\/p>\n<\/div><\/div><footer class=\"entry-footer\"><\/footer><\/article><div class='iconlist-timeline'><\/div><\/li>\n<\/ul><\/div><\/div>\n<\/div><\/div><\/div><!-- close content main div --><\/div><\/div><div id='av_section_1' class='avia-section main_color avia-section-large avia-no-shadow avia-bg-style-parallax  avia-builder-el-7  el_after_av_one_half  el_before_av_textblock   container_wrap sidebar_right' style=' '  ><div class='container' ><div class='template-page content  av-content-small alpha units'><div class='post-entry post-entry-type-page post-entry-712'><div class='entry-content-wrapper clearfix'><\/div><\/div><\/div><!-- close content main div --><\/div><\/div><div id='after_section_1' class='main_color av_default_container_wrap container_wrap sidebar_right' style=' '  ><div class='container' ><div class='template-page content  av-content-small alpha units'><div class='post-entry post-entry-type-page post-entry-712'><div class='entry-content-wrapper clearfix'>\n<section class=\"av_textblock_section \"  itemscope=\"itemscope\" itemtype=\"https:\/\/schema.org\/CreativeWork\" ><div class='avia_textblock  '   itemprop=\"text\" ><h2 style=\"text-align: center;\"><a title=\"Opiniones\" href=\"http:\/\/eyebrowtracer.provahosting.it\/es\/opiniones\/\">OPINIONES<\/a><\/h2>\n<\/div><\/section>\n<div  class='hr hr-short hr-center   avia-builder-el-9  el_after_av_textblock  el_before_av_testimonials '><span class='hr-inner ' ><span class='hr-inner-style'><\/span><\/span><\/div>\n<div  data-autoplay='1'  data-interval='5'  data-animation='fade'  data-hoverpause='1'  class='avia-testimonial-wrapper avia-grid-testimonials avia-grid-2-testimonials avia_animate_when_almost_visible   '>\n<section class ='avia-testimonial-row'><div class='avia-testimonial av_one_half flex_column no_margin avia-testimonial-row-1 avia-first-testimonial'  itemscope=\"itemscope\" itemtype=\"https:\/\/schema.org\/Person\" ><div class='avia-testimonial_inner'><div class='avia-testimonial-image'  itemprop=\"image\"  style='background-image:url(https:\/\/eyebrowtracer.com\/wp-content\/uploads\/2014\/08\/ina_logo.png);'><\/div><div class='avia-testimonial-content '    itemscope=\"itemscope\" itemtype=\"https:\/\/schema.org\/CreativeWork\" ><p>Great idea!<br \/>\nMy students are very happy with the Eyebrow tracer cause it helps them to create the perfect eyebrows.<br \/>\nNice and elegant design.<br \/>\nEasy to use.<br \/>\nA key to successful eyebrows.<\/p>\n<\/div><div class='avia-testimonial-meta'><div class='avia-testimonial-arrow-wrap'><div class='avia-arrow'><\/div><\/div><div class='avia-testimonial-meta-mini'><strong  class='avia-testimonial-name'    itemprop=\"name\" >Ina Bennoun-Hanani<\/strong><span  class='avia-testimonial-subtitle '    itemprop=\"jobTitle\" >Micropigmentation master and teacher<\/span><span class='hidden avia-testimonial-markup-link'   itemprop=\"url\" >http:\/\/www.ina-beautymedic.com\/<\/span> &ndash; <a class='aviablank avia-testimonial-link' href='http:\/\/www.ina-beautymedic.com\/' >Ina Beautymedic<\/a><\/div><\/div><\/div><\/div>\n<div class='avia-testimonial av_one_half flex_column no_margin avia-testimonial-row-1 avia-last-testimonial'  itemscope=\"itemscope\" itemtype=\"https:\/\/schema.org\/Person\" ><div class='avia-testimonial_inner'><div class='avia-testimonial-image'  itemprop=\"image\"  style='background-image:url(https:\/\/eyebrowtracer.com\/wp-content\/uploads\/2014\/04\/bocata2-180x171.jpg);'><\/div><div class='avia-testimonial-content '    itemscope=\"itemscope\" itemtype=\"https:\/\/schema.org\/CreativeWork\" ><p>The eyebrow tracer is a fabulous tool for measuring brows. We all like to get the symetry just right and this is the tool to use. Since I teach beginners it is important to show the measurements for brows. I use the tracer and get accurate brow placement and it helps the students.<\/p>\n<\/div><div class='avia-testimonial-meta'><div class='avia-testimonial-arrow-wrap'><div class='avia-arrow'><\/div><\/div><div class='avia-testimonial-meta-mini'><strong  class='avia-testimonial-name'    itemprop=\"name\" >Joyce Cirasuola<\/strong><span  class='avia-testimonial-subtitle '    itemprop=\"jobTitle\" >Owner<\/span><span class='hidden avia-testimonial-markup-link'   itemprop=\"url\" >http:\/\/www.bocata2.com\/<\/span> &ndash; <a class='aviablank avia-testimonial-link' href='http:\/\/www.bocata2.com\/' >http:\/\/www.bocata2.com\/<\/a><\/div><\/div><\/div><\/div><\/section>\n<section class ='avia-testimonial-row'><div class='avia-testimonial av_one_half flex_column no_margin avia-testimonial-row-2 avia-first-testimonial'  itemscope=\"itemscope\" itemtype=\"https:\/\/schema.org\/Person\" ><div class='avia-testimonial_inner'><div class='avia-testimonial-image'  itemprop=\"image\"  style='background-image:url(https:\/\/eyebrowtracer.com\/wp-content\/uploads\/2014\/04\/softapitalia-180x180.jpg);'><\/div><div class='avia-testimonial-content '    itemscope=\"itemscope\" itemtype=\"https:\/\/schema.org\/CreativeWork\" ><p>La mia azienda si occupa di formazione nella materia del tatuaggio cosmetico semipermanente ed avere a disposizione uno strumento di misurazione cos\u00ec preciso che faciliti il lavoro di progettazione e\/o restyling delle arcate sopraccigliari, \u00e8 un grande valore aggiunto che posso offrire ai miei allievi, i quali avvalendosi delle nozioni teoriche e pratiche dettate dall\u2019arch. Ciaramelletti, riescono a dare vita a lavori straordinari, con la professionalit\u00e0 e la precisione che questa professione assolutamente richiede. Un sentito grazie per questo strumento unico nel suo genere!<\/p>\n<\/div><div class='avia-testimonial-meta'><div class='avia-testimonial-arrow-wrap'><div class='avia-arrow'><\/div><\/div><div class='avia-testimonial-meta-mini'><strong  class='avia-testimonial-name'    itemprop=\"name\" >Roberta Ferretti<\/strong><span  class='avia-testimonial-subtitle '    itemprop=\"jobTitle\" >Proprietaria Softapitalia<\/span><span class='hidden avia-testimonial-markup-link'   itemprop=\"url\" >http:\/\/www.iltruccoperfetto.com\/<\/span> &ndash; <a class='aviablank avia-testimonial-link' href='http:\/\/www.iltruccoperfetto.com\/' >http:\/\/www.iltruccoperfetto.com\/<\/a><\/div><\/div><\/div><\/div>\n<div class='avia-testimonial av_one_half flex_column no_margin avia-testimonial-row-2 avia-last-testimonial'  itemscope=\"itemscope\" itemtype=\"https:\/\/schema.org\/Person\" ><div class='avia-testimonial_inner'><div class='avia-testimonial-image'  itemprop=\"image\"  style='background-image:url(https:\/\/eyebrowtracer.com\/wp-content\/uploads\/2014\/07\/aglaia-180x180.jpg);'><\/div><div class='avia-testimonial-content '    itemscope=\"itemscope\" itemtype=\"https:\/\/schema.org\/CreativeWork\" ><p>Eyebrow Tracer uno strumento geniale adatto agli esperti del settore ma anche chi da poco si affaccia al mondo dell\u2019estetica e desidera compiere un lavoro impeccabile sul tracciare un perfetto garbo sopracciliare\u2026<\/p>\n<p>Conoscendone la tecnica semplifica il lavoro lasciando il professionista soddisfatto del suo operato. Grazie a questo strumento la mia qualit\u00e0 lavorativa \u00e8 aumentata dando ai miei clienti professionalit\u00e0 e precisione. Grazie Jessica<\/p>\n<\/div><div class='avia-testimonial-meta'><div class='avia-testimonial-arrow-wrap'><div class='avia-arrow'><\/div><\/div><div class='avia-testimonial-meta-mini'><strong  class='avia-testimonial-name'    itemprop=\"name\" >Nancy Tortora<\/strong><span  class='avia-testimonial-subtitle '    itemprop=\"jobTitle\" >Proprietaria Aglaia Istituto di Bellezza<\/span><span class='hidden avia-testimonial-markup-link'   itemprop=\"url\" >http:\/\/www.aglaiaestetica.com\/<\/span> &ndash; <a class='aviablank avia-testimonial-link' href='http:\/\/www.aglaiaestetica.com\/' >http:\/\/www.aglaiaestetica.com\/<\/a><\/div><\/div><\/div><\/div><\/section>\n<\/div>\n","protected":false},"excerpt":{"rendered":"","protected":false},"author":2,"featured_media":0,"parent":0,"menu_order":0,"comment_status":"closed","ping_status":"closed","template":"","meta":{"footnotes":""},"class_list":["post-712","page","type-page","status-publish","hentry"],"yoast_head":"<!-- This site is optimized with the Yoast SEO plugin v27.3 - https:\/\/yoast.com\/product\/yoast-seo-wordpress\/ -->\n<title>Homepage - Eyebrow Tracer<\/title>\n<meta name=\"description\" content=\"La herramienta profesional que, con tres pasos, te permite dise\u00f1ar el contorno de tus cejas correctamente. F\u00e1cil, r\u00e1pido y seguro, hecho en Italia.\" \/>\n<meta name=\"robots\" content=\"index, follow, max-snippet:-1, max-image-preview:large, max-video-preview:-1\" \/>\n<link rel=\"canonical\" href=\"https:\/\/eyebrowtracer.com\/es\/\" \/>\n<meta property=\"og:locale\" content=\"es_ES\" \/>\n<meta property=\"og:type\" content=\"article\" \/>\n<meta property=\"og:title\" content=\"Homepage - Eyebrow Tracer\" \/>\n<meta property=\"og:description\" content=\"La herramienta profesional que, con tres pasos, te permite dise\u00f1ar el contorno de tus cejas correctamente. F\u00e1cil, r\u00e1pido y seguro, hecho en Italia.\" \/>\n<meta property=\"og:url\" content=\"https:\/\/eyebrowtracer.com\/es\/\" \/>\n<meta property=\"og:site_name\" content=\"Eyebrow Tracer\" \/>\n<meta property=\"article:modified_time\" content=\"2022-11-20T15:49:57+00:00\" \/>\n<meta name=\"twitter:label1\" content=\"Tiempo de lectura\" \/>\n\t<meta name=\"twitter:data1\" content=\"4 minutos\" \/>\n<script type=\"application\/ld+json\" class=\"yoast-schema-graph\">{\"@context\":\"https:\\\/\\\/schema.org\",\"@graph\":[{\"@type\":\"WebPage\",\"@id\":\"https:\\\/\\\/eyebrowtracer.com\\\/es\\\/\",\"url\":\"https:\\\/\\\/eyebrowtracer.com\\\/es\\\/\",\"name\":\"Homepage - Eyebrow Tracer\",\"isPartOf\":{\"@id\":\"https:\\\/\\\/eyebrowtracer.com\\\/#website\"},\"primaryImageOfPage\":{\"@id\":\"https:\\\/\\\/eyebrowtracer.com\\\/es\\\/#primaryimage\"},\"image\":{\"@id\":\"https:\\\/\\\/eyebrowtracer.com\\\/es\\\/#primaryimage\"},\"thumbnailUrl\":\"https:\\\/\\\/eyebrowtracer.com\\\/wp-content\\\/uploads\\\/2014\\\/04\\\/photo-JESSICA1-233x300.jpg\",\"datePublished\":\"2014-04-04T10:59:19+00:00\",\"dateModified\":\"2022-11-20T15:49:57+00:00\",\"description\":\"La herramienta profesional que, con tres pasos, te permite dise\u00f1ar el contorno de tus cejas correctamente. F\u00e1cil, r\u00e1pido y seguro, hecho en Italia.\",\"breadcrumb\":{\"@id\":\"https:\\\/\\\/eyebrowtracer.com\\\/es\\\/#breadcrumb\"},\"inLanguage\":\"es\",\"potentialAction\":[{\"@type\":\"ReadAction\",\"target\":[\"https:\\\/\\\/eyebrowtracer.com\\\/es\\\/\"]}]},{\"@type\":\"ImageObject\",\"inLanguage\":\"es\",\"@id\":\"https:\\\/\\\/eyebrowtracer.com\\\/es\\\/#primaryimage\",\"url\":\"https:\\\/\\\/eyebrowtracer.com\\\/wp-content\\\/uploads\\\/2014\\\/04\\\/photo-JESSICA1-233x300.jpg\",\"contentUrl\":\"https:\\\/\\\/eyebrowtracer.com\\\/wp-content\\\/uploads\\\/2014\\\/04\\\/photo-JESSICA1-233x300.jpg\"},{\"@type\":\"BreadcrumbList\",\"@id\":\"https:\\\/\\\/eyebrowtracer.com\\\/es\\\/#breadcrumb\",\"itemListElement\":[{\"@type\":\"ListItem\",\"position\":1,\"name\":\"Home\",\"item\":\"https:\\\/\\\/eyebrowtracer.com\\\/es\\\/\"},{\"@type\":\"ListItem\",\"position\":2,\"name\":\"Homepage\"}]},{\"@type\":\"WebSite\",\"@id\":\"https:\\\/\\\/eyebrowtracer.com\\\/#website\",\"url\":\"https:\\\/\\\/eyebrowtracer.com\\\/\",\"name\":\"Eyebrow Tracer\",\"description\":\"Cejas perfectas en tres actos!\",\"potentialAction\":[{\"@type\":\"SearchAction\",\"target\":{\"@type\":\"EntryPoint\",\"urlTemplate\":\"https:\\\/\\\/eyebrowtracer.com\\\/?s={search_term_string}\"},\"query-input\":{\"@type\":\"PropertyValueSpecification\",\"valueRequired\":true,\"valueName\":\"search_term_string\"}}],\"inLanguage\":\"es\"}]}<\/script>\n<!-- \/ Yoast SEO plugin. -->","yoast_head_json":{"title":"Homepage - Eyebrow Tracer","description":"La herramienta profesional que, con tres pasos, te permite dise\u00f1ar el contorno de tus cejas correctamente. F\u00e1cil, r\u00e1pido y seguro, hecho en Italia.","robots":{"index":"index","follow":"follow","max-snippet":"max-snippet:-1","max-image-preview":"max-image-preview:large","max-video-preview":"max-video-preview:-1"},"canonical":"https:\/\/eyebrowtracer.com\/es\/","og_locale":"es_ES","og_type":"article","og_title":"Homepage - Eyebrow Tracer","og_description":"La herramienta profesional que, con tres pasos, te permite dise\u00f1ar el contorno de tus cejas correctamente. F\u00e1cil, r\u00e1pido y seguro, hecho en Italia.","og_url":"https:\/\/eyebrowtracer.com\/es\/","og_site_name":"Eyebrow Tracer","article_modified_time":"2022-11-20T15:49:57+00:00","twitter_misc":{"Tiempo de lectura":"4 minutos"},"schema":{"@context":"https:\/\/schema.org","@graph":[{"@type":"WebPage","@id":"https:\/\/eyebrowtracer.com\/es\/","url":"https:\/\/eyebrowtracer.com\/es\/","name":"Homepage - Eyebrow Tracer","isPartOf":{"@id":"https:\/\/eyebrowtracer.com\/#website"},"primaryImageOfPage":{"@id":"https:\/\/eyebrowtracer.com\/es\/#primaryimage"},"image":{"@id":"https:\/\/eyebrowtracer.com\/es\/#primaryimage"},"thumbnailUrl":"https:\/\/eyebrowtracer.com\/wp-content\/uploads\/2014\/04\/photo-JESSICA1-233x300.jpg","datePublished":"2014-04-04T10:59:19+00:00","dateModified":"2022-11-20T15:49:57+00:00","description":"La herramienta profesional que, con tres pasos, te permite dise\u00f1ar el contorno de tus cejas correctamente. F\u00e1cil, r\u00e1pido y seguro, hecho en Italia.","breadcrumb":{"@id":"https:\/\/eyebrowtracer.com\/es\/#breadcrumb"},"inLanguage":"es","potentialAction":[{"@type":"ReadAction","target":["https:\/\/eyebrowtracer.com\/es\/"]}]},{"@type":"ImageObject","inLanguage":"es","@id":"https:\/\/eyebrowtracer.com\/es\/#primaryimage","url":"https:\/\/eyebrowtracer.com\/wp-content\/uploads\/2014\/04\/photo-JESSICA1-233x300.jpg","contentUrl":"https:\/\/eyebrowtracer.com\/wp-content\/uploads\/2014\/04\/photo-JESSICA1-233x300.jpg"},{"@type":"BreadcrumbList","@id":"https:\/\/eyebrowtracer.com\/es\/#breadcrumb","itemListElement":[{"@type":"ListItem","position":1,"name":"Home","item":"https:\/\/eyebrowtracer.com\/es\/"},{"@type":"ListItem","position":2,"name":"Homepage"}]},{"@type":"WebSite","@id":"https:\/\/eyebrowtracer.com\/#website","url":"https:\/\/eyebrowtracer.com\/","name":"Eyebrow Tracer","description":"Cejas perfectas en tres actos!","potentialAction":[{"@type":"SearchAction","target":{"@type":"EntryPoint","urlTemplate":"https:\/\/eyebrowtracer.com\/?s={search_term_string}"},"query-input":{"@type":"PropertyValueSpecification","valueRequired":true,"valueName":"search_term_string"}}],"inLanguage":"es"}]}},"_links":{"self":[{"href":"https:\/\/eyebrowtracer.com\/es\/wp-json\/wp\/v2\/pages\/712","targetHints":{"allow":["GET"]}}],"collection":[{"href":"https:\/\/eyebrowtracer.com\/es\/wp-json\/wp\/v2\/pages"}],"about":[{"href":"https:\/\/eyebrowtracer.com\/es\/wp-json\/wp\/v2\/types\/page"}],"author":[{"embeddable":true,"href":"https:\/\/eyebrowtracer.com\/es\/wp-json\/wp\/v2\/users\/2"}],"replies":[{"embeddable":true,"href":"https:\/\/eyebrowtracer.com\/es\/wp-json\/wp\/v2\/comments?post=712"}],"version-history":[{"count":14,"href":"https:\/\/eyebrowtracer.com\/es\/wp-json\/wp\/v2\/pages\/712\/revisions"}],"predecessor-version":[{"id":9344,"href":"https:\/\/eyebrowtracer.com\/es\/wp-json\/wp\/v2\/pages\/712\/revisions\/9344"}],"wp:attachment":[{"href":"https:\/\/eyebrowtracer.com\/es\/wp-json\/wp\/v2\/media?parent=712"}],"curies":[{"name":"wp","href":"https:\/\/api.w.org\/{rel}","templated":true}]}}