{"id":8417,"date":"2021-10-01T11:59:40","date_gmt":"2021-10-01T09:59:40","guid":{"rendered":"https:\/\/eyebrowtracer.com\/prodotto\/traceur-de-sourcils\/"},"modified":"2021-10-13T14:51:18","modified_gmt":"2021-10-13T12:51:18","slug":"traceur-de-sourcils-1","status":"publish","type":"product","link":"https:\/\/eyebrowtracer.com\/de\/prodotto\/traceur-de-sourcils-1\/","title":{"rendered":"Traceur de sourcils"},"content":{"rendered":"<p>Achetez le Eyebrow Tracer maintenant et d\u00e9barrassez-vous du probl\u00e8me des sourcils\u00a0! Le Eyebrow Tracer est un produit enti\u00e8rement fabriqu\u00e9 \u00e0 la main en Italie que vous pouvez acheter en ligne uniquement, pour 24,74\u00a0\u00a3.<\/p>\n<p>L&#8217;emballage complet est compos\u00e9 du Eyebrow Tracer, d&#8217;un crayon \u00e0 sourcils, d&#8217;instructions (en italien et en anglais) imprim\u00e9es sur un papier imperm\u00e9able et d&#8217;un syst\u00e8me de barre-bloc (qui sert de porte-crayon).<\/p>\n<p>Tous les traceurs de sourcils sont vendus avec des factures l\u00e9gales qui seront exp\u00e9di\u00e9es avec votre article. Une fois que vous avez termin\u00e9 votre achat, vous recevrez un e-mail avec tous les d\u00e9tails d&#8217;exp\u00e9dition\u00a0!<\/p>\n<p>Vous recevrez \u00e9galement (par courrier) le code de suivi pour suivre votre article depuis l&#8217;exp\u00e9dition initiale.<\/p>\n","protected":false},"excerpt":{"rendered":"<p>Achetez le Eyebrow Tracer maintenant et d\u00e9barrassez-vous du probl\u00e8me des sourcils\u00a0! Le Eyebrow Tracer est un produit enti\u00e8rement fabriqu\u00e9 \u00e0 la main en Italie que vous pouvez acheter en ligne uniquement, pour 24,74\u00a0\u00a3. L&#8217;emballage complet est compos\u00e9 du Eyebrow Tracer, d&#8217;un crayon \u00e0 sourcils, d&#8217;instructions (en italien et en anglais) imprim\u00e9es sur un papier imperm\u00e9able [&hellip;]<\/p>\n","protected":false},"featured_media":7365,"comment_status":"open","ping_status":"closed","template":"","meta":[],"product_brand":[],"product_cat":[116],"product_tag":[],"class_list":{"0":"post-8417","1":"product","2":"type-product","3":"status-publish","4":"has-post-thumbnail","6":"product_cat-eyebrow-tracer-de","8":"first","9":"instock","10":"shipping-taxable","11":"purchasable","12":"product-type-variable","13":"has-default-attributes"},"yoast_head":"<!-- This site is optimized with the Yoast SEO plugin v27.3 - https:\/\/yoast.com\/product\/yoast-seo-wordpress\/ -->\n<title>Traceur de sourcils - Eyebrow Tracer<\/title>\n<meta name=\"robots\" content=\"index, follow, max-snippet:-1, max-image-preview:large, max-video-preview:-1\" \/>\n<link rel=\"canonical\" href=\"https:\/\/eyebrowtracer.com\/de\/prodotto\/traceur-de-sourcils-1\/\" \/>\n<meta property=\"og:locale\" content=\"de_DE\" \/>\n<meta property=\"og:type\" content=\"article\" \/>\n<meta property=\"og:title\" content=\"Traceur de sourcils - Eyebrow Tracer\" \/>\n<meta property=\"og:description\" content=\"Achetez le Eyebrow Tracer maintenant et d\u00e9barrassez-vous du probl\u00e8me des sourcils\u00a0! Le Eyebrow Tracer est un produit enti\u00e8rement fabriqu\u00e9 \u00e0 la main en Italie que vous pouvez acheter en ligne uniquement, pour 24,74\u00a0\u00a3. L&#8217;emballage complet est compos\u00e9 du Eyebrow Tracer, d&#8217;un crayon \u00e0 sourcils, d&#8217;instructions (en italien et en anglais) imprim\u00e9es sur un papier imperm\u00e9able [&hellip;]\" \/>\n<meta property=\"og:url\" content=\"https:\/\/eyebrowtracer.com\/de\/prodotto\/traceur-de-sourcils-1\/\" \/>\n<meta property=\"og:site_name\" content=\"Eyebrow Tracer\" \/>\n<meta property=\"article:modified_time\" content=\"2021-10-13T12:51:18+00:00\" \/>\n<meta property=\"og:image\" content=\"https:\/\/eyebrowtracer.com\/wp-content\/uploads\/2015\/02\/5.jpg\" \/>\n\t<meta property=\"og:image:width\" content=\"1200\" \/>\n\t<meta property=\"og:image:height\" content=\"1262\" \/>\n\t<meta property=\"og:image:type\" content=\"image\/jpeg\" \/>\n<meta name=\"twitter:label1\" content=\"Gesch\u00e4tzte Lesezeit\" \/>\n\t<meta name=\"twitter:data1\" content=\"1\u00a0Minute\" \/>\n<script type=\"application\/ld+json\" class=\"yoast-schema-graph\">{\"@context\":\"https:\\\/\\\/schema.org\",\"@graph\":[{\"@type\":\"WebPage\",\"@id\":\"https:\\\/\\\/eyebrowtracer.com\\\/de\\\/prodotto\\\/traceur-de-sourcils-1\\\/\",\"url\":\"https:\\\/\\\/eyebrowtracer.com\\\/de\\\/prodotto\\\/traceur-de-sourcils-1\\\/\",\"name\":\"Traceur de sourcils - Eyebrow Tracer\",\"isPartOf\":{\"@id\":\"https:\\\/\\\/eyebrowtracer.com\\\/#website\"},\"primaryImageOfPage\":{\"@id\":\"https:\\\/\\\/eyebrowtracer.com\\\/de\\\/prodotto\\\/traceur-de-sourcils-1\\\/#primaryimage\"},\"image\":{\"@id\":\"https:\\\/\\\/eyebrowtracer.com\\\/de\\\/prodotto\\\/traceur-de-sourcils-1\\\/#primaryimage\"},\"thumbnailUrl\":\"https:\\\/\\\/eyebrowtracer.com\\\/wp-content\\\/uploads\\\/2015\\\/02\\\/5.jpg\",\"datePublished\":\"2021-10-01T09:59:40+00:00\",\"dateModified\":\"2021-10-13T12:51:18+00:00\",\"breadcrumb\":{\"@id\":\"https:\\\/\\\/eyebrowtracer.com\\\/de\\\/prodotto\\\/traceur-de-sourcils-1\\\/#breadcrumb\"},\"inLanguage\":\"de\",\"potentialAction\":[{\"@type\":\"ReadAction\",\"target\":[\"https:\\\/\\\/eyebrowtracer.com\\\/de\\\/prodotto\\\/traceur-de-sourcils-1\\\/\"]}]},{\"@type\":\"ImageObject\",\"inLanguage\":\"de\",\"@id\":\"https:\\\/\\\/eyebrowtracer.com\\\/de\\\/prodotto\\\/traceur-de-sourcils-1\\\/#primaryimage\",\"url\":\"https:\\\/\\\/eyebrowtracer.com\\\/wp-content\\\/uploads\\\/2015\\\/02\\\/5.jpg\",\"contentUrl\":\"https:\\\/\\\/eyebrowtracer.com\\\/wp-content\\\/uploads\\\/2015\\\/02\\\/5.jpg\",\"width\":1200,\"height\":1262,\"caption\":\"Eyebrow Tracer 2015\"},{\"@type\":\"BreadcrumbList\",\"@id\":\"https:\\\/\\\/eyebrowtracer.com\\\/de\\\/prodotto\\\/traceur-de-sourcils-1\\\/#breadcrumb\",\"itemListElement\":[{\"@type\":\"ListItem\",\"position\":1,\"name\":\"Home\",\"item\":\"https:\\\/\\\/eyebrowtracer.com\\\/de\\\/\"},{\"@type\":\"ListItem\",\"position\":2,\"name\":\"Shop\",\"item\":\"https:\\\/\\\/eyebrowtracer.com\\\/de\\\/shop\\\/\"},{\"@type\":\"ListItem\",\"position\":3,\"name\":\"Traceur de sourcils\"}]},{\"@type\":\"WebSite\",\"@id\":\"https:\\\/\\\/eyebrowtracer.com\\\/#website\",\"url\":\"https:\\\/\\\/eyebrowtracer.com\\\/\",\"name\":\"Eyebrow Tracer\",\"description\":\"Mit dem Eyebrow Tracer man wird schon nur mit drei Handbewegung\",\"potentialAction\":[{\"@type\":\"SearchAction\",\"target\":{\"@type\":\"EntryPoint\",\"urlTemplate\":\"https:\\\/\\\/eyebrowtracer.com\\\/?s={search_term_string}\"},\"query-input\":{\"@type\":\"PropertyValueSpecification\",\"valueRequired\":true,\"valueName\":\"search_term_string\"}}],\"inLanguage\":\"de\"}]}<\/script>\n<!-- \/ Yoast SEO plugin. -->","yoast_head_json":{"title":"Traceur de sourcils - Eyebrow Tracer","robots":{"index":"index","follow":"follow","max-snippet":"max-snippet:-1","max-image-preview":"max-image-preview:large","max-video-preview":"max-video-preview:-1"},"canonical":"https:\/\/eyebrowtracer.com\/de\/prodotto\/traceur-de-sourcils-1\/","og_locale":"de_DE","og_type":"article","og_title":"Traceur de sourcils - Eyebrow Tracer","og_description":"Achetez le Eyebrow Tracer maintenant et d\u00e9barrassez-vous du probl\u00e8me des sourcils\u00a0! Le Eyebrow Tracer est un produit enti\u00e8rement fabriqu\u00e9 \u00e0 la main en Italie que vous pouvez acheter en ligne uniquement, pour 24,74\u00a0\u00a3. L&#8217;emballage complet est compos\u00e9 du Eyebrow Tracer, d&#8217;un crayon \u00e0 sourcils, d&#8217;instructions (en italien et en anglais) imprim\u00e9es sur un papier imperm\u00e9able [&hellip;]","og_url":"https:\/\/eyebrowtracer.com\/de\/prodotto\/traceur-de-sourcils-1\/","og_site_name":"Eyebrow Tracer","article_modified_time":"2021-10-13T12:51:18+00:00","og_image":[{"width":1200,"height":1262,"url":"https:\/\/eyebrowtracer.com\/wp-content\/uploads\/2015\/02\/5.jpg","type":"image\/jpeg"}],"twitter_misc":{"Gesch\u00e4tzte Lesezeit":"1\u00a0Minute"},"schema":{"@context":"https:\/\/schema.org","@graph":[{"@type":"WebPage","@id":"https:\/\/eyebrowtracer.com\/de\/prodotto\/traceur-de-sourcils-1\/","url":"https:\/\/eyebrowtracer.com\/de\/prodotto\/traceur-de-sourcils-1\/","name":"Traceur de sourcils - Eyebrow Tracer","isPartOf":{"@id":"https:\/\/eyebrowtracer.com\/#website"},"primaryImageOfPage":{"@id":"https:\/\/eyebrowtracer.com\/de\/prodotto\/traceur-de-sourcils-1\/#primaryimage"},"image":{"@id":"https:\/\/eyebrowtracer.com\/de\/prodotto\/traceur-de-sourcils-1\/#primaryimage"},"thumbnailUrl":"https:\/\/eyebrowtracer.com\/wp-content\/uploads\/2015\/02\/5.jpg","datePublished":"2021-10-01T09:59:40+00:00","dateModified":"2021-10-13T12:51:18+00:00","breadcrumb":{"@id":"https:\/\/eyebrowtracer.com\/de\/prodotto\/traceur-de-sourcils-1\/#breadcrumb"},"inLanguage":"de","potentialAction":[{"@type":"ReadAction","target":["https:\/\/eyebrowtracer.com\/de\/prodotto\/traceur-de-sourcils-1\/"]}]},{"@type":"ImageObject","inLanguage":"de","@id":"https:\/\/eyebrowtracer.com\/de\/prodotto\/traceur-de-sourcils-1\/#primaryimage","url":"https:\/\/eyebrowtracer.com\/wp-content\/uploads\/2015\/02\/5.jpg","contentUrl":"https:\/\/eyebrowtracer.com\/wp-content\/uploads\/2015\/02\/5.jpg","width":1200,"height":1262,"caption":"Eyebrow Tracer 2015"},{"@type":"BreadcrumbList","@id":"https:\/\/eyebrowtracer.com\/de\/prodotto\/traceur-de-sourcils-1\/#breadcrumb","itemListElement":[{"@type":"ListItem","position":1,"name":"Home","item":"https:\/\/eyebrowtracer.com\/de\/"},{"@type":"ListItem","position":2,"name":"Shop","item":"https:\/\/eyebrowtracer.com\/de\/shop\/"},{"@type":"ListItem","position":3,"name":"Traceur de sourcils"}]},{"@type":"WebSite","@id":"https:\/\/eyebrowtracer.com\/#website","url":"https:\/\/eyebrowtracer.com\/","name":"Eyebrow Tracer","description":"Mit dem Eyebrow Tracer man wird schon nur mit drei Handbewegung","potentialAction":[{"@type":"SearchAction","target":{"@type":"EntryPoint","urlTemplate":"https:\/\/eyebrowtracer.com\/?s={search_term_string}"},"query-input":{"@type":"PropertyValueSpecification","valueRequired":true,"valueName":"search_term_string"}}],"inLanguage":"de"}]}},"_links":{"self":[{"href":"https:\/\/eyebrowtracer.com\/de\/wp-json\/wp\/v2\/product\/8417","targetHints":{"allow":["GET"]}}],"collection":[{"href":"https:\/\/eyebrowtracer.com\/de\/wp-json\/wp\/v2\/product"}],"about":[{"href":"https:\/\/eyebrowtracer.com\/de\/wp-json\/wp\/v2\/types\/product"}],"replies":[{"embeddable":true,"href":"https:\/\/eyebrowtracer.com\/de\/wp-json\/wp\/v2\/comments?post=8417"}],"wp:featuredmedia":[{"embeddable":true,"href":"https:\/\/eyebrowtracer.com\/de\/wp-json\/wp\/v2\/media\/7365"}],"wp:attachment":[{"href":"https:\/\/eyebrowtracer.com\/de\/wp-json\/wp\/v2\/media?parent=8417"}],"wp:term":[{"taxonomy":"product_brand","embeddable":true,"href":"https:\/\/eyebrowtracer.com\/de\/wp-json\/wp\/v2\/product_brand?post=8417"},{"taxonomy":"product_cat","embeddable":true,"href":"https:\/\/eyebrowtracer.com\/de\/wp-json\/wp\/v2\/product_cat?post=8417"},{"taxonomy":"product_tag","embeddable":true,"href":"https:\/\/eyebrowtracer.com\/de\/wp-json\/wp\/v2\/product_tag?post=8417"}],"curies":[{"name":"wp","href":"https:\/\/api.w.org\/{rel}","templated":true}]}}