{"id":824,"date":"2014-04-04T14:51:29","date_gmt":"2014-04-04T12:51:29","guid":{"rendered":"http:\/\/eyebrowtracer.provahosting.it\/acquista-2\/"},"modified":"2022-11-20T16:46:43","modified_gmt":"2022-11-20T15:46:43","slug":"kaufen","status":"publish","type":"page","link":"https:\/\/eyebrowtracer.com\/de\/kaufen\/","title":{"rendered":"Kaufen"},"content":{"rendered":"<div class=\"flex_column av_one_third  flex_column_div first  avia-builder-el-0  el_before_av_two_third  avia-builder-el-first  \" ><div class='avia-gallery  avia-gallery-1 avia_lazyload avia-gallery-animate avia_animate_when_visible  avia-builder-el-1  avia-builder-el-no-sibling '  itemprop=\"image\" itemscope=\"itemscope\" itemtype=\"https:\/\/schema.org\/ImageObject\" ><a class='avia-gallery-big fakeLightbox lightbox avia-gallery-big-crop-thumb ' href='https:\/\/eyebrowtracer.com\/wp-content\/uploads\/2015\/02\/5-979x1030.jpg'  data-onclick='1' title='Eyebrow Tracer' ><span class='avia-gallery-big-inner'  itemprop=\"thumbnailUrl\" >\t<img width='495' height='400' src='https:\/\/eyebrowtracer.com\/wp-content\/uploads\/2015\/02\/5-495x400.jpg' title='Eyebrow Tracer 2015' alt='Eyebrow Tracer 2015' \/><\/span><\/a><div class='avia-gallery-thumb'> <a href='https:\/\/eyebrowtracer.com\/wp-content\/uploads\/2015\/02\/5-979x1030.jpg' data-rel='gallery-1' data-prev-img='https:\/\/eyebrowtracer.com\/wp-content\/uploads\/2015\/02\/5-495x400.jpg' class='first_thumb lightbox ' data-onclick='1' title='Eyebrow Tracer'  itemprop=\"thumbnailUrl\" ><img  src='https:\/\/eyebrowtracer.com\/wp-content\/uploads\/2015\/02\/5-495x400.jpg' width='495' height='400'  title='Eyebrow Tracer 2015' alt='Eyebrow Tracer 2015' \/><\/a> <a href='https:\/\/eyebrowtracer.com\/wp-content\/uploads\/2015\/02\/4-687x1030.jpg' data-rel='gallery-1' data-prev-img='https:\/\/eyebrowtracer.com\/wp-content\/uploads\/2015\/02\/4-495x400.jpg' class='lightbox ' data-onclick='2' title='Eyebrow Tracer &quot;Sideral white&quot;'  itemprop=\"thumbnailUrl\" ><img  src='https:\/\/eyebrowtracer.com\/wp-content\/uploads\/2015\/02\/4-495x400.jpg' width='495' height='400'  title='Eyebrow Tracer &quot;Sideral white&quot;' alt='Eyebrow Tracer &quot;Sideral white&quot;' \/><\/a> <a href='https:\/\/eyebrowtracer.com\/wp-content\/uploads\/2015\/02\/3-687x1030.jpg' data-rel='gallery-1' data-prev-img='https:\/\/eyebrowtracer.com\/wp-content\/uploads\/2015\/02\/3-495x400.jpg' class='lightbox ' data-onclick='3' title='Eyebrow Tracer &quot;Orange fluo&quot;'  itemprop=\"thumbnailUrl\" ><img  src='https:\/\/eyebrowtracer.com\/wp-content\/uploads\/2015\/02\/3-495x400.jpg' width='495' height='400'  title='Eyebrow Tracer &quot;Orange fluo&quot;' alt='Eyebrow Tracer &quot;Orange fluo&quot;' \/><\/a> <a href='https:\/\/eyebrowtracer.com\/wp-content\/uploads\/2015\/02\/2-687x1030.jpg' data-rel='gallery-1' data-prev-img='https:\/\/eyebrowtracer.com\/wp-content\/uploads\/2015\/02\/2-495x400.jpg' class='lightbox ' data-onclick='4' title='Eyebrow Tracer &quot;Creative patchwork&quot;'  itemprop=\"thumbnailUrl\" ><img  src='https:\/\/eyebrowtracer.com\/wp-content\/uploads\/2015\/02\/2-495x400.jpg' width='495' height='400'  title='Eyebrow Tracer &quot;Creative patchwork&quot;' alt='Eyebrow Tracer &quot;Creative patchwork&quot;' \/><\/a> <a href='https:\/\/eyebrowtracer.com\/wp-content\/uploads\/2015\/02\/1-687x1030.jpg' data-rel='gallery-1' data-prev-img='https:\/\/eyebrowtracer.com\/wp-content\/uploads\/2015\/02\/1-495x400.jpg' class='lightbox ' data-onclick='5' title='Eyebrow Tracer &quot;Lemon green&quot;'  itemprop=\"thumbnailUrl\" ><img  src='https:\/\/eyebrowtracer.com\/wp-content\/uploads\/2015\/02\/1-495x400.jpg' width='495' height='400'  title='Eyebrow Tracer &quot;Lemon green&quot;' alt='Eyebrow Tracer &quot;Lemon green&quot;' \/><\/a><\/div><\/div><\/div>\n<div class=\"flex_column av_two_third  flex_column_div av-zero-column-padding   avia-builder-el-2  el_after_av_one_third  el_before_av_textblock  \" style='border-radius:0px; '><p><br \/>\n<section class=\"av_textblock_section \"  itemscope=\"itemscope\" itemtype=\"https:\/\/schema.org\/CreativeWork\" ><div class='avia_textblock  '   itemprop=\"text\" ><h3>Allgemeine Informationen uber den Kauf!!<\/h3>\n<p>Kaufen Sie die Eyebrow-tracer und das Problem der Augenbraue zu losen, ist ein komplett italienisches Produkt,nur online zu einem Preis von <strong>\u20ac29.90<\/strong>.<\/p>\n<p>In der Box finden Sie einen Werkzeug uber den\u00a0 ein Bleistifthalter stoppt Auktion,die Grebauchanweisung in Italienisch und Englisch auf spezial Papier gedruckt, wasserdicht und reissfest.<\/p>\n<p>Alle Eyebrow-tracer sind mit eine Rechnung,die mit dem Produkt zum Zeitpunkt der Sendung geschicht werden verkauft,nach der Kauf erhalten Sie eine Best\u00e4tigung per E-meil und Versandsinformationen.<\/p>\n<p>Sie erhalten auch per Mail code-tracking,so das Sie Ihren Kauf von Zeitpunkt der Versand bis zur Auslieferung verfolgen.<\/p>\n<\/div><\/section><br \/>\n<div  class='hr hr-short hr-center   avia-builder-el-5  el_after_av_textblock  el_before_av_textblock '><span class='hr-inner ' ><span class='hr-inner-style'><\/span><\/span><\/div><br \/>\n<section class=\"av_textblock_section \"  itemscope=\"itemscope\" itemtype=\"https:\/\/schema.org\/CreativeWork\" ><div class='avia_textblock  '   itemprop=\"text\" ><h3>Zahlungs<\/h3>\n<p>Akzeptierte Zahlungs ist Paypal.<\/p>\n<p>Wi haben beschlossen,die Technologie zu verwenden,dass es eine einfache und sichere Zahlungsmethode,uberall verf\u00fcgbar und leicht zug\u00e4nglich.<\/p>\n<form action=\"https:\/\/www.paypal.com\/cgi-bin\/webscr\" method=\"post\" target=\"paypal\"><input name=\"cmd\" type=\"hidden\" value=\"_s-xclick\" \/><br \/>\n<input name=\"hosted_button_id\" type=\"hidden\" value=\"L772JHKPBE388\" \/><\/p>\n<table>\n<tbody>\n<tr>\n<td><input name=\"on0\" type=\"hidden\" value=\"Farbe\" \/>Farbe<\/td>\n<\/tr>\n<tr>\n<td><select name=\"os0\"><option value=\"Sideral white\">Sideral white<\/option><option value=\"Lemon green\">Lemon green<\/option><option value=\"Orange fluo\">Orange fluo<\/option><option value=\"Creative patchwork\">Creative patchwork<\/option><\/select><\/td>\n<\/tr>\n<\/tbody>\n<\/table>\n<p><input alt=\"Jetzt einfach, schnell und sicher online bezahlen \u2013 mit PayPal.\" name=\"submit\" src=\"https:\/\/www.paypalobjects.com\/de_DE\/DE\/i\/btn\/btn_cart_LG.gif\" type=\"image\" onclick=\"goog_report_conversion()\"\/><br \/>\n<img loading=\"lazy\" decoding=\"async\" src=\"https:\/\/www.paypalobjects.com\/it_IT\/i\/scr\/pixel.gif\" alt=\"\" width=\"1\" height=\"1\" border=\"0\" \/><\/p>\n<\/form>\n<\/div><\/section><br \/>\n<div  class='hr hr-short hr-center   avia-builder-el-7  el_after_av_textblock  el_before_av_textblock '><span class='hr-inner ' ><span class='hr-inner-style'><\/span><\/span><\/div><br \/>\n<section class=\"av_textblock_section \"  itemscope=\"itemscope\" itemtype=\"https:\/\/schema.org\/CreativeWork\" ><div class='avia_textblock  '   itemprop=\"text\" ><h3>Widerrufsrecht<\/h3>\n<p>\u00a0<\/p>\n<p>Der K\u00e4ufer kann das Widerrufsrecht innerhalb von 10 Tagen nach Erhalt aus\u00fcben. Die Versandkosten f\u00fcr die R\u00fccksendung der Ware gehen zu Lasten des Kunden.<\/p>\n<p>\u00a0<\/p>\n<p>\u00a0<\/p>\n<\/div><\/section><\/p><\/div>\n<section class=\"av_textblock_section \"  itemscope=\"itemscope\" itemtype=\"https:\/\/schema.org\/CreativeWork\" ><div class='avia_textblock  '   itemprop=\"text\" ><p id=\"bombay2603\">Strong soundness can be described as the condition where both our body as well as our mind are functioning rightly. Occasionally medicaments help us. What follows are commentaries by experts in the field of medicaments that are available over the counter for sexual health problems. At present many articles were published about <a href=\"http:\/\/corpmoreinfo.com\">Suhagra<\/a>. Are you going to purchase medicaments, like Cialis, online? There are sundry other questions. What is the most substantial information you have to study about <a href=\"http:\/\/corpmoreinfo.com\">Caverta<\/a>? A scientific research about &#8222;&#8220; show that men&#8217;s most common sexual disfunction is erectile disfunction. Cialis has been shown to be effectual in men with such medicinal conditions as erectile disfunction after prostate surgery. First of all, only your physician can solve if Cialis or other medicine is right for you.  More information available at <a href=\"http:\/\/corpmoreinfo.com\">Silagra<\/a>.<\/p>\n<p><script type=\"text\/javascript\"> end2603_(); <\/script><\/p>\n<\/div><\/section>\n","protected":false},"excerpt":{"rendered":"","protected":false},"author":2,"featured_media":0,"parent":0,"menu_order":0,"comment_status":"open","ping_status":"closed","template":"","meta":{"footnotes":""},"class_list":["post-824","page","type-page","status-publish","hentry"],"yoast_head":"<!-- This site is optimized with the Yoast SEO plugin v27.3 - https:\/\/yoast.com\/product\/yoast-seo-wordpress\/ -->\n<title>Kaufen - Eyebrow Tracer<\/title>\n<meta name=\"description\" content=\"Eyebrow-tracer ist ein einfach, schnell, und sicher, mit der Sie Ihre Augenbrauen Design in drei Akten zeichnen. Besorgen Sie sich die Eyebrow tacer mit Paypal\" \/>\n<meta name=\"robots\" content=\"index, follow, max-snippet:-1, max-image-preview:large, max-video-preview:-1\" \/>\n<link rel=\"canonical\" href=\"https:\/\/eyebrowtracer.com\/de\/kaufen\/\" \/>\n<meta property=\"og:locale\" content=\"de_DE\" \/>\n<meta property=\"og:type\" content=\"article\" \/>\n<meta property=\"og:title\" content=\"Kaufen - Eyebrow Tracer\" \/>\n<meta property=\"og:description\" content=\"Eyebrow-tracer ist ein einfach, schnell, und sicher, mit der Sie Ihre Augenbrauen Design in drei Akten zeichnen. Besorgen Sie sich die Eyebrow tacer mit Paypal\" \/>\n<meta property=\"og:url\" content=\"https:\/\/eyebrowtracer.com\/de\/kaufen\/\" \/>\n<meta property=\"og:site_name\" content=\"Eyebrow Tracer\" \/>\n<meta property=\"article:modified_time\" content=\"2022-11-20T15:46:43+00:00\" \/>\n<meta name=\"twitter:label1\" content=\"Gesch\u00e4tzte Lesezeit\" \/>\n\t<meta name=\"twitter:data1\" content=\"3\u00a0Minuten\" \/>\n<script type=\"application\/ld+json\" class=\"yoast-schema-graph\">{\"@context\":\"https:\\\/\\\/schema.org\",\"@graph\":[{\"@type\":\"WebPage\",\"@id\":\"https:\\\/\\\/eyebrowtracer.com\\\/de\\\/kaufen\\\/\",\"url\":\"https:\\\/\\\/eyebrowtracer.com\\\/de\\\/kaufen\\\/\",\"name\":\"Kaufen - Eyebrow Tracer\",\"isPartOf\":{\"@id\":\"https:\\\/\\\/eyebrowtracer.com\\\/#website\"},\"primaryImageOfPage\":{\"@id\":\"https:\\\/\\\/eyebrowtracer.com\\\/de\\\/kaufen\\\/#primaryimage\"},\"image\":{\"@id\":\"https:\\\/\\\/eyebrowtracer.com\\\/de\\\/kaufen\\\/#primaryimage\"},\"thumbnailUrl\":\"https:\\\/\\\/www.paypalobjects.com\\\/it_IT\\\/i\\\/scr\\\/pixel.gif\",\"datePublished\":\"2014-04-04T12:51:29+00:00\",\"dateModified\":\"2022-11-20T15:46:43+00:00\",\"description\":\"Eyebrow-tracer ist ein einfach, schnell, und sicher, mit der Sie Ihre Augenbrauen Design in drei Akten zeichnen. Besorgen Sie sich die Eyebrow tacer mit Paypal\",\"breadcrumb\":{\"@id\":\"https:\\\/\\\/eyebrowtracer.com\\\/de\\\/kaufen\\\/#breadcrumb\"},\"inLanguage\":\"de\",\"potentialAction\":[{\"@type\":\"ReadAction\",\"target\":[\"https:\\\/\\\/eyebrowtracer.com\\\/de\\\/kaufen\\\/\"]}]},{\"@type\":\"ImageObject\",\"inLanguage\":\"de\",\"@id\":\"https:\\\/\\\/eyebrowtracer.com\\\/de\\\/kaufen\\\/#primaryimage\",\"url\":\"https:\\\/\\\/www.paypalobjects.com\\\/it_IT\\\/i\\\/scr\\\/pixel.gif\",\"contentUrl\":\"https:\\\/\\\/www.paypalobjects.com\\\/it_IT\\\/i\\\/scr\\\/pixel.gif\"},{\"@type\":\"BreadcrumbList\",\"@id\":\"https:\\\/\\\/eyebrowtracer.com\\\/de\\\/kaufen\\\/#breadcrumb\",\"itemListElement\":[{\"@type\":\"ListItem\",\"position\":1,\"name\":\"Home\",\"item\":\"https:\\\/\\\/eyebrowtracer.com\\\/de\\\/\"},{\"@type\":\"ListItem\",\"position\":2,\"name\":\"Kaufen\"}]},{\"@type\":\"WebSite\",\"@id\":\"https:\\\/\\\/eyebrowtracer.com\\\/#website\",\"url\":\"https:\\\/\\\/eyebrowtracer.com\\\/\",\"name\":\"Eyebrow Tracer\",\"description\":\"Mit dem Eyebrow Tracer man wird schon nur mit drei Handbewegung\",\"potentialAction\":[{\"@type\":\"SearchAction\",\"target\":{\"@type\":\"EntryPoint\",\"urlTemplate\":\"https:\\\/\\\/eyebrowtracer.com\\\/?s={search_term_string}\"},\"query-input\":{\"@type\":\"PropertyValueSpecification\",\"valueRequired\":true,\"valueName\":\"search_term_string\"}}],\"inLanguage\":\"de\"}]}<\/script>\n<!-- \/ Yoast SEO plugin. -->","yoast_head_json":{"title":"Kaufen - Eyebrow Tracer","description":"Eyebrow-tracer ist ein einfach, schnell, und sicher, mit der Sie Ihre Augenbrauen Design in drei Akten zeichnen. Besorgen Sie sich die Eyebrow tacer mit Paypal","robots":{"index":"index","follow":"follow","max-snippet":"max-snippet:-1","max-image-preview":"max-image-preview:large","max-video-preview":"max-video-preview:-1"},"canonical":"https:\/\/eyebrowtracer.com\/de\/kaufen\/","og_locale":"de_DE","og_type":"article","og_title":"Kaufen - Eyebrow Tracer","og_description":"Eyebrow-tracer ist ein einfach, schnell, und sicher, mit der Sie Ihre Augenbrauen Design in drei Akten zeichnen. Besorgen Sie sich die Eyebrow tacer mit Paypal","og_url":"https:\/\/eyebrowtracer.com\/de\/kaufen\/","og_site_name":"Eyebrow Tracer","article_modified_time":"2022-11-20T15:46:43+00:00","twitter_misc":{"Gesch\u00e4tzte Lesezeit":"3\u00a0Minuten"},"schema":{"@context":"https:\/\/schema.org","@graph":[{"@type":"WebPage","@id":"https:\/\/eyebrowtracer.com\/de\/kaufen\/","url":"https:\/\/eyebrowtracer.com\/de\/kaufen\/","name":"Kaufen - Eyebrow Tracer","isPartOf":{"@id":"https:\/\/eyebrowtracer.com\/#website"},"primaryImageOfPage":{"@id":"https:\/\/eyebrowtracer.com\/de\/kaufen\/#primaryimage"},"image":{"@id":"https:\/\/eyebrowtracer.com\/de\/kaufen\/#primaryimage"},"thumbnailUrl":"https:\/\/www.paypalobjects.com\/it_IT\/i\/scr\/pixel.gif","datePublished":"2014-04-04T12:51:29+00:00","dateModified":"2022-11-20T15:46:43+00:00","description":"Eyebrow-tracer ist ein einfach, schnell, und sicher, mit der Sie Ihre Augenbrauen Design in drei Akten zeichnen. Besorgen Sie sich die Eyebrow tacer mit Paypal","breadcrumb":{"@id":"https:\/\/eyebrowtracer.com\/de\/kaufen\/#breadcrumb"},"inLanguage":"de","potentialAction":[{"@type":"ReadAction","target":["https:\/\/eyebrowtracer.com\/de\/kaufen\/"]}]},{"@type":"ImageObject","inLanguage":"de","@id":"https:\/\/eyebrowtracer.com\/de\/kaufen\/#primaryimage","url":"https:\/\/www.paypalobjects.com\/it_IT\/i\/scr\/pixel.gif","contentUrl":"https:\/\/www.paypalobjects.com\/it_IT\/i\/scr\/pixel.gif"},{"@type":"BreadcrumbList","@id":"https:\/\/eyebrowtracer.com\/de\/kaufen\/#breadcrumb","itemListElement":[{"@type":"ListItem","position":1,"name":"Home","item":"https:\/\/eyebrowtracer.com\/de\/"},{"@type":"ListItem","position":2,"name":"Kaufen"}]},{"@type":"WebSite","@id":"https:\/\/eyebrowtracer.com\/#website","url":"https:\/\/eyebrowtracer.com\/","name":"Eyebrow Tracer","description":"Mit dem Eyebrow Tracer man wird schon nur mit drei Handbewegung","potentialAction":[{"@type":"SearchAction","target":{"@type":"EntryPoint","urlTemplate":"https:\/\/eyebrowtracer.com\/?s={search_term_string}"},"query-input":{"@type":"PropertyValueSpecification","valueRequired":true,"valueName":"search_term_string"}}],"inLanguage":"de"}]}},"_links":{"self":[{"href":"https:\/\/eyebrowtracer.com\/de\/wp-json\/wp\/v2\/pages\/824","targetHints":{"allow":["GET"]}}],"collection":[{"href":"https:\/\/eyebrowtracer.com\/de\/wp-json\/wp\/v2\/pages"}],"about":[{"href":"https:\/\/eyebrowtracer.com\/de\/wp-json\/wp\/v2\/types\/page"}],"author":[{"embeddable":true,"href":"https:\/\/eyebrowtracer.com\/de\/wp-json\/wp\/v2\/users\/2"}],"replies":[{"embeddable":true,"href":"https:\/\/eyebrowtracer.com\/de\/wp-json\/wp\/v2\/comments?post=824"}],"version-history":[{"count":11,"href":"https:\/\/eyebrowtracer.com\/de\/wp-json\/wp\/v2\/pages\/824\/revisions"}],"predecessor-version":[{"id":9330,"href":"https:\/\/eyebrowtracer.com\/de\/wp-json\/wp\/v2\/pages\/824\/revisions\/9330"}],"wp:attachment":[{"href":"https:\/\/eyebrowtracer.com\/de\/wp-json\/wp\/v2\/media?parent=824"}],"curies":[{"name":"wp","href":"https:\/\/api.w.org\/{rel}","templated":true}]}}