{"id":805,"date":"2014-04-04T14:51:38","date_gmt":"2014-04-04T12:51:38","guid":{"rendered":"http:\/\/eyebrowtracer.provahosting.it\/come-tracciare-il-sopracciglio-corretto-2\/"},"modified":"2022-11-20T16:48:03","modified_gmt":"2022-11-20T15:48:03","slug":"wie-man-den-richtigen-augenbraue-ziehen","status":"publish","type":"page","link":"https:\/\/eyebrowtracer.com\/de\/wie-man-den-richtigen-augenbraue-ziehen\/","title":{"rendered":"Wie man den richtigen Augenbraue ziehen"},"content":{"rendered":"<section class=\"av_textblock_section \"  itemscope=\"itemscope\" itemtype=\"https:\/\/schema.org\/CreativeWork\" ><div class='avia_textblock  '   itemprop=\"text\" ><h3>Wie Sie das Design der Augenbraue Spuren<\/h3>\n<p>Eyebrow-tracer ist eine perfekte Instrument so zeichne pr\u00e4zise,schnell Unentschieden in der Augenbraue.<br \/>\nEs bestimmt den Startpunkt, das Ende und die maximale Hohe der Augenbraue unabh\u00e4ngig von der Art des Gesicht mit drei einfache Schritten<\/p>\n<\/div><\/section>\n<div  class='hr hr-short hr-center   avia-builder-el-1  el_after_av_textblock  el_before_av_one_third '><span class='hr-inner ' ><span class='hr-inner-style'><\/span><\/span><\/div>\n<div class=\"flex_column av_one_third  flex_column_div first  avia-builder-el-2  el_after_av_hr  el_before_av_one_third  \" ><section class=\"av_textblock_section \"  itemscope=\"itemscope\" itemtype=\"https:\/\/schema.org\/CreativeWork\" ><div class='avia_textblock  '   itemprop=\"text\" ><h3><img loading=\"lazy\" decoding=\"async\" class=\"size-medium wp-image-584 alignleft\" src=\"https:\/\/eyebrowtracer.com\/wp-content\/uploads\/2014\/04\/step1-130x300.jpg\" alt=\"\" width=\"130\" height=\"300\" srcset=\"https:\/\/eyebrowtracer.com\/wp-content\/uploads\/2014\/04\/step1-130x300.jpg 130w, https:\/\/eyebrowtracer.com\/wp-content\/uploads\/2014\/04\/step1-600x1382.jpg 600w, https:\/\/eyebrowtracer.com\/wp-content\/uploads\/2014\/04\/step1-447x1030.jpg 447w, https:\/\/eyebrowtracer.com\/wp-content\/uploads\/2014\/04\/step1-651x1500.jpg 651w, https:\/\/eyebrowtracer.com\/wp-content\/uploads\/2014\/04\/step1-306x705.jpg 306w, https:\/\/eyebrowtracer.com\/wp-content\/uploads\/2014\/04\/step1-433x999.jpg 433w, https:\/\/eyebrowtracer.com\/wp-content\/uploads\/2014\/04\/step1.jpg 813w\" sizes=\"auto, (max-width: 130px) 100vw, 130px\" \/>Startpunkt<\/h3>\n<p>Auflegen der EBT zu der Flache,um die Oberseite des Griffs mit einem der beiden Fl\u00fcgel der Nase<br \/>\nentsprechen,so dass die, eine Stange A f\u00fcr die Schritte,inneren Ecke des Augen wo der Seite der Stange A wird durch den Punkt markiert, schneiden die nat\u00fcrliche Stirn des Patienten,identifizierten wir denAusgangspunkt f\u00fcr den Entwurf der rechten Augenbraue.<\/p>\n<\/div><\/section><\/div>\n<div class=\"flex_column av_one_third  flex_column_div av-zero-column-padding   avia-builder-el-4  el_after_av_one_third  el_before_av_one_third  \" style='border-radius:0px; '><section class=\"av_textblock_section \"  itemscope=\"itemscope\" itemtype=\"https:\/\/schema.org\/CreativeWork\" ><div class='avia_textblock  '   itemprop=\"text\" ><h3><img loading=\"lazy\" decoding=\"async\" class=\"size-medium wp-image-588 alignleft\" src=\"https:\/\/eyebrowtracer.com\/wp-content\/uploads\/2014\/04\/step2-130x300.jpg\" alt=\"\" width=\"130\" height=\"300\" srcset=\"https:\/\/eyebrowtracer.com\/wp-content\/uploads\/2014\/04\/step2-130x300.jpg 130w, https:\/\/eyebrowtracer.com\/wp-content\/uploads\/2014\/04\/step2-600x1382.jpg 600w, https:\/\/eyebrowtracer.com\/wp-content\/uploads\/2014\/04\/step2-447x1030.jpg 447w, https:\/\/eyebrowtracer.com\/wp-content\/uploads\/2014\/04\/step2-651x1500.jpg 651w, https:\/\/eyebrowtracer.com\/wp-content\/uploads\/2014\/04\/step2-306x705.jpg 306w, https:\/\/eyebrowtracer.com\/wp-content\/uploads\/2014\/04\/step2-433x999.jpg 433w, https:\/\/eyebrowtracer.com\/wp-content\/uploads\/2014\/04\/step2.jpg 813w\" sizes=\"auto, (max-width: 130px) 100vw, 130px\" \/>Endpunkt<\/h3>\n<p>Ohne sich zu bewegen von der Ausgang position, um die Stange zu drehen, um B mit dem Ball mit der auszehren Ecke des Auges antreten seiner Seite wo die Stange B schneidenden der nat\u00fcrliche<br \/>\nn Linie der Stirn des themas haben wir den Endpunkt der rechten Augenbraue Design identifiziert.<\/p>\n<\/div><\/section><\/div>\n<div class=\"flex_column av_one_third  flex_column_div av-zero-column-padding   avia-builder-el-6  el_after_av_one_third  el_before_av_one_third  \" style='border-radius:0px; '><section class=\"av_textblock_section \"  itemscope=\"itemscope\" itemtype=\"https:\/\/schema.org\/CreativeWork\" ><div class='avia_textblock  '   itemprop=\"text\" ><h3><img loading=\"lazy\" decoding=\"async\" class=\"size-medium wp-image-592 alignleft\" src=\"https:\/\/eyebrowtracer.com\/wp-content\/uploads\/2014\/04\/step3-130x300.jpg\" alt=\"\" width=\"130\" height=\"300\" srcset=\"https:\/\/eyebrowtracer.com\/wp-content\/uploads\/2014\/04\/step3-130x300.jpg 130w, https:\/\/eyebrowtracer.com\/wp-content\/uploads\/2014\/04\/step3-600x1382.jpg 600w, https:\/\/eyebrowtracer.com\/wp-content\/uploads\/2014\/04\/step3-447x1030.jpg 447w, https:\/\/eyebrowtracer.com\/wp-content\/uploads\/2014\/04\/step3-651x1500.jpg 651w, https:\/\/eyebrowtracer.com\/wp-content\/uploads\/2014\/04\/step3-306x705.jpg 306w, https:\/\/eyebrowtracer.com\/wp-content\/uploads\/2014\/04\/step3-433x999.jpg 433w, https:\/\/eyebrowtracer.com\/wp-content\/uploads\/2014\/04\/step3.jpg 813w\" sizes=\"auto, (max-width: 130px) 100vw, 130px\" \/>Punkt maximaler Hohe<\/h3>\n<p>Eine Verschiebung der Stange A bis zu dem oberen Ende Haarlinie zusammenfallen.Drehen Sie die Stange C , um den Ball mit dem Lappen durch Erhangen markierte Seite ausrichten Ohr wo die Stange C schneiden die nat\u00fcrliche Linie von der Stirn des themas finden wir den Punkt der maximale Hohe der richtige Gestaltung der Augenbraue.<\/p>\n<\/div><\/section><\/div>\n<div class=\"flex_column av_one_third  flex_column_div first  avia-builder-el-8  el_after_av_one_third  el_before_av_one_third  column-top-margin\" ><div class='avia-button-wrap avia-button-center  avia-builder-el-9  avia-builder-el-no-sibling '><a href='http:\/\/eyebrowtracer.provahosting.it\/de\/video-tutorial\/'  class='avia-button   avia-icon_select-no avia-color-theme-color avia-size-large avia-position-center '   ><span class='avia_iconbox_title' >VIDEO aussehen<\/span><\/a><\/div><\/div>\n<div class=\"flex_column av_one_third  flex_column_div av-zero-column-padding   avia-builder-el-10  el_after_av_one_third  el_before_av_one_third  column-top-margin\" style='border-radius:0px; '><div class='avia-button-wrap avia-button-center  avia-builder-el-11  avia-builder-el-no-sibling '><a href='http:\/\/eyebrowtracer.provahosting.it\/de\/das-instrument\/'  class='avia-button   avia-icon_select-no avia-color-theme-color avia-size-large avia-position-center '   ><span class='avia_iconbox_title' >Das instrument<\/span><\/a><\/div><\/div>\n<div class=\"flex_column av_one_third  flex_column_div av-zero-column-padding   avia-builder-el-12  el_after_av_one_third  avia-builder-el-last  column-top-margin\" style='border-radius:0px; '><div class='avia-button-wrap avia-button-center  avia-builder-el-13  avia-builder-el-no-sibling '><a href='http:\/\/eyebrowtracer.provahosting.it\/de\/eyebrow-tracer-kurs\/'  class='avia-button   avia-icon_select-no avia-color-theme-color avia-size-large avia-position-center '   ><span class='avia_iconbox_title' >Die kurs<\/span><\/a><\/div><\/div>\n","protected":false},"excerpt":{"rendered":"","protected":false},"author":2,"featured_media":0,"parent":0,"menu_order":0,"comment_status":"open","ping_status":"open","template":"","meta":{"footnotes":""},"class_list":["post-805","page","type-page","status-publish","hentry"],"yoast_head":"<!-- This site is optimized with the Yoast SEO plugin v27.3 - https:\/\/yoast.com\/product\/yoast-seo-wordpress\/ -->\n<title>Wie man den richtigen Augenbraue ziehen - Eyebrow Tracer<\/title>\n<meta name=\"description\" content=\"Es dauert nur drei einfache Schritten um die richtige Gestaltung von Augenbrauen der Startpunkt zu zeichnen, der Endpunkt A und der Punkt der maximalen Hohe.\" \/>\n<meta name=\"robots\" content=\"index, follow, max-snippet:-1, max-image-preview:large, max-video-preview:-1\" \/>\n<link rel=\"canonical\" href=\"https:\/\/eyebrowtracer.com\/de\/wie-man-den-richtigen-augenbraue-ziehen\/\" \/>\n<meta property=\"og:locale\" content=\"de_DE\" \/>\n<meta property=\"og:type\" content=\"article\" \/>\n<meta property=\"og:title\" content=\"Wie man den richtigen Augenbraue ziehen - Eyebrow Tracer\" \/>\n<meta property=\"og:description\" content=\"Es dauert nur drei einfache Schritten um die richtige Gestaltung von Augenbrauen der Startpunkt zu zeichnen, der Endpunkt A und der Punkt der maximalen Hohe.\" \/>\n<meta property=\"og:url\" content=\"https:\/\/eyebrowtracer.com\/de\/wie-man-den-richtigen-augenbraue-ziehen\/\" \/>\n<meta property=\"og:site_name\" content=\"Eyebrow Tracer\" \/>\n<meta property=\"article:modified_time\" content=\"2022-11-20T15:48:03+00:00\" \/>\n<meta name=\"twitter:label1\" content=\"Gesch\u00e4tzte Lesezeit\" \/>\n\t<meta name=\"twitter:data1\" content=\"3\u00a0Minuten\" \/>\n<script type=\"application\/ld+json\" class=\"yoast-schema-graph\">{\"@context\":\"https:\\\/\\\/schema.org\",\"@graph\":[{\"@type\":\"WebPage\",\"@id\":\"https:\\\/\\\/eyebrowtracer.com\\\/de\\\/wie-man-den-richtigen-augenbraue-ziehen\\\/\",\"url\":\"https:\\\/\\\/eyebrowtracer.com\\\/de\\\/wie-man-den-richtigen-augenbraue-ziehen\\\/\",\"name\":\"Wie man den richtigen Augenbraue ziehen - Eyebrow Tracer\",\"isPartOf\":{\"@id\":\"https:\\\/\\\/eyebrowtracer.com\\\/#website\"},\"primaryImageOfPage\":{\"@id\":\"https:\\\/\\\/eyebrowtracer.com\\\/de\\\/wie-man-den-richtigen-augenbraue-ziehen\\\/#primaryimage\"},\"image\":{\"@id\":\"https:\\\/\\\/eyebrowtracer.com\\\/de\\\/wie-man-den-richtigen-augenbraue-ziehen\\\/#primaryimage\"},\"thumbnailUrl\":\"https:\\\/\\\/eyebrowtracer.com\\\/wp-content\\\/uploads\\\/2014\\\/04\\\/step1-130x300.jpg\",\"datePublished\":\"2014-04-04T12:51:38+00:00\",\"dateModified\":\"2022-11-20T15:48:03+00:00\",\"description\":\"Es dauert nur drei einfache Schritten um die richtige Gestaltung von Augenbrauen der Startpunkt zu zeichnen, der Endpunkt A und der Punkt der maximalen Hohe.\",\"breadcrumb\":{\"@id\":\"https:\\\/\\\/eyebrowtracer.com\\\/de\\\/wie-man-den-richtigen-augenbraue-ziehen\\\/#breadcrumb\"},\"inLanguage\":\"de\",\"potentialAction\":[{\"@type\":\"ReadAction\",\"target\":[\"https:\\\/\\\/eyebrowtracer.com\\\/de\\\/wie-man-den-richtigen-augenbraue-ziehen\\\/\"]}]},{\"@type\":\"ImageObject\",\"inLanguage\":\"de\",\"@id\":\"https:\\\/\\\/eyebrowtracer.com\\\/de\\\/wie-man-den-richtigen-augenbraue-ziehen\\\/#primaryimage\",\"url\":\"https:\\\/\\\/eyebrowtracer.com\\\/wp-content\\\/uploads\\\/2014\\\/04\\\/step1-130x300.jpg\",\"contentUrl\":\"https:\\\/\\\/eyebrowtracer.com\\\/wp-content\\\/uploads\\\/2014\\\/04\\\/step1-130x300.jpg\"},{\"@type\":\"BreadcrumbList\",\"@id\":\"https:\\\/\\\/eyebrowtracer.com\\\/de\\\/wie-man-den-richtigen-augenbraue-ziehen\\\/#breadcrumb\",\"itemListElement\":[{\"@type\":\"ListItem\",\"position\":1,\"name\":\"Home\",\"item\":\"https:\\\/\\\/eyebrowtracer.com\\\/de\\\/\"},{\"@type\":\"ListItem\",\"position\":2,\"name\":\"Wie man den richtigen Augenbraue ziehen\"}]},{\"@type\":\"WebSite\",\"@id\":\"https:\\\/\\\/eyebrowtracer.com\\\/#website\",\"url\":\"https:\\\/\\\/eyebrowtracer.com\\\/\",\"name\":\"Eyebrow Tracer\",\"description\":\"Mit dem Eyebrow Tracer man wird schon nur mit drei Handbewegung\",\"potentialAction\":[{\"@type\":\"SearchAction\",\"target\":{\"@type\":\"EntryPoint\",\"urlTemplate\":\"https:\\\/\\\/eyebrowtracer.com\\\/?s={search_term_string}\"},\"query-input\":{\"@type\":\"PropertyValueSpecification\",\"valueRequired\":true,\"valueName\":\"search_term_string\"}}],\"inLanguage\":\"de\"}]}<\/script>\n<!-- \/ Yoast SEO plugin. -->","yoast_head_json":{"title":"Wie man den richtigen Augenbraue ziehen - Eyebrow Tracer","description":"Es dauert nur drei einfache Schritten um die richtige Gestaltung von Augenbrauen der Startpunkt zu zeichnen, der Endpunkt A und der Punkt der maximalen Hohe.","robots":{"index":"index","follow":"follow","max-snippet":"max-snippet:-1","max-image-preview":"max-image-preview:large","max-video-preview":"max-video-preview:-1"},"canonical":"https:\/\/eyebrowtracer.com\/de\/wie-man-den-richtigen-augenbraue-ziehen\/","og_locale":"de_DE","og_type":"article","og_title":"Wie man den richtigen Augenbraue ziehen - Eyebrow Tracer","og_description":"Es dauert nur drei einfache Schritten um die richtige Gestaltung von Augenbrauen der Startpunkt zu zeichnen, der Endpunkt A und der Punkt der maximalen Hohe.","og_url":"https:\/\/eyebrowtracer.com\/de\/wie-man-den-richtigen-augenbraue-ziehen\/","og_site_name":"Eyebrow Tracer","article_modified_time":"2022-11-20T15:48:03+00:00","twitter_misc":{"Gesch\u00e4tzte Lesezeit":"3\u00a0Minuten"},"schema":{"@context":"https:\/\/schema.org","@graph":[{"@type":"WebPage","@id":"https:\/\/eyebrowtracer.com\/de\/wie-man-den-richtigen-augenbraue-ziehen\/","url":"https:\/\/eyebrowtracer.com\/de\/wie-man-den-richtigen-augenbraue-ziehen\/","name":"Wie man den richtigen Augenbraue ziehen - Eyebrow Tracer","isPartOf":{"@id":"https:\/\/eyebrowtracer.com\/#website"},"primaryImageOfPage":{"@id":"https:\/\/eyebrowtracer.com\/de\/wie-man-den-richtigen-augenbraue-ziehen\/#primaryimage"},"image":{"@id":"https:\/\/eyebrowtracer.com\/de\/wie-man-den-richtigen-augenbraue-ziehen\/#primaryimage"},"thumbnailUrl":"https:\/\/eyebrowtracer.com\/wp-content\/uploads\/2014\/04\/step1-130x300.jpg","datePublished":"2014-04-04T12:51:38+00:00","dateModified":"2022-11-20T15:48:03+00:00","description":"Es dauert nur drei einfache Schritten um die richtige Gestaltung von Augenbrauen der Startpunkt zu zeichnen, der Endpunkt A und der Punkt der maximalen Hohe.","breadcrumb":{"@id":"https:\/\/eyebrowtracer.com\/de\/wie-man-den-richtigen-augenbraue-ziehen\/#breadcrumb"},"inLanguage":"de","potentialAction":[{"@type":"ReadAction","target":["https:\/\/eyebrowtracer.com\/de\/wie-man-den-richtigen-augenbraue-ziehen\/"]}]},{"@type":"ImageObject","inLanguage":"de","@id":"https:\/\/eyebrowtracer.com\/de\/wie-man-den-richtigen-augenbraue-ziehen\/#primaryimage","url":"https:\/\/eyebrowtracer.com\/wp-content\/uploads\/2014\/04\/step1-130x300.jpg","contentUrl":"https:\/\/eyebrowtracer.com\/wp-content\/uploads\/2014\/04\/step1-130x300.jpg"},{"@type":"BreadcrumbList","@id":"https:\/\/eyebrowtracer.com\/de\/wie-man-den-richtigen-augenbraue-ziehen\/#breadcrumb","itemListElement":[{"@type":"ListItem","position":1,"name":"Home","item":"https:\/\/eyebrowtracer.com\/de\/"},{"@type":"ListItem","position":2,"name":"Wie man den richtigen Augenbraue ziehen"}]},{"@type":"WebSite","@id":"https:\/\/eyebrowtracer.com\/#website","url":"https:\/\/eyebrowtracer.com\/","name":"Eyebrow Tracer","description":"Mit dem Eyebrow Tracer man wird schon nur mit drei Handbewegung","potentialAction":[{"@type":"SearchAction","target":{"@type":"EntryPoint","urlTemplate":"https:\/\/eyebrowtracer.com\/?s={search_term_string}"},"query-input":{"@type":"PropertyValueSpecification","valueRequired":true,"valueName":"search_term_string"}}],"inLanguage":"de"}]}},"_links":{"self":[{"href":"https:\/\/eyebrowtracer.com\/de\/wp-json\/wp\/v2\/pages\/805","targetHints":{"allow":["GET"]}}],"collection":[{"href":"https:\/\/eyebrowtracer.com\/de\/wp-json\/wp\/v2\/pages"}],"about":[{"href":"https:\/\/eyebrowtracer.com\/de\/wp-json\/wp\/v2\/types\/page"}],"author":[{"embeddable":true,"href":"https:\/\/eyebrowtracer.com\/de\/wp-json\/wp\/v2\/users\/2"}],"replies":[{"embeddable":true,"href":"https:\/\/eyebrowtracer.com\/de\/wp-json\/wp\/v2\/comments?post=805"}],"version-history":[{"count":9,"href":"https:\/\/eyebrowtracer.com\/de\/wp-json\/wp\/v2\/pages\/805\/revisions"}],"predecessor-version":[{"id":9336,"href":"https:\/\/eyebrowtracer.com\/de\/wp-json\/wp\/v2\/pages\/805\/revisions\/9336"}],"wp:attachment":[{"href":"https:\/\/eyebrowtracer.com\/de\/wp-json\/wp\/v2\/media?parent=805"}],"curies":[{"name":"wp","href":"https:\/\/api.w.org\/{rel}","templated":true}]}}