{"id":801,"date":"2014-04-04T14:52:07","date_gmt":"2014-04-04T12:52:07","guid":{"rendered":"http:\/\/eyebrowtracer.provahosting.it\/il-corso-di-eyebrow-tracer-2\/"},"modified":"2022-11-20T16:45:22","modified_gmt":"2022-11-20T15:45:22","slug":"eyebrow-tracer-kurs","status":"publish","type":"page","link":"https:\/\/eyebrowtracer.com\/de\/eyebrow-tracer-kurs\/","title":{"rendered":"Eyebrow-tracer Kurs"},"content":{"rendered":"<section class=\"av_textblock_section \"  itemscope=\"itemscope\" itemtype=\"https:\/\/schema.org\/CreativeWork\" ><div class='avia_textblock  '   itemprop=\"text\" ><h3><a href=\"https:\/\/eyebrowtracer.com\/wp-content\/uploads\/2014\/04\/corso-300x300.jpg\"><img loading=\"lazy\" decoding=\"async\" class=\"size-medium wp-image-596 alignleft\" src=\"https:\/\/eyebrowtracer.com\/wp-content\/uploads\/2014\/04\/corso-300x300.jpg\" alt=\"\" width=\"300\" height=\"300\" srcset=\"https:\/\/eyebrowtracer.com\/wp-content\/uploads\/2014\/04\/corso-300x300.jpg 300w, https:\/\/eyebrowtracer.com\/wp-content\/uploads\/2014\/04\/corso-100x100.jpg 100w, https:\/\/eyebrowtracer.com\/wp-content\/uploads\/2014\/04\/corso-80x80.jpg 80w, https:\/\/eyebrowtracer.com\/wp-content\/uploads\/2014\/04\/corso-36x36.jpg 36w, https:\/\/eyebrowtracer.com\/wp-content\/uploads\/2014\/04\/corso-180x180.jpg 180w, https:\/\/eyebrowtracer.com\/wp-content\/uploads\/2014\/04\/corso-120x120.jpg 120w, https:\/\/eyebrowtracer.com\/wp-content\/uploads\/2014\/04\/corso.jpg 450w\" sizes=\"auto, (max-width: 300px) 100vw, 300px\" \/><\/a>Warum soll man ein Kurs von der Eyebrow-tracer folgen?<\/h3>\n<p>Der verlauf der Augenbrauen-Spur wird zu allen Fachkr\u00e4fte um zu lernen so schwierig,die Elemente des Gesicht wie die Augenbrauen zu verwalten.Warum Augenbrauen? Einfach! um zu lernen,wie man die Elemente wie die Augenbrauen so schwerig, dass einige Profis sind Eyebrow- Designer hand. V0n einige Recherchen und verstanden es die enorme Bedeutung der Augenbrauen nicht nur auf die Proportionen des Gesichts,der seine Elementen, sondern ihrens Ausdruck.<br \/>\nNur ein kleiner Fehler, denn ein Gesicht ver\u00e4ndert Ausdruck, Harmonie und die Notwendigkeit, die Augenbrauen sorgf\u00e4ltig zu behandeln. Aus diesem Gr\u00fcnden ist es wichtig,einen Kurs von tracer-Augenbrauen folgen.<br \/>\nDieser Kurs erm\u00f6glicht es Ihnen eine professionelle Augenbraue sein und erweitern Sie Ihr kulturelles Wiesen, ihre Kenntnisse und halten Sie auf dem laufenden uber die neusten Nachrichten, dass der Markt bietet \u201c Eine Innovation, die revolutioniert\u201d.<\/p>\n<p>Die Augenbrauen-tracer ausserdem erm\u00f6glicht es Ihnen, die richtigen Antworten zu geben, Anpassungen der Kunden, die immer zuspruchsvoller werden.<\/p>\n<\/div><\/section>\n<div class=\"flex_column av_one_third  flex_column_div first  avia-builder-el-1  el_after_av_textblock  el_before_av_one_third  column-top-margin\" ><div class='avia-button-wrap avia-button-center  avia-builder-el-2  avia-builder-el-no-sibling  '><a href='https:\/\/eyebrowtracer.com\/de\/das-instrument\/'  class='avia-button   avia-icon_select-no avia-color-theme-color avia-size-large avia-position-center '   ><span class='avia_iconbox_title' >Das instrument<\/span><\/a><\/div><\/div>\n<div class=\"flex_column av_one_third  flex_column_div av-zero-column-padding   avia-builder-el-3  el_after_av_one_third  el_before_av_one_third  column-top-margin\" style='border-radius:0px; '><div class='avia-button-wrap avia-button-center  avia-builder-el-4  avia-builder-el-no-sibling '><a href='https:\/\/eyebrowtracer.com\/de\/wie-man-den-richtigen-augenbraue-ziehen\/'  class='avia-button   avia-icon_select-no avia-color-theme-color avia-size-large avia-position-center '   ><span class='avia_iconbox_title' >Lesen Sie die Anweisungen<\/span><\/a><\/div><\/div>\n<div class=\"flex_column av_one_third  flex_column_div av-zero-column-padding   avia-builder-el-5  el_after_av_one_third  avia-builder-el-last  column-top-margin\" style='border-radius:0px; '><div class='avia-button-wrap avia-button-center  avia-builder-el-6  avia-builder-el-no-sibling '><a href='https:\/\/eyebrowtracer.com\/de\/video-tutorial\/'  class='avia-button   avia-icon_select-no avia-color-theme-color avia-size-large avia-position-center '   ><span class='avia_iconbox_title' >VIDEO aussehen<\/span><\/a><\/div><\/div>\n","protected":false},"excerpt":{"rendered":"","protected":false},"author":2,"featured_media":0,"parent":0,"menu_order":0,"comment_status":"open","ping_status":"open","template":"","meta":{"footnotes":""},"class_list":["post-801","page","type-page","status-publish","hentry"],"yoast_head":"<!-- This site is optimized with the Yoast SEO plugin v27.3 - https:\/\/yoast.com\/product\/yoast-seo-wordpress\/ -->\n<title>Eyebrow-tracer Kurs - Eyebrow Tracer<\/title>\n<meta name=\"description\" content=\"Wenn Sie ein Experte tracker Augenbrauen abonnieren Sie den Kurs Eyebrow-tracer. Sie werden lernen wie ein komplexes Element in Autonomie verwalten\" \/>\n<meta name=\"robots\" content=\"index, follow, max-snippet:-1, max-image-preview:large, max-video-preview:-1\" \/>\n<link rel=\"canonical\" href=\"https:\/\/eyebrowtracer.com\/de\/eyebrow-tracer-kurs\/\" \/>\n<meta property=\"og:locale\" content=\"de_DE\" \/>\n<meta property=\"og:type\" content=\"article\" \/>\n<meta property=\"og:title\" content=\"Eyebrow-tracer Kurs - Eyebrow Tracer\" \/>\n<meta property=\"og:description\" content=\"Wenn Sie ein Experte tracker Augenbrauen abonnieren Sie den Kurs Eyebrow-tracer. Sie werden lernen wie ein komplexes Element in Autonomie verwalten\" \/>\n<meta property=\"og:url\" content=\"https:\/\/eyebrowtracer.com\/de\/eyebrow-tracer-kurs\/\" \/>\n<meta property=\"og:site_name\" content=\"Eyebrow Tracer\" \/>\n<meta property=\"article:modified_time\" content=\"2022-11-20T15:45:22+00:00\" \/>\n<meta name=\"twitter:label1\" content=\"Gesch\u00e4tzte Lesezeit\" \/>\n\t<meta name=\"twitter:data1\" content=\"2\u00a0Minuten\" \/>\n<script type=\"application\/ld+json\" class=\"yoast-schema-graph\">{\"@context\":\"https:\\\/\\\/schema.org\",\"@graph\":[{\"@type\":\"WebPage\",\"@id\":\"https:\\\/\\\/eyebrowtracer.com\\\/de\\\/eyebrow-tracer-kurs\\\/\",\"url\":\"https:\\\/\\\/eyebrowtracer.com\\\/de\\\/eyebrow-tracer-kurs\\\/\",\"name\":\"Eyebrow-tracer Kurs - Eyebrow Tracer\",\"isPartOf\":{\"@id\":\"https:\\\/\\\/eyebrowtracer.com\\\/#website\"},\"primaryImageOfPage\":{\"@id\":\"https:\\\/\\\/eyebrowtracer.com\\\/de\\\/eyebrow-tracer-kurs\\\/#primaryimage\"},\"image\":{\"@id\":\"https:\\\/\\\/eyebrowtracer.com\\\/de\\\/eyebrow-tracer-kurs\\\/#primaryimage\"},\"thumbnailUrl\":\"https:\\\/\\\/eyebrowtracer.com\\\/wp-content\\\/uploads\\\/2014\\\/04\\\/corso-300x300.jpg\",\"datePublished\":\"2014-04-04T12:52:07+00:00\",\"dateModified\":\"2022-11-20T15:45:22+00:00\",\"description\":\"Wenn Sie ein Experte tracker Augenbrauen abonnieren Sie den Kurs Eyebrow-tracer. Sie werden lernen wie ein komplexes Element in Autonomie verwalten\",\"breadcrumb\":{\"@id\":\"https:\\\/\\\/eyebrowtracer.com\\\/de\\\/eyebrow-tracer-kurs\\\/#breadcrumb\"},\"inLanguage\":\"de\",\"potentialAction\":[{\"@type\":\"ReadAction\",\"target\":[\"https:\\\/\\\/eyebrowtracer.com\\\/de\\\/eyebrow-tracer-kurs\\\/\"]}]},{\"@type\":\"ImageObject\",\"inLanguage\":\"de\",\"@id\":\"https:\\\/\\\/eyebrowtracer.com\\\/de\\\/eyebrow-tracer-kurs\\\/#primaryimage\",\"url\":\"https:\\\/\\\/eyebrowtracer.com\\\/wp-content\\\/uploads\\\/2014\\\/04\\\/corso-300x300.jpg\",\"contentUrl\":\"https:\\\/\\\/eyebrowtracer.com\\\/wp-content\\\/uploads\\\/2014\\\/04\\\/corso-300x300.jpg\"},{\"@type\":\"BreadcrumbList\",\"@id\":\"https:\\\/\\\/eyebrowtracer.com\\\/de\\\/eyebrow-tracer-kurs\\\/#breadcrumb\",\"itemListElement\":[{\"@type\":\"ListItem\",\"position\":1,\"name\":\"Home\",\"item\":\"https:\\\/\\\/eyebrowtracer.com\\\/de\\\/\"},{\"@type\":\"ListItem\",\"position\":2,\"name\":\"Eyebrow-tracer Kurs\"}]},{\"@type\":\"WebSite\",\"@id\":\"https:\\\/\\\/eyebrowtracer.com\\\/#website\",\"url\":\"https:\\\/\\\/eyebrowtracer.com\\\/\",\"name\":\"Eyebrow Tracer\",\"description\":\"Mit dem Eyebrow Tracer man wird schon nur mit drei Handbewegung\",\"potentialAction\":[{\"@type\":\"SearchAction\",\"target\":{\"@type\":\"EntryPoint\",\"urlTemplate\":\"https:\\\/\\\/eyebrowtracer.com\\\/?s={search_term_string}\"},\"query-input\":{\"@type\":\"PropertyValueSpecification\",\"valueRequired\":true,\"valueName\":\"search_term_string\"}}],\"inLanguage\":\"de\"}]}<\/script>\n<!-- \/ Yoast SEO plugin. -->","yoast_head_json":{"title":"Eyebrow-tracer Kurs - Eyebrow Tracer","description":"Wenn Sie ein Experte tracker Augenbrauen abonnieren Sie den Kurs Eyebrow-tracer. Sie werden lernen wie ein komplexes Element in Autonomie verwalten","robots":{"index":"index","follow":"follow","max-snippet":"max-snippet:-1","max-image-preview":"max-image-preview:large","max-video-preview":"max-video-preview:-1"},"canonical":"https:\/\/eyebrowtracer.com\/de\/eyebrow-tracer-kurs\/","og_locale":"de_DE","og_type":"article","og_title":"Eyebrow-tracer Kurs - Eyebrow Tracer","og_description":"Wenn Sie ein Experte tracker Augenbrauen abonnieren Sie den Kurs Eyebrow-tracer. Sie werden lernen wie ein komplexes Element in Autonomie verwalten","og_url":"https:\/\/eyebrowtracer.com\/de\/eyebrow-tracer-kurs\/","og_site_name":"Eyebrow Tracer","article_modified_time":"2022-11-20T15:45:22+00:00","twitter_misc":{"Gesch\u00e4tzte Lesezeit":"2\u00a0Minuten"},"schema":{"@context":"https:\/\/schema.org","@graph":[{"@type":"WebPage","@id":"https:\/\/eyebrowtracer.com\/de\/eyebrow-tracer-kurs\/","url":"https:\/\/eyebrowtracer.com\/de\/eyebrow-tracer-kurs\/","name":"Eyebrow-tracer Kurs - Eyebrow Tracer","isPartOf":{"@id":"https:\/\/eyebrowtracer.com\/#website"},"primaryImageOfPage":{"@id":"https:\/\/eyebrowtracer.com\/de\/eyebrow-tracer-kurs\/#primaryimage"},"image":{"@id":"https:\/\/eyebrowtracer.com\/de\/eyebrow-tracer-kurs\/#primaryimage"},"thumbnailUrl":"https:\/\/eyebrowtracer.com\/wp-content\/uploads\/2014\/04\/corso-300x300.jpg","datePublished":"2014-04-04T12:52:07+00:00","dateModified":"2022-11-20T15:45:22+00:00","description":"Wenn Sie ein Experte tracker Augenbrauen abonnieren Sie den Kurs Eyebrow-tracer. Sie werden lernen wie ein komplexes Element in Autonomie verwalten","breadcrumb":{"@id":"https:\/\/eyebrowtracer.com\/de\/eyebrow-tracer-kurs\/#breadcrumb"},"inLanguage":"de","potentialAction":[{"@type":"ReadAction","target":["https:\/\/eyebrowtracer.com\/de\/eyebrow-tracer-kurs\/"]}]},{"@type":"ImageObject","inLanguage":"de","@id":"https:\/\/eyebrowtracer.com\/de\/eyebrow-tracer-kurs\/#primaryimage","url":"https:\/\/eyebrowtracer.com\/wp-content\/uploads\/2014\/04\/corso-300x300.jpg","contentUrl":"https:\/\/eyebrowtracer.com\/wp-content\/uploads\/2014\/04\/corso-300x300.jpg"},{"@type":"BreadcrumbList","@id":"https:\/\/eyebrowtracer.com\/de\/eyebrow-tracer-kurs\/#breadcrumb","itemListElement":[{"@type":"ListItem","position":1,"name":"Home","item":"https:\/\/eyebrowtracer.com\/de\/"},{"@type":"ListItem","position":2,"name":"Eyebrow-tracer Kurs"}]},{"@type":"WebSite","@id":"https:\/\/eyebrowtracer.com\/#website","url":"https:\/\/eyebrowtracer.com\/","name":"Eyebrow Tracer","description":"Mit dem Eyebrow Tracer man wird schon nur mit drei Handbewegung","potentialAction":[{"@type":"SearchAction","target":{"@type":"EntryPoint","urlTemplate":"https:\/\/eyebrowtracer.com\/?s={search_term_string}"},"query-input":{"@type":"PropertyValueSpecification","valueRequired":true,"valueName":"search_term_string"}}],"inLanguage":"de"}]}},"_links":{"self":[{"href":"https:\/\/eyebrowtracer.com\/de\/wp-json\/wp\/v2\/pages\/801","targetHints":{"allow":["GET"]}}],"collection":[{"href":"https:\/\/eyebrowtracer.com\/de\/wp-json\/wp\/v2\/pages"}],"about":[{"href":"https:\/\/eyebrowtracer.com\/de\/wp-json\/wp\/v2\/types\/page"}],"author":[{"embeddable":true,"href":"https:\/\/eyebrowtracer.com\/de\/wp-json\/wp\/v2\/users\/2"}],"replies":[{"embeddable":true,"href":"https:\/\/eyebrowtracer.com\/de\/wp-json\/wp\/v2\/comments?post=801"}],"version-history":[{"count":10,"href":"https:\/\/eyebrowtracer.com\/de\/wp-json\/wp\/v2\/pages\/801\/revisions"}],"predecessor-version":[{"id":9326,"href":"https:\/\/eyebrowtracer.com\/de\/wp-json\/wp\/v2\/pages\/801\/revisions\/9326"}],"wp:attachment":[{"href":"https:\/\/eyebrowtracer.com\/de\/wp-json\/wp\/v2\/media?parent=801"}],"curies":[{"name":"wp","href":"https:\/\/api.w.org\/{rel}","templated":true}]}}