{"id":798,"date":"2014-04-04T14:52:14","date_gmt":"2014-04-04T12:52:14","guid":{"rendered":"http:\/\/eyebrowtracer.provahosting.it\/le-caratteristiche-delleyebrow-tracer-2\/"},"modified":"2022-11-20T16:44:30","modified_gmt":"2022-11-20T15:44:30","slug":"das-instrument","status":"publish","type":"page","link":"https:\/\/eyebrowtracer.com\/de\/das-instrument\/","title":{"rendered":"Das Instrument"},"content":{"rendered":"<div id='layer_slider_1' class='avia-layerslider main_color avia-shadow  avia-builder-el-0  el_before_av_textblock  avia-builder-el-first  container_wrap sidebar_right' style='  height: 151px;' ><\/div><div id='after_layer_slider_1' class='main_color av_default_container_wrap container_wrap sidebar_right' style=' '  ><div class='container' ><div class='template-page content  av-content-small alpha units'><div class='post-entry post-entry-type-page post-entry-798'><div class='entry-content-wrapper clearfix'>\n<section class=\"av_textblock_section \"  itemscope=\"itemscope\" itemtype=\"https:\/\/schema.org\/CreativeWork\" ><div class='avia_textblock  '   itemprop=\"text\" ><h3>Die technischen Eigenschaften<\/h3>\n<p>Um AUGENBRAUEN-TRACER zu erreichen,haben wir verschiedene Aspekte ber\u00fccksichtigt, so dass eine vostandige und in der Lage, die Bed\u00fcrfnisse Aller Profis treffen, wie viel von Amateuren zu machen.<\/p>\n<p>Dies ist so einfach aussehende Tool ist das Ergebnis einer tiefen und sorgf\u00e4ltige Studie.Wenn diese Informationen nicht zufrieden sind, k\u00f6nnen Sie den haufig gestellten <a title=\"Fragen\" href=\"http:\/\/eyebrowtracer.provahosting.it\/de\/fragen\/\">Fragen<\/a> besuchen oder senden Sie uns eine Antwort so schnell wie mail-vi<\/p>\n<p>Wir stehen immer zu Ihre Verfuhgung!!!<\/p>\n<\/div><\/section>\n<div  class='hr hr-short hr-center   avia-builder-el-2  el_after_av_textblock  el_before_av_one_half '><span class='hr-inner ' ><span class='hr-inner-style'><\/span><\/span><\/div>\n<div class=\"flex_column av_one_half  flex_column_div first  avia-builder-el-3  el_after_av_hr  el_before_av_one_half  \" ><section class=\"av_textblock_section \"  itemscope=\"itemscope\" itemtype=\"https:\/\/schema.org\/CreativeWork\" ><div class='avia_textblock  '   itemprop=\"text\" ><h3 style=\"text-align: center;\">Die Packung<\/h3>\n<p>Das Komplettpacket von Augenbrauen-tracer kosten des Produkts, einem Bleistift, einer stoppen Auktion und Anweisungen in Englisch und Italienisch.<\/p>\n<\/div><\/section><br \/>\n<div class='avia-gallery  avia-gallery-1 avia_lazyload avia-gallery-animate avia_animate_when_visible  avia-builder-el-5  el_after_av_textblock  avia-builder-el-last '  itemprop=\"image\" itemscope=\"itemscope\" itemtype=\"https:\/\/schema.org\/ImageObject\" ><a class='avia-gallery-big fakeLightbox lightbox avia-gallery-big-crop-thumb ' href='https:\/\/eyebrowtracer.com\/wp-content\/uploads\/2014\/04\/A11-979x1030.jpg'  data-onclick='1' title='' ><span class='avia-gallery-big-inner'  itemprop=\"thumbnailUrl\" >\t<img width='450' height='450' src='https:\/\/eyebrowtracer.com\/wp-content\/uploads\/2014\/04\/A11-450x450.jpg' title='Eyebrow Tracer &quot;Silver white&quot; - Die Packung' alt='Eyebrow Tracer &quot;Silver white&quot; - Die Packung' \/><\/span><\/a><div class='avia-gallery-thumb'> <a href='https:\/\/eyebrowtracer.com\/wp-content\/uploads\/2014\/04\/A11-979x1030.jpg' data-rel='gallery-1' data-prev-img='https:\/\/eyebrowtracer.com\/wp-content\/uploads\/2014\/04\/A11-450x450.jpg' class='first_thumb lightbox ' data-onclick='1' title=''  itemprop=\"thumbnailUrl\" ><img  src='https:\/\/eyebrowtracer.com\/wp-content\/uploads\/2014\/04\/A11-495x400.jpg' width='495' height='400'  title='Eyebrow Tracer &quot;Silver white&quot; - Die Packung' alt='Eyebrow Tracer &quot;Silver white&quot; - Die Packung' \/><\/a> <a href='https:\/\/eyebrowtracer.com\/wp-content\/uploads\/2014\/04\/A41-979x1030.jpg' data-rel='gallery-1' data-prev-img='https:\/\/eyebrowtracer.com\/wp-content\/uploads\/2014\/04\/A41-450x450.jpg' class='lightbox ' data-onclick='2' title=''  itemprop=\"thumbnailUrl\" ><img  src='https:\/\/eyebrowtracer.com\/wp-content\/uploads\/2014\/04\/A41-495x400.jpg' width='495' height='400'  title='Eyebrow Tracer &quot;Creative patchwork&quot; - Die Packung' alt='Eyebrow Tracer &quot;Creative patchwork&quot; - Die Packung' \/><\/a> <a href='https:\/\/eyebrowtracer.com\/wp-content\/uploads\/2014\/04\/A31-979x1030.jpg' data-rel='gallery-1' data-prev-img='https:\/\/eyebrowtracer.com\/wp-content\/uploads\/2014\/04\/A31-450x450.jpg' class='lightbox ' data-onclick='3' title=''  itemprop=\"thumbnailUrl\" ><img  src='https:\/\/eyebrowtracer.com\/wp-content\/uploads\/2014\/04\/A31-495x400.jpg' width='495' height='400'  title='Eyebrow Tracer &quot;Orange fluo&quot; - Die Packung' alt='Eyebrow Tracer &quot;Orange fluo&quot; - Die Packung' \/><\/a> <a href='https:\/\/eyebrowtracer.com\/wp-content\/uploads\/2014\/04\/A21-979x1030.jpg' data-rel='gallery-1' data-prev-img='https:\/\/eyebrowtracer.com\/wp-content\/uploads\/2014\/04\/A21-450x450.jpg' class='lightbox ' data-onclick='4' title=''  itemprop=\"thumbnailUrl\" ><img  src='https:\/\/eyebrowtracer.com\/wp-content\/uploads\/2014\/04\/A21-495x400.jpg' width='495' height='400'  title='Eyebrow Tracer &quot;Lemon green&quot; - Die Packung' alt='Eyebrow Tracer &quot;Lemon green&quot; - Die Packung' \/><\/a><\/div><\/div><\/p><\/div>\n<div class=\"flex_column av_one_half  flex_column_div av-zero-column-padding   avia-builder-el-6  el_after_av_one_half  el_before_av_hr  \" style='border-radius:0px; '><div class='avia-icon-list-container   avia-builder-el-7  avia-builder-el-no-sibling '><ul class='avia-icon-list avia-icon-list-left av-iconlist-big avia_animate_when_almost_visible avia-iconlist-animate'>\n<li><div  class='iconlist_icon  avia-font-entypo-fontello'><span class='iconlist-char ' aria-hidden='true' data-av_icon='\ue836' data-av_iconfont='entypo-fontello'><\/span><\/div><article class=\"article-icon-entry \"  itemscope=\"itemscope\" itemtype=\"https:\/\/schema.org\/CreativeWork\" ><div class='iconlist_content_wrap'><header class=\"entry-content-header\"><h4 class='av_iconlist_title iconlist_title  '  itemprop=\"headline\"  >Design<\/h4><\/header><div class='iconlist_content  '  itemprop=\"text\"  ><p>Atherische,Safe,ergonomisches Design,dass die Eyebrow-tracer durch Links und Rechts und Links hander Themen verwendet werden kann.<\/p>\n<\/div><\/div><footer class=\"entry-footer\"><\/footer><\/article><div class='iconlist-timeline'><\/div><\/li>\n<li><div  class='iconlist_icon  avia-font-entypo-fontello'><span class='iconlist-char ' aria-hidden='true' data-av_icon='\ue855' data-av_iconfont='entypo-fontello'><\/span><\/div><article class=\"article-icon-entry \"  itemscope=\"itemscope\" itemtype=\"https:\/\/schema.org\/CreativeWork\" ><div class='iconlist_content_wrap'><header class=\"entry-content-header\"><h4 class='av_iconlist_title iconlist_title  '  itemprop=\"headline\"  >Hinge System<\/h4><\/header><div class='iconlist_content  '  itemprop=\"text\"  ><p>Verbindung zwischen de Stangen mit Hilfe von Scharnier.Diese System wurde entw\u00f6lket,um sowohl die richtige Drehung und Einstellung der Auktionen,die sie sich \u00fcberlappen,in dem auf ein Minimum zu erm\u00f6glichen,Dimensionen der Augenbrauen-tracer Dar\u00fcber hinaus,um zu vermeiden,dass die Stangen drehen kann,wenn Sie nicht wollen,wurde das Instrument mit einem Anschlag ausgestattet Auktionen,diese wiederum fuhr auch die Funktion der Stifthalter.<\/p>\n<\/div><\/div><footer class=\"entry-footer\"><\/footer><\/article><div class='iconlist-timeline'><\/div><\/li>\n<li><div  class='iconlist_icon  avia-font-entypo-fontello'><span class='iconlist-char ' aria-hidden='true' data-av_icon='\ue86a' data-av_iconfont='entypo-fontello'><\/span><\/div><article class=\"article-icon-entry \"  itemscope=\"itemscope\" itemtype=\"https:\/\/schema.org\/CreativeWork\" ><div class='iconlist_content_wrap'><header class=\"entry-content-header\"><h4 class='av_iconlist_title iconlist_title  '  itemprop=\"headline\"  >Grosse<\/h4><\/header><div class='iconlist_content  '  itemprop=\"text\"  ><p>Die Dimensionen wurden untersucht unter Ber\u00fccksichtigung der verschiedenen Arten von Gesicht und H\u00e4nde.<\/p>\n<\/div><\/div><footer class=\"entry-footer\"><\/footer><\/article><div class='iconlist-timeline'><\/div><\/li>\n<li><div  class='iconlist_icon  avia-font-entypo-fontello'><span class='iconlist-char ' aria-hidden='true' data-av_icon='\ue837' data-av_iconfont='entypo-fontello'><\/span><\/div><article class=\"article-icon-entry \"  itemscope=\"itemscope\" itemtype=\"https:\/\/schema.org\/CreativeWork\" ><div class='iconlist_content_wrap'><header class=\"entry-content-header\"><h4 class='av_iconlist_title iconlist_title  '  itemprop=\"headline\"  >Material<\/h4><\/header><div class='iconlist_content  '  itemprop=\"text\"  ><p>Leicht,flexible,transparent und stossfest warme.<\/p>\n<\/div><\/div><footer class=\"entry-footer\"><\/footer><\/article><div class='iconlist-timeline'><\/div><\/li>\n<\/ul><\/div><\/div>\n<div  class='hr hr-short hr-center   avia-builder-el-8  el_after_av_one_half  el_before_av_one_full '><span class='hr-inner ' ><span class='hr-inner-style'><\/span><\/span><\/div>\n<div class=\"flex_column av_one_full  flex_column_div first  avia-builder-el-9  el_after_av_hr  el_before_av_one_third  \" ><section class=\"av_textblock_section \"  itemscope=\"itemscope\" itemtype=\"https:\/\/schema.org\/CreativeWork\" ><div class='avia_textblock  '   itemprop=\"text\" ><h3>Fotos<\/h3>\n<\/div><\/section><br \/>\n<div class='avia-gallery  avia-gallery-2 avia_lazyload avia-gallery-animate avia_animate_when_visible  avia-builder-el-11  el_after_av_textblock  avia-builder-el-last '  itemprop=\"image\" itemscope=\"itemscope\" itemtype=\"https:\/\/schema.org\/ImageObject\" ><div class='avia-gallery-thumb'> <a href='https:\/\/eyebrowtracer.com\/wp-content\/uploads\/2014\/04\/Eyebrow-Tracer-Detail-05.jpg' data-rel='gallery-2' data-prev-img='https:\/\/eyebrowtracer.com\/wp-content\/uploads\/2014\/04\/Eyebrow-Tracer-Detail-05-495x400.jpg' class='first_thumb lightbox ' data-onclick='1' title=''  itemprop=\"thumbnailUrl\" ><img  src='https:\/\/eyebrowtracer.com\/wp-content\/uploads\/2014\/04\/Eyebrow-Tracer-Detail-05-710x375.jpg' width='710' height='375'  title='Eyebrow Tracer - Detail - 05' alt='' \/><\/a> <a href='https:\/\/eyebrowtracer.com\/wp-content\/uploads\/2014\/04\/Eyebrow-Tracer-Detail-04.jpg' data-rel='gallery-2' data-prev-img='https:\/\/eyebrowtracer.com\/wp-content\/uploads\/2014\/04\/Eyebrow-Tracer-Detail-04-495x400.jpg' class='lightbox ' data-onclick='2' title=''  itemprop=\"thumbnailUrl\" ><img  src='https:\/\/eyebrowtracer.com\/wp-content\/uploads\/2014\/04\/Eyebrow-Tracer-Detail-04-710x375.jpg' width='710' height='375'  title='Eyebrow Tracer - Detail - 04' alt='' \/><\/a> <a href='https:\/\/eyebrowtracer.com\/wp-content\/uploads\/2014\/04\/Eyebrow-Tracer-Detail-03.jpg' data-rel='gallery-2' data-prev-img='https:\/\/eyebrowtracer.com\/wp-content\/uploads\/2014\/04\/Eyebrow-Tracer-Detail-03-495x400.jpg' class='lightbox ' data-onclick='3' title=''  itemprop=\"thumbnailUrl\" ><img  src='https:\/\/eyebrowtracer.com\/wp-content\/uploads\/2014\/04\/Eyebrow-Tracer-Detail-03-710x375.jpg' width='710' height='375'  title='Eyebrow Tracer - Detail - 03' alt='' \/><\/a> <a href='https:\/\/eyebrowtracer.com\/wp-content\/uploads\/2014\/04\/Eyebrow-Tracer-Detail-02.jpg' data-rel='gallery-2' data-prev-img='https:\/\/eyebrowtracer.com\/wp-content\/uploads\/2014\/04\/Eyebrow-Tracer-Detail-02-495x400.jpg' class='lightbox ' data-onclick='4' title=''  itemprop=\"thumbnailUrl\" ><img  src='https:\/\/eyebrowtracer.com\/wp-content\/uploads\/2014\/04\/Eyebrow-Tracer-Detail-02-683x375.jpg' width='683' height='375'  title='Eyebrow Tracer - Detail - 02' alt='' \/><\/a> <a href='https:\/\/eyebrowtracer.com\/wp-content\/uploads\/2014\/04\/Eyebrow-Tracer-Detail-01.jpg' data-rel='gallery-2' data-prev-img='https:\/\/eyebrowtracer.com\/wp-content\/uploads\/2014\/04\/Eyebrow-Tracer-Detail-01-495x400.jpg' class='lightbox ' data-onclick='5' title=''  itemprop=\"thumbnailUrl\" ><img  src='https:\/\/eyebrowtracer.com\/wp-content\/uploads\/2014\/04\/Eyebrow-Tracer-Detail-01-683x375.jpg' width='683' height='375'  title='Eyebrow Tracer - Detail - 01' alt='' \/><\/a> <a href='https:\/\/eyebrowtracer.com\/wp-content\/uploads\/2015\/02\/5-979x1030.jpg' data-rel='gallery-2' data-prev-img='https:\/\/eyebrowtracer.com\/wp-content\/uploads\/2015\/02\/5-495x400.jpg' class='first_thumb lightbox ' data-onclick='6' title='Eyebrow Tracer'  itemprop=\"thumbnailUrl\" ><img  src='https:\/\/eyebrowtracer.com\/wp-content\/uploads\/2015\/02\/5-710x375.jpg' width='710' height='375'  title='Eyebrow Tracer 2015' alt='Eyebrow Tracer 2015' \/><\/a> <a href='https:\/\/eyebrowtracer.com\/wp-content\/uploads\/2015\/02\/1-687x1030.jpg' data-rel='gallery-2' data-prev-img='https:\/\/eyebrowtracer.com\/wp-content\/uploads\/2015\/02\/1-495x400.jpg' class='lightbox ' data-onclick='7' title='Eyebrow Tracer &quot;Lemon green&quot;'  itemprop=\"thumbnailUrl\" ><img  src='https:\/\/eyebrowtracer.com\/wp-content\/uploads\/2015\/02\/1-710x375.jpg' width='710' height='375'  title='Eyebrow Tracer &quot;Lemon green&quot;' alt='Eyebrow Tracer &quot;Lemon green&quot;' \/><\/a> <a href='https:\/\/eyebrowtracer.com\/wp-content\/uploads\/2015\/02\/2-687x1030.jpg' data-rel='gallery-2' data-prev-img='https:\/\/eyebrowtracer.com\/wp-content\/uploads\/2015\/02\/2-495x400.jpg' class='lightbox ' data-onclick='8' title='Eyebrow Tracer &quot;Creative patchwork&quot;'  itemprop=\"thumbnailUrl\" ><img  src='https:\/\/eyebrowtracer.com\/wp-content\/uploads\/2015\/02\/2-710x375.jpg' width='710' height='375'  title='Eyebrow Tracer &quot;Creative patchwork&quot;' alt='Eyebrow Tracer &quot;Creative patchwork&quot;' \/><\/a> <a href='https:\/\/eyebrowtracer.com\/wp-content\/uploads\/2015\/02\/3-687x1030.jpg' data-rel='gallery-2' data-prev-img='https:\/\/eyebrowtracer.com\/wp-content\/uploads\/2015\/02\/3-495x400.jpg' class='lightbox ' data-onclick='9' title='Eyebrow Tracer &quot;Orange fluo&quot;'  itemprop=\"thumbnailUrl\" ><img  src='https:\/\/eyebrowtracer.com\/wp-content\/uploads\/2015\/02\/3-710x375.jpg' width='710' height='375'  title='Eyebrow Tracer &quot;Orange fluo&quot;' alt='Eyebrow Tracer &quot;Orange fluo&quot;' \/><\/a> <a href='https:\/\/eyebrowtracer.com\/wp-content\/uploads\/2015\/02\/4-687x1030.jpg' data-rel='gallery-2' data-prev-img='https:\/\/eyebrowtracer.com\/wp-content\/uploads\/2015\/02\/4-495x400.jpg' class='lightbox ' data-onclick='10' title='Eyebrow Tracer &quot;Sideral white&quot;'  itemprop=\"thumbnailUrl\" ><img  src='https:\/\/eyebrowtracer.com\/wp-content\/uploads\/2015\/02\/4-710x375.jpg' width='710' height='375'  title='Eyebrow Tracer &quot;Sideral white&quot;' alt='Eyebrow Tracer &quot;Sideral white&quot;' \/><\/a> <a href='https:\/\/eyebrowtracer.com\/wp-content\/uploads\/2014\/04\/Matita-979x1030.jpg' data-rel='gallery-2' data-prev-img='https:\/\/eyebrowtracer.com\/wp-content\/uploads\/2014\/04\/Matita-495x400.jpg' class='first_thumb lightbox ' data-onclick='11' title=''  itemprop=\"thumbnailUrl\" ><img  src='https:\/\/eyebrowtracer.com\/wp-content\/uploads\/2014\/04\/Matita-710x375.jpg' width='710' height='375'  title='Eyebrow Tracer - pencil' alt='' \/><\/a> <a href='https:\/\/eyebrowtracer.com\/wp-content\/uploads\/2014\/04\/confezione-979x1030.jpg' data-rel='gallery-2' data-prev-img='https:\/\/eyebrowtracer.com\/wp-content\/uploads\/2014\/04\/confezione-495x400.jpg' class='lightbox ' data-onclick='12' title=''  itemprop=\"thumbnailUrl\" ><img  src='https:\/\/eyebrowtracer.com\/wp-content\/uploads\/2014\/04\/confezione-710x375.jpg' width='710' height='375'  title='Eyebrow Tracer - packaging' alt='' \/><\/a><\/div><\/div><\/p><\/div>\n<div class=\"flex_column av_one_third  flex_column_div first  avia-builder-el-12  el_after_av_one_full  el_before_av_one_third  column-top-margin\" ><div class='avia-button-wrap avia-button-center  avia-builder-el-13  avia-builder-el-no-sibling '><a href='https:\/\/eyebrowtracer.com\/de\/video-tutorial\/'  class='avia-button   avia-icon_select-no avia-color-theme-color avia-size-large avia-position-center '   ><span class='avia_iconbox_title' >VIDEO aussehen<\/span><\/a><\/div><\/div>\n<div class=\"flex_column av_one_third  flex_column_div av-zero-column-padding   avia-builder-el-14  el_after_av_one_third  el_before_av_one_third  column-top-margin\" style='border-radius:0px; '><div class='avia-button-wrap avia-button-center  avia-builder-el-15  avia-builder-el-no-sibling '><a href='https:\/\/eyebrowtracer.com\/de\/wie-man-den-richtigen-augenbraue-ziehen\/'  class='avia-button   avia-icon_select-no avia-color-theme-color avia-size-large avia-position-center '   ><span class='avia_iconbox_title' >Lesen Sie die Anweisungen<\/span><\/a><\/div><\/div>\n<div class=\"flex_column av_one_third  flex_column_div av-zero-column-padding   avia-builder-el-16  el_after_av_one_third  avia-builder-el-last  column-top-margin\" style='border-radius:0px; '><div class='avia-button-wrap avia-button-center  avia-builder-el-17  avia-builder-el-no-sibling '><a href='https:\/\/eyebrowtracer.com\/de\/eyebrow-tracer-kurs\/'  class='avia-button   avia-icon_select-no avia-color-theme-color avia-size-large avia-position-center '   ><span class='avia_iconbox_title' >Die kurs<\/span><\/a><\/div><\/div>\n","protected":false},"excerpt":{"rendered":"","protected":false},"author":2,"featured_media":0,"parent":0,"menu_order":0,"comment_status":"closed","ping_status":"closed","template":"","meta":{"footnotes":""},"class_list":["post-798","page","type-page","status-publish","hentry"],"yoast_head":"<!-- This site is optimized with the Yoast SEO plugin v27.4 - https:\/\/yoast.com\/product\/yoast-seo-wordpress\/ -->\n<title>Das Instrument - Eyebrow Tracer<\/title>\n<meta name=\"description\" content=\"Materialen, Design, Grosse, Scharnier System. Alle technischen Eigenschaften des travers Augenbrauen finden Sie hier. Die meisten k\u00f6nnen nicht darauf verziechten\" \/>\n<meta name=\"robots\" content=\"index, follow, max-snippet:-1, max-image-preview:large, max-video-preview:-1\" \/>\n<link rel=\"canonical\" href=\"https:\/\/eyebrowtracer.com\/de\/das-instrument\/\" \/>\n<meta property=\"og:locale\" content=\"de_DE\" \/>\n<meta property=\"og:type\" content=\"article\" \/>\n<meta property=\"og:title\" content=\"Das Instrument - Eyebrow Tracer\" \/>\n<meta property=\"og:description\" content=\"Materialen, Design, Grosse, Scharnier System. Alle technischen Eigenschaften des travers Augenbrauen finden Sie hier. Die meisten k\u00f6nnen nicht darauf verziechten\" \/>\n<meta property=\"og:url\" content=\"https:\/\/eyebrowtracer.com\/de\/das-instrument\/\" \/>\n<meta property=\"og:site_name\" content=\"Eyebrow Tracer\" \/>\n<meta property=\"article:modified_time\" content=\"2022-11-20T15:44:30+00:00\" \/>\n<meta name=\"twitter:label1\" content=\"Gesch\u00e4tzte Lesezeit\" \/>\n\t<meta name=\"twitter:data1\" content=\"2\u00a0Minuten\" \/>\n<script type=\"application\/ld+json\" class=\"yoast-schema-graph\">{\"@context\":\"https:\\\/\\\/schema.org\",\"@graph\":[{\"@type\":\"WebPage\",\"@id\":\"https:\\\/\\\/eyebrowtracer.com\\\/de\\\/das-instrument\\\/\",\"url\":\"https:\\\/\\\/eyebrowtracer.com\\\/de\\\/das-instrument\\\/\",\"name\":\"Das Instrument - Eyebrow Tracer\",\"isPartOf\":{\"@id\":\"https:\\\/\\\/eyebrowtracer.com\\\/#website\"},\"datePublished\":\"2014-04-04T12:52:14+00:00\",\"dateModified\":\"2022-11-20T15:44:30+00:00\",\"description\":\"Materialen, Design, Grosse, Scharnier System. Alle technischen Eigenschaften des travers Augenbrauen finden Sie hier. Die meisten k\u00f6nnen nicht darauf verziechten\",\"breadcrumb\":{\"@id\":\"https:\\\/\\\/eyebrowtracer.com\\\/de\\\/das-instrument\\\/#breadcrumb\"},\"inLanguage\":\"de\",\"potentialAction\":[{\"@type\":\"ReadAction\",\"target\":[\"https:\\\/\\\/eyebrowtracer.com\\\/de\\\/das-instrument\\\/\"]}]},{\"@type\":\"BreadcrumbList\",\"@id\":\"https:\\\/\\\/eyebrowtracer.com\\\/de\\\/das-instrument\\\/#breadcrumb\",\"itemListElement\":[{\"@type\":\"ListItem\",\"position\":1,\"name\":\"Home\",\"item\":\"https:\\\/\\\/eyebrowtracer.com\\\/de\\\/\"},{\"@type\":\"ListItem\",\"position\":2,\"name\":\"Das Instrument\"}]},{\"@type\":\"WebSite\",\"@id\":\"https:\\\/\\\/eyebrowtracer.com\\\/#website\",\"url\":\"https:\\\/\\\/eyebrowtracer.com\\\/\",\"name\":\"Eyebrow Tracer\",\"description\":\"Mit dem Eyebrow Tracer man wird schon nur mit drei Handbewegung\",\"potentialAction\":[{\"@type\":\"SearchAction\",\"target\":{\"@type\":\"EntryPoint\",\"urlTemplate\":\"https:\\\/\\\/eyebrowtracer.com\\\/?s={search_term_string}\"},\"query-input\":{\"@type\":\"PropertyValueSpecification\",\"valueRequired\":true,\"valueName\":\"search_term_string\"}}],\"inLanguage\":\"de\"}]}<\/script>\n<!-- \/ Yoast SEO plugin. -->","yoast_head_json":{"title":"Das Instrument - Eyebrow Tracer","description":"Materialen, Design, Grosse, Scharnier System. Alle technischen Eigenschaften des travers Augenbrauen finden Sie hier. Die meisten k\u00f6nnen nicht darauf verziechten","robots":{"index":"index","follow":"follow","max-snippet":"max-snippet:-1","max-image-preview":"max-image-preview:large","max-video-preview":"max-video-preview:-1"},"canonical":"https:\/\/eyebrowtracer.com\/de\/das-instrument\/","og_locale":"de_DE","og_type":"article","og_title":"Das Instrument - Eyebrow Tracer","og_description":"Materialen, Design, Grosse, Scharnier System. Alle technischen Eigenschaften des travers Augenbrauen finden Sie hier. Die meisten k\u00f6nnen nicht darauf verziechten","og_url":"https:\/\/eyebrowtracer.com\/de\/das-instrument\/","og_site_name":"Eyebrow Tracer","article_modified_time":"2022-11-20T15:44:30+00:00","twitter_misc":{"Gesch\u00e4tzte Lesezeit":"2\u00a0Minuten"},"schema":{"@context":"https:\/\/schema.org","@graph":[{"@type":"WebPage","@id":"https:\/\/eyebrowtracer.com\/de\/das-instrument\/","url":"https:\/\/eyebrowtracer.com\/de\/das-instrument\/","name":"Das Instrument - Eyebrow Tracer","isPartOf":{"@id":"https:\/\/eyebrowtracer.com\/#website"},"datePublished":"2014-04-04T12:52:14+00:00","dateModified":"2022-11-20T15:44:30+00:00","description":"Materialen, Design, Grosse, Scharnier System. Alle technischen Eigenschaften des travers Augenbrauen finden Sie hier. Die meisten k\u00f6nnen nicht darauf verziechten","breadcrumb":{"@id":"https:\/\/eyebrowtracer.com\/de\/das-instrument\/#breadcrumb"},"inLanguage":"de","potentialAction":[{"@type":"ReadAction","target":["https:\/\/eyebrowtracer.com\/de\/das-instrument\/"]}]},{"@type":"BreadcrumbList","@id":"https:\/\/eyebrowtracer.com\/de\/das-instrument\/#breadcrumb","itemListElement":[{"@type":"ListItem","position":1,"name":"Home","item":"https:\/\/eyebrowtracer.com\/de\/"},{"@type":"ListItem","position":2,"name":"Das Instrument"}]},{"@type":"WebSite","@id":"https:\/\/eyebrowtracer.com\/#website","url":"https:\/\/eyebrowtracer.com\/","name":"Eyebrow Tracer","description":"Mit dem Eyebrow Tracer man wird schon nur mit drei Handbewegung","potentialAction":[{"@type":"SearchAction","target":{"@type":"EntryPoint","urlTemplate":"https:\/\/eyebrowtracer.com\/?s={search_term_string}"},"query-input":{"@type":"PropertyValueSpecification","valueRequired":true,"valueName":"search_term_string"}}],"inLanguage":"de"}]}},"_links":{"self":[{"href":"https:\/\/eyebrowtracer.com\/de\/wp-json\/wp\/v2\/pages\/798","targetHints":{"allow":["GET"]}}],"collection":[{"href":"https:\/\/eyebrowtracer.com\/de\/wp-json\/wp\/v2\/pages"}],"about":[{"href":"https:\/\/eyebrowtracer.com\/de\/wp-json\/wp\/v2\/types\/page"}],"author":[{"embeddable":true,"href":"https:\/\/eyebrowtracer.com\/de\/wp-json\/wp\/v2\/users\/2"}],"replies":[{"embeddable":true,"href":"https:\/\/eyebrowtracer.com\/de\/wp-json\/wp\/v2\/comments?post=798"}],"version-history":[{"count":18,"href":"https:\/\/eyebrowtracer.com\/de\/wp-json\/wp\/v2\/pages\/798\/revisions"}],"predecessor-version":[{"id":9321,"href":"https:\/\/eyebrowtracer.com\/de\/wp-json\/wp\/v2\/pages\/798\/revisions\/9321"}],"wp:attachment":[{"href":"https:\/\/eyebrowtracer.com\/de\/wp-json\/wp\/v2\/media?parent=798"}],"curies":[{"name":"wp","href":"https:\/\/api.w.org\/{rel}","templated":true}]}}