{"id":795,"date":"2014-04-04T14:51:47","date_gmt":"2014-04-04T12:51:47","guid":{"rendered":"http:\/\/eyebrowtracer.provahosting.it\/lo-strumento-2\/"},"modified":"2022-11-20T16:47:37","modified_gmt":"2022-11-20T15:47:37","slug":"video-tutorial","status":"publish","type":"page","link":"https:\/\/eyebrowtracer.com\/de\/video-tutorial\/","title":{"rendered":"Video tutorial"},"content":{"rendered":"<div class=\"flex_column av_one_half  flex_column_div first  avia-builder-el-0  el_before_av_one_half  avia-builder-el-first  \" ><div class='avia-video avia-video-16-9   av-lazyload-immediate  av-lazyload-video-embed  '   itemprop=\"video\" itemtype=\"https:\/\/schema.org\/VideoObject\"  data-original_url='https:\/\/www.youtube.com\/watch?v=a7vA9auL6Dk' ><script type='text\/html' class='av-video-tmpl'><div class='avia-iframe-wrap'><iframe loading=\"lazy\" width=\"1500\" height=\"844\" src=\"http:\/\/www.youtube.com\/embed\/a7vA9auL6Dk?feature=oembed\" frameborder=\"0\" allowfullscreen><\/iframe><\/div><\/script><div class='av-click-to-play-overlay'><div class=\"avia_playpause_icon\"><\/div><\/div><\/div><\/div>\n<div class=\"flex_column av_one_half  flex_column_div av-zero-column-padding   avia-builder-el-2  el_after_av_one_half  el_before_av_one_third  \" style='border-radius:0px; '><section class=\"av_textblock_section \"  itemscope=\"itemscope\" itemtype=\"https:\/\/schema.org\/CreativeWork\" ><div class='avia_textblock  '   itemprop=\"text\" ><h3>Video wie man die Augenbrauen (Eyebrow Tracer) verwenden tracers<\/h3>\n<p>Genug mit den Nutzungs Herrscher Schablonen oder Sticke Blumen Arangio.<\/p>\n<p>Die Augenbrauen-Zeiger ist das professionelle Werkzeug,dass Sie in einer pr\u00e4zisen ziehen und schnell sichern die richtige Gestaltung von Augenbrauen,ohne die M\u00f6glichkeit von Fehlern erm\u00f6glicht. WIR lassen andere das bla bla bla wir die Fakten zu tun,dass a. wir lassen die Anderen uber die Augenbrauen redern. Aufgabe ist unsere1.<\/p>\n<p>In den letzten Jahren hat Augenbrauen-tracer die Welt der Sch\u00f6nheit revolutioniert. Vielseitig, sicher, leicht und einfach zu bedienen.<br \/>\nEs ist ein Tool,dass in der Hand liegt wie das des professionellen Amateur.Es dauert nur drei einfache Schritte um Ihre Augenbrauen Design zu erkennen und geben Ihrem Gesicht einen <strong>einzigartigen Ausdruck<\/strong>.<\/p>\n<p>die Eyebrow-tracer erm\u00f6glicht, um die richtige Augenbrauen-Design fur jede Art von Gesicht zu verfolgen,und in weniger als einer Minute,sobals der Augenbrauen das abklappen des Instrument,um die gleiche Punkte auf der anderen Seite zu bringen so finden Sie das genau Symmetrisch das Ergebnis: <strong>perfekte Augenbrauen!<\/strong><\/p>\n<\/div><\/section><\/div>\n<div class=\"flex_column av_one_third  flex_column_div first  avia-builder-el-4  el_after_av_one_half  el_before_av_one_third  column-top-margin\" ><div class='avia-button-wrap avia-button-center  avia-builder-el-5  avia-builder-el-no-sibling '><a href='http:\/\/eyebrowtracer.provahosting.it\/de\/wie-man-den-richtigen-augenbraue-ziehen\/'  class='avia-button   avia-icon_select-no avia-color-theme-color avia-size-large avia-position-center '   ><span class='avia_iconbox_title' >Lesen Sie die Anweisungen<\/span><\/a><\/div><\/div>\n<div class=\"flex_column av_one_third  flex_column_div av-zero-column-padding   avia-builder-el-6  el_after_av_one_third  el_before_av_one_third  column-top-margin\" style='border-radius:0px; '><div class='avia-button-wrap avia-button-center  avia-builder-el-7  avia-builder-el-no-sibling '><a href='https:\/\/eyebrowtracer.com\/de\/das-instrument\/'  class='avia-button   avia-icon_select-no avia-color-theme-color avia-size-large avia-position-center '   ><span class='avia_iconbox_title' >Das instrument<\/span><\/a><\/div><\/div>\n<div class=\"flex_column av_one_third  flex_column_div av-zero-column-padding   avia-builder-el-8  el_after_av_one_third  avia-builder-el-last  column-top-margin\" style='border-radius:0px; '><div class='avia-button-wrap avia-button-center  avia-builder-el-9  avia-builder-el-no-sibling '><a href='http:\/\/eyebrowtracer.provahosting.it\/de\/eyebrow-tracer-kurs\/'  class='avia-button   avia-icon_select-no avia-color-theme-color avia-size-large avia-position-center '   ><span class='avia_iconbox_title' >Die kurs<\/span><\/a><\/div><\/div>\n","protected":false},"excerpt":{"rendered":"","protected":false},"author":2,"featured_media":0,"parent":0,"menu_order":0,"comment_status":"open","ping_status":"open","template":"","meta":{"footnotes":""},"class_list":["post-795","page","type-page","status-publish","hentry"],"yoast_head":"<!-- This site is optimized with the Yoast SEO plugin v27.3 - https:\/\/yoast.com\/product\/yoast-seo-wordpress\/ -->\n<title>Video tutorial - Eyebrow Tracer<\/title>\n<meta name=\"description\" content=\"Sehen Sie das Video und sehen wie der Eyebrow-tracer funktioniert: Es dauert nur drei einfachen Schritten um die richtige Gestaltung der Augenbraue mit diese revolution\u00e4ren Werkzeug zeichnen.\" \/>\n<meta name=\"robots\" content=\"index, follow, max-snippet:-1, max-image-preview:large, max-video-preview:-1\" \/>\n<link rel=\"canonical\" href=\"https:\/\/eyebrowtracer.com\/de\/video-tutorial\/\" \/>\n<meta property=\"og:locale\" content=\"de_DE\" \/>\n<meta property=\"og:type\" content=\"article\" \/>\n<meta property=\"og:title\" content=\"Video tutorial - Eyebrow Tracer\" \/>\n<meta property=\"og:description\" content=\"Sehen Sie das Video und sehen wie der Eyebrow-tracer funktioniert: Es dauert nur drei einfachen Schritten um die richtige Gestaltung der Augenbraue mit diese revolution\u00e4ren Werkzeug zeichnen.\" \/>\n<meta property=\"og:url\" content=\"https:\/\/eyebrowtracer.com\/de\/video-tutorial\/\" \/>\n<meta property=\"og:site_name\" content=\"Eyebrow Tracer\" \/>\n<meta property=\"article:modified_time\" content=\"2022-11-20T15:47:37+00:00\" \/>\n<meta name=\"twitter:label1\" content=\"Gesch\u00e4tzte Lesezeit\" \/>\n\t<meta name=\"twitter:data1\" content=\"2\u00a0Minuten\" \/>\n<script type=\"application\/ld+json\" class=\"yoast-schema-graph\">{\"@context\":\"https:\\\/\\\/schema.org\",\"@graph\":[{\"@type\":\"WebPage\",\"@id\":\"https:\\\/\\\/eyebrowtracer.com\\\/de\\\/video-tutorial\\\/\",\"url\":\"https:\\\/\\\/eyebrowtracer.com\\\/de\\\/video-tutorial\\\/\",\"name\":\"Video tutorial - Eyebrow Tracer\",\"isPartOf\":{\"@id\":\"https:\\\/\\\/eyebrowtracer.com\\\/#website\"},\"datePublished\":\"2014-04-04T12:51:47+00:00\",\"dateModified\":\"2022-11-20T15:47:37+00:00\",\"description\":\"Sehen Sie das Video und sehen wie der Eyebrow-tracer funktioniert: Es dauert nur drei einfachen Schritten um die richtige Gestaltung der Augenbraue mit diese revolution\u00e4ren Werkzeug zeichnen.\",\"breadcrumb\":{\"@id\":\"https:\\\/\\\/eyebrowtracer.com\\\/de\\\/video-tutorial\\\/#breadcrumb\"},\"inLanguage\":\"de\",\"potentialAction\":[{\"@type\":\"ReadAction\",\"target\":[\"https:\\\/\\\/eyebrowtracer.com\\\/de\\\/video-tutorial\\\/\"]}]},{\"@type\":\"BreadcrumbList\",\"@id\":\"https:\\\/\\\/eyebrowtracer.com\\\/de\\\/video-tutorial\\\/#breadcrumb\",\"itemListElement\":[{\"@type\":\"ListItem\",\"position\":1,\"name\":\"Home\",\"item\":\"https:\\\/\\\/eyebrowtracer.com\\\/de\\\/\"},{\"@type\":\"ListItem\",\"position\":2,\"name\":\"Video tutorial\"}]},{\"@type\":\"WebSite\",\"@id\":\"https:\\\/\\\/eyebrowtracer.com\\\/#website\",\"url\":\"https:\\\/\\\/eyebrowtracer.com\\\/\",\"name\":\"Eyebrow Tracer\",\"description\":\"Mit dem Eyebrow Tracer man wird schon nur mit drei Handbewegung\",\"potentialAction\":[{\"@type\":\"SearchAction\",\"target\":{\"@type\":\"EntryPoint\",\"urlTemplate\":\"https:\\\/\\\/eyebrowtracer.com\\\/?s={search_term_string}\"},\"query-input\":{\"@type\":\"PropertyValueSpecification\",\"valueRequired\":true,\"valueName\":\"search_term_string\"}}],\"inLanguage\":\"de\"}]}<\/script>\n<!-- \/ Yoast SEO plugin. -->","yoast_head_json":{"title":"Video tutorial - Eyebrow Tracer","description":"Sehen Sie das Video und sehen wie der Eyebrow-tracer funktioniert: Es dauert nur drei einfachen Schritten um die richtige Gestaltung der Augenbraue mit diese revolution\u00e4ren Werkzeug zeichnen.","robots":{"index":"index","follow":"follow","max-snippet":"max-snippet:-1","max-image-preview":"max-image-preview:large","max-video-preview":"max-video-preview:-1"},"canonical":"https:\/\/eyebrowtracer.com\/de\/video-tutorial\/","og_locale":"de_DE","og_type":"article","og_title":"Video tutorial - Eyebrow Tracer","og_description":"Sehen Sie das Video und sehen wie der Eyebrow-tracer funktioniert: Es dauert nur drei einfachen Schritten um die richtige Gestaltung der Augenbraue mit diese revolution\u00e4ren Werkzeug zeichnen.","og_url":"https:\/\/eyebrowtracer.com\/de\/video-tutorial\/","og_site_name":"Eyebrow Tracer","article_modified_time":"2022-11-20T15:47:37+00:00","twitter_misc":{"Gesch\u00e4tzte Lesezeit":"2\u00a0Minuten"},"schema":{"@context":"https:\/\/schema.org","@graph":[{"@type":"WebPage","@id":"https:\/\/eyebrowtracer.com\/de\/video-tutorial\/","url":"https:\/\/eyebrowtracer.com\/de\/video-tutorial\/","name":"Video tutorial - Eyebrow Tracer","isPartOf":{"@id":"https:\/\/eyebrowtracer.com\/#website"},"datePublished":"2014-04-04T12:51:47+00:00","dateModified":"2022-11-20T15:47:37+00:00","description":"Sehen Sie das Video und sehen wie der Eyebrow-tracer funktioniert: Es dauert nur drei einfachen Schritten um die richtige Gestaltung der Augenbraue mit diese revolution\u00e4ren Werkzeug zeichnen.","breadcrumb":{"@id":"https:\/\/eyebrowtracer.com\/de\/video-tutorial\/#breadcrumb"},"inLanguage":"de","potentialAction":[{"@type":"ReadAction","target":["https:\/\/eyebrowtracer.com\/de\/video-tutorial\/"]}]},{"@type":"BreadcrumbList","@id":"https:\/\/eyebrowtracer.com\/de\/video-tutorial\/#breadcrumb","itemListElement":[{"@type":"ListItem","position":1,"name":"Home","item":"https:\/\/eyebrowtracer.com\/de\/"},{"@type":"ListItem","position":2,"name":"Video tutorial"}]},{"@type":"WebSite","@id":"https:\/\/eyebrowtracer.com\/#website","url":"https:\/\/eyebrowtracer.com\/","name":"Eyebrow Tracer","description":"Mit dem Eyebrow Tracer man wird schon nur mit drei Handbewegung","potentialAction":[{"@type":"SearchAction","target":{"@type":"EntryPoint","urlTemplate":"https:\/\/eyebrowtracer.com\/?s={search_term_string}"},"query-input":{"@type":"PropertyValueSpecification","valueRequired":true,"valueName":"search_term_string"}}],"inLanguage":"de"}]}},"_links":{"self":[{"href":"https:\/\/eyebrowtracer.com\/de\/wp-json\/wp\/v2\/pages\/795","targetHints":{"allow":["GET"]}}],"collection":[{"href":"https:\/\/eyebrowtracer.com\/de\/wp-json\/wp\/v2\/pages"}],"about":[{"href":"https:\/\/eyebrowtracer.com\/de\/wp-json\/wp\/v2\/types\/page"}],"author":[{"embeddable":true,"href":"https:\/\/eyebrowtracer.com\/de\/wp-json\/wp\/v2\/users\/2"}],"replies":[{"embeddable":true,"href":"https:\/\/eyebrowtracer.com\/de\/wp-json\/wp\/v2\/comments?post=795"}],"version-history":[{"count":11,"href":"https:\/\/eyebrowtracer.com\/de\/wp-json\/wp\/v2\/pages\/795\/revisions"}],"predecessor-version":[{"id":9334,"href":"https:\/\/eyebrowtracer.com\/de\/wp-json\/wp\/v2\/pages\/795\/revisions\/9334"}],"wp:attachment":[{"href":"https:\/\/eyebrowtracer.com\/de\/wp-json\/wp\/v2\/media?parent=795"}],"curies":[{"name":"wp","href":"https:\/\/api.w.org\/{rel}","templated":true}]}}